{"id":10762,"date":"2025-12-10T11:51:34","date_gmt":"2025-12-10T10:51:03","guid":{"rendered":"https:\/\/www.geodaesie-sachsen.de\/?page_id=10762"},"modified":"2025-12-15T14:50:13","modified_gmt":"2025-12-15T13:50:13","slug":"markscheidewesen","status":"publish","type":"page","link":"https:\/\/www.geodaesie-sachsen.de\/?page_id=10762","title":{"rendered":"Markscheidewesen"},"content":{"rendered":"\t\t<div data-elementor-type=\"wp-page\" data-elementor-id=\"10762\" class=\"elementor elementor-10762\" data-elementor-post-type=\"page\">\n\t\t\t\t<div class=\"elementor-element elementor-element-a706050 e-flex e-con-boxed e-con e-parent\" data-id=\"a706050\" data-element_type=\"container\" data-e-type=\"container\">\n\t\t\t\t\t<div class=\"e-con-inner\">\n\t\t<div class=\"elementor-element elementor-element-99a2b8d e-con-full e-flex e-con e-child\" data-id=\"99a2b8d\" data-element_type=\"container\" data-e-type=\"container\">\n\t\t\t\t<div class=\"elementor-element elementor-element-6de64c9 elementor-widget elementor-widget-heading\" data-id=\"6de64c9\" data-element_type=\"widget\" data-e-type=\"widget\" data-widget_type=\"heading.default\">\n\t\t\t\t<div class=\"elementor-widget-container\">\n\t\t\t\t\t<h1 class=\"elementor-heading-title elementor-size-default\">Markscheidewesen.<\/h1>\t\t\t\t<\/div>\n\t\t\t\t<\/div>\n\t\t\t\t<\/div>\n\t\t\t\t\t<\/div>\n\t\t\t\t<\/div>\n\t\t<div class=\"elementor-element elementor-element-bbecb3b e-flex e-con-boxed e-con e-parent\" data-id=\"bbecb3b\" data-element_type=\"container\" data-e-type=\"container\">\n\t\t\t\t\t<div class=\"e-con-inner\">\n\t\t<div class=\"elementor-element elementor-element-fdba33e e-con-full e-flex e-con e-child\" data-id=\"fdba33e\" data-element_type=\"container\" data-e-type=\"container\">\n\t\t\t\t<div class=\"elementor-element elementor-element-aae4833 elementor-widget elementor-widget-image\" data-id=\"aae4833\" data-element_type=\"widget\" data-e-type=\"widget\" data-widget_type=\"image.default\">\n\t\t\t\t<div class=\"elementor-widget-container\">\n\t\t\t\t\t\t\t\t\t\t\t\t\t\t\t<img alt=\"\" fetchpriority=\"high\" decoding=\"async\" width=\"1920\" height=\"1282\" src=\"https:\/\/www.geodaesie-sachsen.de\/wp-content\/uploads\/2025\/12\/markscheidewesen_1.jpg\" class=\"attachment-full size-full wp-image-11066\" alt=\"\" srcset=\"https:\/\/www.geodaesie-sachsen.de\/wp-content\/uploads\/2025\/12\/markscheidewesen_1.jpg 1920w, https:\/\/www.geodaesie-sachsen.de\/wp-content\/uploads\/2025\/12\/markscheidewesen_1-300x200.jpg 300w, https:\/\/www.geodaesie-sachsen.de\/wp-content\/uploads\/2025\/12\/markscheidewesen_1-1024x684.jpg 1024w, https:\/\/www.geodaesie-sachsen.de\/wp-content\/uploads\/2025\/12\/markscheidewesen_1-768x513.jpg 768w, https:\/\/www.geodaesie-sachsen.de\/wp-content\/uploads\/2025\/12\/markscheidewesen_1-1536x1026.jpg 1536w\" sizes=\"(max-width: 1920px) 100vw, 1920px\" \/>\t\t\t\t\t\t\t\t\t\t\t\t\t\t\t<\/div>\n\t\t\t\t<\/div>\n\t\t\t\t<div class=\"elementor-element elementor-element-62d2d29 elementor-widget elementor-widget-text-editor\" data-id=\"62d2d29\" data-element_type=\"widget\" data-e-type=\"widget\" data-widget_type=\"text-editor.default\">\n\t\t\t\t<div class=\"elementor-widget-container\">\n\t\t\t\t\t\t\t\t\t<p>Wie finden wir in der Tiefe der Erde zu den wertvollen Ressourcen f\u00fcr zuk\u00fcnftige Energie- und Rohstoffversorgung? Wie kommen Menschen beim Bau eines Tunnels an der richtigen Stelle heraus? Wie k\u00f6nnen Menschen sicher in untert\u00e4gigen Hohlr\u00e4umen, in \u00fcbert\u00e4gigen Bergbaubetrieben sowie im Tunnelbau arbeiten?<\/p><p>Mit Hilfe des Markscheidewesens!<\/p>\t\t\t\t\t\t\t\t<\/div>\n\t\t\t\t<\/div>\n\t\t\t\t<\/div>\n\t\t\t\t\t<\/div>\n\t\t\t\t<\/div>\n\t\t<div class=\"elementor-element elementor-element-dcd2bbb e-flex e-con-boxed e-con e-parent\" data-id=\"dcd2bbb\" data-element_type=\"container\" data-e-type=\"container\">\n\t\t\t\t\t<div class=\"e-con-inner\">\n\t\t\t\t<div class=\"elementor-element elementor-element-131fb6b elementor-absolute elementor-widget elementor-widget-image\" data-id=\"131fb6b\" data-element_type=\"widget\" data-e-type=\"widget\" data-settings=\"{&quot;_position&quot;:&quot;absolute&quot;}\" data-widget_type=\"image.default\">\n\t\t\t\t<div class=\"elementor-widget-container\">\n\t\t\t\t\t\t\t\t\t\t\t\t\t\t\t<img alt=\"\" decoding=\"async\" width=\"589\" height=\"545\" src=\"https:\/\/www.geodaesie-sachsen.de\/wp-content\/uploads\/2023\/05\/Polygon-9.png\" class=\"attachment-full size-full wp-image-522\" alt=\"\" \/>\t\t\t\t\t\t\t\t\t\t\t\t\t\t\t<\/div>\n\t\t\t\t<\/div>\n\t\t<div class=\"elementor-element elementor-element-9051a2e e-con-full e-flex e-con e-child\" data-id=\"9051a2e\" data-element_type=\"container\" data-e-type=\"container\">\n\t\t\t\t<div class=\"elementor-element elementor-element-a0781d5 elementor-widget elementor-widget-heading\" data-id=\"a0781d5\" data-element_type=\"widget\" data-e-type=\"widget\" data-widget_type=\"heading.default\">\n\t\t\t\t<div class=\"elementor-widget-container\">\n\t\t\t\t\t<h4 class=\"elementor-heading-title elementor-size-default\">Doch was bedeutet das Wort Markscheidewesen?<\/h4>\t\t\t\t<\/div>\n\t\t\t\t<\/div>\n\t\t\t\t<div class=\"elementor-element elementor-element-b3ebc1f elementor-widget elementor-widget-text-editor\" data-id=\"b3ebc1f\" data-element_type=\"widget\" data-e-type=\"widget\" data-widget_type=\"text-editor.default\">\n\t\t\t\t<div class=\"elementor-widget-container\">\n\t\t\t\t\t\t\t\t\t<div class=\"et_pb_module et_pb_post_content et_pb_post_content_0_tb_body\"><p>Das Markscheidewesen ist eine Ingenieursdisziplin des Bergbaus, die vom Beginn eines Projekts \u00fcber den aktiven Betrieb bis nach der Stilllegung notwendig ist und sich kontinuierlich weiterentwickelt hat.<\/p><p>Historische Aufgabe der Markscheider war es, die Grenzen (= \u201eMarken&#8220;) verliehener Bergbauberechtigungen festzulegen und dadurch konkurrierende Bergbautreibende zu trennen (= \u201escheiden&#8220;). Sie verma\u00dfen die bergm\u00e4nnisch hergestellten Hohlr\u00e4ume und erfassten die Lagerst\u00e4tte mit dem Ziel, die laufenden bergbaulichen Aktivit\u00e4ten in Karten und Rissen zu dokumentieren.<\/p><p>Im klassischen Bergbau bedeutet Markscheidewesen die Vermessung des Grubengeb\u00e4udes, die Erfassung von Lagerst\u00e4tten, die Koordination und Fortf\u00fchrung der Geoinformationen sowie die F\u00fchrung von Karten und Rissen, welche f\u00fcr die Dokumentation des Bergbaubetriebes unerl\u00e4sslich sind.<\/p><p>Nach der Schlie\u00dfung eines Bergwerks sind sowohl unter Tage als auch dar\u00fcber umfangreiche Ma\u00dfnahmen zur Sicherung und Wiedernutzbarmachung sowie Konzepte zur Folgenutzung erforderlich. Neben aktivem Berg- und Tagebau ist somit der Altbergbau, d.h. der Bergbau vergangener Zeiten, eine ebenso wichtige markscheiderische Aufgabe.<\/p><p>Geodatenerfassung, -auswertung, Modellierung und animierte 3D-Visualisierung im Bereich der Energie- und Rohstoffwirtschaft als auch die Nachsorge sind Kernaufgaben des Markscheidewesens von heute. Dabei werden Methoden der Geod\u00e4sie, des Geomonitorings und der Geoinformatik angewendet. Ebenfalls ist eine fach\u00fcbergreifende Zusammenarbeit mit Bergbauingenieuren, Geotechnikern, Geologen sowie anderen Fachingenieuren unerl\u00e4sslich.<\/p><\/div>\t\t\t\t\t\t\t\t<\/div>\n\t\t\t\t<\/div>\n\t\t\t\t<div class=\"elementor-element elementor-element-40231c4 elementor-widget elementor-widget-image\" data-id=\"40231c4\" data-element_type=\"widget\" data-e-type=\"widget\" data-widget_type=\"image.default\">\n\t\t\t\t<div class=\"elementor-widget-container\">\n\t\t\t\t\t\t\t\t\t\t\t\t\t\t\t<img alt=\"\" decoding=\"async\" width=\"1920\" height=\"1282\" src=\"https:\/\/www.geodaesie-sachsen.de\/wp-content\/uploads\/2025\/12\/markscheidewesen_2.jpg\" class=\"attachment-full size-full wp-image-11069\" alt=\"\" srcset=\"https:\/\/www.geodaesie-sachsen.de\/wp-content\/uploads\/2025\/12\/markscheidewesen_2.jpg 1920w, https:\/\/www.geodaesie-sachsen.de\/wp-content\/uploads\/2025\/12\/markscheidewesen_2-300x200.jpg 300w, https:\/\/www.geodaesie-sachsen.de\/wp-content\/uploads\/2025\/12\/markscheidewesen_2-1024x684.jpg 1024w, https:\/\/www.geodaesie-sachsen.de\/wp-content\/uploads\/2025\/12\/markscheidewesen_2-768x513.jpg 768w, https:\/\/www.geodaesie-sachsen.de\/wp-content\/uploads\/2025\/12\/markscheidewesen_2-1536x1026.jpg 1536w\" sizes=\"(max-width: 1920px) 100vw, 1920px\" \/>\t\t\t\t\t\t\t\t\t\t\t\t\t\t\t<\/div>\n\t\t\t\t<\/div>\n\t\t\t\t<\/div>\n\t\t\t\t\t<\/div>\n\t\t\t\t<\/div>\n\t\t<div class=\"elementor-element elementor-element-12065b3 e-flex e-con-boxed e-con e-parent\" data-id=\"12065b3\" data-element_type=\"container\" data-e-type=\"container\">\n\t\t\t\t\t<div class=\"e-con-inner\">\n\t\t<div class=\"elementor-element elementor-element-d169eed e-con-full e-flex e-con e-child\" data-id=\"d169eed\" data-element_type=\"container\" data-e-type=\"container\">\n\t\t\t\t<div class=\"elementor-element elementor-element-606c632 elementor-widget elementor-widget-text-editor\" data-id=\"606c632\" data-element_type=\"widget\" data-e-type=\"widget\" data-widget_type=\"text-editor.default\">\n\t\t\t\t<div class=\"elementor-widget-container\">\n\t\t\t\t\t\t\t\t\t<p>Interesse geweckt? Dann lies gern weiter auf den Seiten des Deutschen Markscheider-Vereins (DMV):<\/p>\t\t\t\t\t\t\t\t<\/div>\n\t\t\t\t<\/div>\n\t\t\t\t<div class=\"elementor-element elementor-element-9253719 elementor-align-right elementor-widget elementor-widget-button\" data-id=\"9253719\" data-element_type=\"widget\" data-e-type=\"widget\" data-widget_type=\"button.default\">\n\t\t\t\t<div class=\"elementor-widget-container\">\n\t\t\t\t\t\t\t\t\t<div class=\"elementor-button-wrapper\">\n\t\t\t\t\t<a class=\"elementor-button elementor-button-link elementor-size-sm\" href=\"https:\/\/www.dmv-ev.de\" target=\"_blank\">\n\t\t\t\t\t\t<span class=\"elementor-button-content-wrapper\">\n\t\t\t\t\t\t\t\t\t<span class=\"elementor-button-text\">weiterlesen<\/span>\n\t\t\t\t\t<\/span>\n\t\t\t\t\t<\/a>\n\t\t\t\t<\/div>\n\t\t\t\t\t\t\t\t<\/div>\n\t\t\t\t<\/div>\n\t\t\t\t<\/div>\n\t\t\t\t\t<\/div>\n\t\t\t\t<\/div>\n\t\t\t\t<\/div>\n\t\t","protected":false},"excerpt":{"rendered":"<p>Markscheidewesen. Wie finden wir in der Tiefe der Erde zu den wertvollen Ressourcen f\u00fcr zuk\u00fcnftige Energie- und Rohstoffversorgung? Wie kommen Menschen beim Bau eines Tunnels an der richtigen Stelle heraus? Wie k\u00f6nnen Menschen sicher in untert\u00e4gigen Hohlr\u00e4umen, in \u00fcbert\u00e4gigen Bergbaubetrieben sowie im Tunnelbau arbeiten? Mit Hilfe des Markscheidewesens! Doch was bedeutet das Wort Markscheidewesen? Das [&hellip;]<\/p>\n","protected":false},"author":2,"featured_media":0,"parent":0,"menu_order":7,"comment_status":"closed","ping_status":"closed","template":"","meta":{"_seopress_robots_primary_cat":"","_seopress_titles_title":"","_seopress_titles_desc":"","_seopress_robots_index":"","footnotes":""},"class_list":["post-10762","page","type-page","status-publish","hentry"],"_links":{"self":[{"href":"https:\/\/www.geodaesie-sachsen.de\/index.php?rest_route=\/wp\/v2\/pages\/10762","targetHints":{"allow":["GET"]}}],"collection":[{"href":"https:\/\/www.geodaesie-sachsen.de\/index.php?rest_route=\/wp\/v2\/pages"}],"about":[{"href":"https:\/\/www.geodaesie-sachsen.de\/index.php?rest_route=\/wp\/v2\/types\/page"}],"author":[{"embeddable":true,"href":"https:\/\/www.geodaesie-sachsen.de\/index.php?rest_route=\/wp\/v2\/users\/2"}],"replies":[{"embeddable":true,"href":"https:\/\/www.geodaesie-sachsen.de\/index.php?rest_route=%2Fwp%2Fv2%2Fcomments&post=10762"}],"version-history":[{"count":13,"href":"https:\/\/www.geodaesie-sachsen.de\/index.php?rest_route=\/wp\/v2\/pages\/10762\/revisions"}],"predecessor-version":[{"id":11087,"href":"https:\/\/www.geodaesie-sachsen.de\/index.php?rest_route=\/wp\/v2\/pages\/10762\/revisions\/11087"}],"wp:attachment":[{"href":"https:\/\/www.geodaesie-sachsen.de\/index.php?rest_route=%2Fwp%2Fv2%2Fmedia&parent=10762"}],"curies":[{"name":"wp","href":"https:\/\/api.w.org\/{rel}","templated":true}]}}