{"id":10786,"date":"2025-12-10T12:09:20","date_gmt":"2025-12-10T11:09:20","guid":{"rendered":"https:\/\/www.geodaesie-sachsen.de\/?page_id=10786"},"modified":"2025-12-29T10:14:30","modified_gmt":"2025-12-29T09:14:30","slug":"aktionstag-geodaesie","status":"publish","type":"page","link":"https:\/\/www.geodaesie-sachsen.de\/?page_id=10786","title":{"rendered":"Aktionstag Geod\u00e4sie"},"content":{"rendered":"\t\t<div data-elementor-type=\"wp-page\" data-elementor-id=\"10786\" class=\"elementor elementor-10786\" data-elementor-post-type=\"page\">\n\t\t\t\t<div class=\"elementor-element elementor-element-8b56fef e-flex e-con-boxed e-con e-parent\" data-id=\"8b56fef\" data-element_type=\"container\" data-e-type=\"container\">\n\t\t\t\t\t<div class=\"e-con-inner\">\n\t\t<div class=\"elementor-element elementor-element-d4bc626 e-con-full e-flex e-con e-child\" data-id=\"d4bc626\" data-element_type=\"container\" data-e-type=\"container\">\n\t\t\t\t<div class=\"elementor-element elementor-element-9e18d18 elementor-widget elementor-widget-heading\" data-id=\"9e18d18\" data-element_type=\"widget\" data-e-type=\"widget\" data-widget_type=\"heading.default\">\n\t\t\t\t<div class=\"elementor-widget-container\">\n\t\t\t\t\t<h1 class=\"elementor-heading-title elementor-size-default\">2. Aktionstag Geod\u00e4sie<\/h1>\t\t\t\t<\/div>\n\t\t\t\t<\/div>\n\t\t\t\t<\/div>\n\t\t\t\t\t<\/div>\n\t\t\t\t<\/div>\n\t\t<div class=\"elementor-element elementor-element-75a7b8f e-flex e-con-boxed e-con e-parent\" data-id=\"75a7b8f\" data-element_type=\"container\" data-e-type=\"container\">\n\t\t\t\t\t<div class=\"e-con-inner\">\n\t\t<div class=\"elementor-element elementor-element-559d896 e-con-full e-flex e-con e-child\" data-id=\"559d896\" data-element_type=\"container\" data-e-type=\"container\">\n\t\t\t\t<div class=\"elementor-element elementor-element-10865a6 elementor-widget elementor-widget-text-editor\" data-id=\"10865a6\" data-element_type=\"widget\" data-e-type=\"widget\" data-widget_type=\"text-editor.default\">\n\t\t\t\t<div class=\"elementor-widget-container\">\n\t\t\t\t\t\t\t\t\t<div class=\"et_pb_module et_pb_text et_pb_text_0 et_pb_text_align_left et_pb_bg_layout_light\"><p><span data-olk-copy-source=\"MessageBody\">Der n\u00e4chste Aktionstag Geod\u00e4sie findet am <strong>1.7.2026 von 9:00 <\/strong><\/span><strong><span lang=\"EN-US\"><span data-olk-copy-source=\"MessageBody\">\u2013<\/span><\/span>14:30<\/strong> Uhr im Au\u00dfenbereich des Vermessungs- und Flurneuordnungsamt in Kamenz statt. Den Aktionstag organisiert das S\u00e4chsische Staatsministerium f\u00fcr Infrastruktur und Landesentwicklung gemeinsam mit dem Landratsamt Bautzen.<\/p><\/div>\t\t\t\t\t\t\t\t<\/div>\n\t\t\t\t<\/div>\n\t\t\t\t<\/div>\n\t\t\t\t\t<\/div>\n\t\t\t\t<\/div>\n\t\t<div class=\"elementor-element elementor-element-ba77843 e-flex e-con-boxed e-con e-parent\" data-id=\"ba77843\" data-element_type=\"container\" data-e-type=\"container\">\n\t\t\t\t\t<div class=\"e-con-inner\">\n\t\t<div class=\"elementor-element elementor-element-d422a7b e-con-full e-flex e-con e-child\" data-id=\"d422a7b\" data-element_type=\"container\" data-e-type=\"container\">\n\t\t\t\t<div class=\"elementor-element elementor-element-d0ee0d7 elementor-widget elementor-widget-image\" data-id=\"d0ee0d7\" data-element_type=\"widget\" data-e-type=\"widget\" data-widget_type=\"image.default\">\n\t\t\t\t<div class=\"elementor-widget-container\">\n\t\t\t\t\t\t\t\t\t\t\t\t\t\t\t<img alt=\"\" fetchpriority=\"high\" decoding=\"async\" width=\"800\" height=\"534\" src=\"https:\/\/www.geodaesie-sachsen.de\/wp-content\/uploads\/2025\/12\/20250623_Aktionstag_Geodaesie_KM_0010_rdax_1760x1176_87s-1024x684.jpg\" class=\"attachment-large size-large wp-image-10853\" alt=\"\" srcset=\"https:\/\/www.geodaesie-sachsen.de\/wp-content\/uploads\/2025\/12\/20250623_Aktionstag_Geodaesie_KM_0010_rdax_1760x1176_87s-1024x684.jpg 1024w, https:\/\/www.geodaesie-sachsen.de\/wp-content\/uploads\/2025\/12\/20250623_Aktionstag_Geodaesie_KM_0010_rdax_1760x1176_87s-300x200.jpg 300w, https:\/\/www.geodaesie-sachsen.de\/wp-content\/uploads\/2025\/12\/20250623_Aktionstag_Geodaesie_KM_0010_rdax_1760x1176_87s-768x513.jpg 768w, https:\/\/www.geodaesie-sachsen.de\/wp-content\/uploads\/2025\/12\/20250623_Aktionstag_Geodaesie_KM_0010_rdax_1760x1176_87s-1536x1026.jpg 1536w, https:\/\/www.geodaesie-sachsen.de\/wp-content\/uploads\/2025\/12\/20250623_Aktionstag_Geodaesie_KM_0010_rdax_1760x1176_87s.jpg 1760w\" sizes=\"(max-width: 800px) 100vw, 800px\" \/>\t\t\t\t\t\t\t\t\t\t\t\t\t\t\t<\/div>\n\t\t\t\t<\/div>\n\t\t\t\t<div class=\"elementor-element elementor-element-a27b3d4 elementor-widget elementor-widget-text-editor\" data-id=\"a27b3d4\" data-element_type=\"widget\" data-e-type=\"widget\" data-widget_type=\"text-editor.default\">\n\t\t\t\t<div class=\"elementor-widget-container\">\n\t\t\t\t\t\t\t\t\t<p>Ein Foto vom Aktionstag 2025 in Dresden<\/p>\t\t\t\t\t\t\t\t<\/div>\n\t\t\t\t<\/div>\n\t\t\t\t<div class=\"elementor-element elementor-element-513a764 elementor-align-left elementor-widget elementor-widget-button\" data-id=\"513a764\" data-element_type=\"widget\" data-e-type=\"widget\" data-widget_type=\"button.default\">\n\t\t\t\t<div class=\"elementor-widget-container\">\n\t\t\t\t\t\t\t\t\t<div class=\"elementor-button-wrapper\">\n\t\t\t\t\t<a class=\"elementor-button elementor-button-link elementor-size-sm\" href=\"https:\/\/www.geodaesie-sachsen.de?page_id=10886\" target=\"_blank\">\n\t\t\t\t\t\t<span class=\"elementor-button-content-wrapper\">\n\t\t\t\t\t\t\t\t\t<span class=\"elementor-button-text\">Aktionstag Geod\u00e4sie \u2012 R\u00fcckblick<\/span>\n\t\t\t\t\t<\/span>\n\t\t\t\t\t<\/a>\n\t\t\t\t<\/div>\n\t\t\t\t\t\t\t\t<\/div>\n\t\t\t\t<\/div>\n\t\t\t\t<\/div>\n\t\t\t\t\t<\/div>\n\t\t\t\t<\/div>\n\t\t<div class=\"elementor-element elementor-element-1f0c387 e-flex e-con-boxed e-con e-parent\" data-id=\"1f0c387\" data-element_type=\"container\" data-e-type=\"container\">\n\t\t\t\t\t<div class=\"e-con-inner\">\n\t\t<div class=\"elementor-element elementor-element-ddd69f6 e-con-full e-flex e-con e-child\" data-id=\"ddd69f6\" data-element_type=\"container\" data-e-type=\"container\">\n\t\t\t\t<div class=\"elementor-element elementor-element-78698b7 elementor-widget elementor-widget-text-editor\" data-id=\"78698b7\" data-element_type=\"widget\" data-e-type=\"widget\" data-widget_type=\"text-editor.default\">\n\t\t\t\t<div class=\"elementor-widget-container\">\n\t\t\t\t\t\t\t\t\t<div class=\"et_pb_module et_pb_text et_pb_text_0 et_pb_text_align_left et_pb_bg_layout_light\"><div class=\"et_pb_text_inner\"><p><b><span data-contrast=\"auto\">Hier geht es zur Anmeldung:<\/span><\/b><span data-ccp-props=\"{}\">\u00a0<\/span><\/p><p><span data-contrast=\"auto\">Geben Sie bei der Anmeldung bitte auch die Anzahl der Sch\u00fcler:innen und die Anzahl der begleitenden Personen an.<\/span><span data-ccp-props=\"{}\">\u00a0<\/span><\/p><\/div><\/div>\t\t\t\t\t\t\t\t<\/div>\n\t\t\t\t<\/div>\n\t\t\t\t<div class=\"elementor-element elementor-element-0311a74 elementor-align-left elementor-widget elementor-widget-button\" data-id=\"0311a74\" data-element_type=\"widget\" data-e-type=\"widget\" data-widget_type=\"button.default\">\n\t\t\t\t<div class=\"elementor-widget-container\">\n\t\t\t\t\t\t\t\t\t<div class=\"elementor-button-wrapper\">\n\t\t\t\t\t<a class=\"elementor-button elementor-button-link elementor-size-sm\" href=\"https:\/\/buergerbeteiligung.sachsen.de\/portal\/smil\/beteiligung\/themen\/1056430\" target=\"_blank\">\n\t\t\t\t\t\t<span class=\"elementor-button-content-wrapper\">\n\t\t\t\t\t\t\t\t\t<span class=\"elementor-button-text\">zur Anmeldung<\/span>\n\t\t\t\t\t<\/span>\n\t\t\t\t\t<\/a>\n\t\t\t\t<\/div>\n\t\t\t\t\t\t\t\t<\/div>\n\t\t\t\t<\/div>\n\t\t\t\t<\/div>\n\t\t\t\t\t<\/div>\n\t\t\t\t<\/div>\n\t\t<div class=\"elementor-element elementor-element-27026ef e-flex e-con-boxed e-con e-parent\" data-id=\"27026ef\" data-element_type=\"container\" data-e-type=\"container\">\n\t\t\t\t\t<div class=\"e-con-inner\">\n\t\t<div class=\"elementor-element elementor-element-2233a20 e-con-full e-flex e-con e-child\" data-id=\"2233a20\" data-element_type=\"container\" data-e-type=\"container\">\n\t\t\t\t<div class=\"elementor-element elementor-element-7c3953e elementor-widget elementor-widget-text-editor\" data-id=\"7c3953e\" data-element_type=\"widget\" data-e-type=\"widget\" data-widget_type=\"text-editor.default\">\n\t\t\t\t<div class=\"elementor-widget-container\">\n\t\t\t\t\t\t\t\t\t<div class=\"et_pb_module et_pb_text et_pb_text_0 et_pb_text_align_left et_pb_bg_layout_light\"><div class=\"et_pb_text_inner\"><p><strong>Programm:<\/strong><\/p><p>9:00 Uhr Einlass<\/p><p>9:30 Uhr Beginn<\/p><p>Er\u00f6ffnungsveranstaltung<\/p><p>Geod\u00e4sie-Parcours<\/p><p>14:30 Uhr voraussichtliches Ende<\/p><p>\u00a0<\/p><p><b><span data-contrast=\"auto\">Weitere Informationen:<\/span><\/b><\/p><ul><li><span data-olk-copy-source=\"MessageBody\">Aktuell haben sich f\u00fcr den Aktionstag bereits 200 Sch\u00fcler:innen angemeldet. Es gibt noch Restpl\u00e4tze.<\/span><\/li><li>Wir haben 21 verschiedene Mitmach-Stationen von verschiedenen Partnern aus Verwaltung, Wirtschaft und Wissenschaft. Mit dabei sind: das Landesamt f\u00fcr Geobasisinformation Sachsen, die untere Vermessungsbeh\u00f6rde und die obere Flurbereinigungsbeh\u00f6rde Bautzen, die unteren Vermessungsbeh\u00f6rden aus Mei\u00dfen, Mittelsachsen und G\u00f6rlitz, die \u00d6ffentlich bestellten Vermessungsingenieure Peter Boxberger und Christian Martak, das Bundesamt f\u00fcr Kartographie und Geod\u00e4sie, die LISt, die TU Dresden, die HTW Dresden, TU Bergakademie Freiberg, M.O.S.S. Computer Grafik Systeme GmbH, die GEO-METRIK-Ingenieurgesellschaft mbH Dresden sowie AllTerra Deutschland GmbH.<\/li><\/ul><\/div><\/div>\t\t\t\t\t\t\t\t<\/div>\n\t\t\t\t<\/div>\n\t\t\t\t<\/div>\n\t\t\t\t\t<\/div>\n\t\t\t\t<\/div>\n\t\t<div class=\"elementor-element elementor-element-5331bf3 e-flex e-con-boxed e-con e-parent\" data-id=\"5331bf3\" data-element_type=\"container\" data-e-type=\"container\">\n\t\t\t\t\t<div class=\"e-con-inner\">\n\t\t<div class=\"elementor-element elementor-element-bec99e4 e-con-full e-flex e-con e-child\" data-id=\"bec99e4\" data-element_type=\"container\" data-e-type=\"container\">\n\t\t\t\t<div class=\"elementor-element elementor-element-9f4890e elementor-widget elementor-widget-n-accordion\" data-id=\"9f4890e\" data-element_type=\"widget\" data-e-type=\"widget\" data-settings=\"{&quot;default_state&quot;:&quot;all_collapsed&quot;,&quot;max_items_expended&quot;:&quot;one&quot;,&quot;n_accordion_animation_duration&quot;:{&quot;unit&quot;:&quot;ms&quot;,&quot;size&quot;:400,&quot;sizes&quot;:[]}}\" data-widget_type=\"nested-accordion.default\">\n\t\t\t\t<div class=\"elementor-widget-container\">\n\t\t\t\t\t\t\t<div class=\"e-n-accordion\" aria-label=\"Accordion. Open links with Enter or Space, close with Escape, and navigate with Arrow Keys\">\n\t\t\t\t\t\t<details id=\"e-n-accordion-item-1670\" class=\"e-n-accordion-item\" >\n\t\t\t\t<summary class=\"e-n-accordion-item-title\" data-accordion-index=\"1\" tabindex=\"0\" aria-expanded=\"false\" aria-controls=\"e-n-accordion-item-1670\" >\n\t\t\t\t\t<span class='e-n-accordion-item-title-header'><div class=\"e-n-accordion-item-title-text\"> Was ist Geod\u00e4sie?\u00a0 <\/div><\/span>\n\t\t\t\t\t\t\t<span class='e-n-accordion-item-title-icon'>\n\t\t\t<span class='e-opened' ><svg xmlns=\"http:\/\/www.w3.org\/2000\/svg\" height=\"24\" viewBox=\"0 -960 960 960\" width=\"24\"><path d=\"M200-440v-80h560v80H200Z\"><\/path><\/svg><\/span>\n\t\t\t<span class='e-closed'><svg xmlns=\"http:\/\/www.w3.org\/2000\/svg\" height=\"24\" viewBox=\"0 -960 960 960\" width=\"24\"><path d=\"M440-440H200v-80h240v-240h80v240h240v80H520v240h-80v-240Z\"><\/path><\/svg><\/span>\n\t\t<\/span>\n\n\t\t\t\t\t\t<\/summary>\n\t\t\t\t<div role=\"region\" aria-labelledby=\"e-n-accordion-item-1670\" class=\"elementor-element elementor-element-2749220 e-con-full e-flex e-con e-child\" data-id=\"2749220\" data-element_type=\"container\" data-e-type=\"container\">\n\t\t\t\t<div class=\"elementor-element elementor-element-5767c9d elementor-widget elementor-widget-text-editor\" data-id=\"5767c9d\" data-element_type=\"widget\" data-e-type=\"widget\" data-widget_type=\"text-editor.default\">\n\t\t\t\t<div class=\"elementor-widget-container\">\n\t\t\t\t\t\t\t\t\t<p>Geod\u00e4sie ist \u00fcberall. Sie umgibt uns st\u00e4ndig. Es ist die Wissenschaft von der Vermessung und Darstellung der Erdoberfl\u00e4che. In diesem Berufsfeld vereinen sich alle schulischen MINT-F\u00e4cher: Mathematik, Informatik, Naturwissenschaften und Technik \u2013 sowie dar\u00fcber hinaus die Geografie.<\/p>\t\t\t\t\t\t\t\t<\/div>\n\t\t\t\t<\/div>\n\t\t\t\t<\/div>\n\t\t\t\t\t<\/details>\n\t\t\t\t\t\t<details id=\"e-n-accordion-item-1671\" class=\"e-n-accordion-item\" >\n\t\t\t\t<summary class=\"e-n-accordion-item-title\" data-accordion-index=\"2\" tabindex=\"-1\" aria-expanded=\"false\" aria-controls=\"e-n-accordion-item-1671\" >\n\t\t\t\t\t<span class='e-n-accordion-item-title-header'><div class=\"e-n-accordion-item-title-text\"> Was ist der Aktionstag Geod\u00e4sie? <\/div><\/span>\n\t\t\t\t\t\t\t<span class='e-n-accordion-item-title-icon'>\n\t\t\t<span class='e-opened' ><svg xmlns=\"http:\/\/www.w3.org\/2000\/svg\" height=\"24\" viewBox=\"0 -960 960 960\" width=\"24\"><path d=\"M200-440v-80h560v80H200Z\"><\/path><\/svg><\/span>\n\t\t\t<span class='e-closed'><svg xmlns=\"http:\/\/www.w3.org\/2000\/svg\" height=\"24\" viewBox=\"0 -960 960 960\" width=\"24\"><path d=\"M440-440H200v-80h240v-240h80v240h240v80H520v240h-80v-240Z\"><\/path><\/svg><\/span>\n\t\t<\/span>\n\n\t\t\t\t\t\t<\/summary>\n\t\t\t\t<div role=\"region\" aria-labelledby=\"e-n-accordion-item-1671\" class=\"elementor-element elementor-element-84c105e e-con-full e-flex e-con e-child\" data-id=\"84c105e\" data-element_type=\"container\" data-e-type=\"container\">\n\t\t\t\t<div class=\"elementor-element elementor-element-423e452 elementor-widget elementor-widget-text-editor\" data-id=\"423e452\" data-element_type=\"widget\" data-e-type=\"widget\" data-widget_type=\"text-editor.default\">\n\t\t\t\t<div class=\"elementor-widget-container\">\n\t\t\t\t\t\t\t\t\t<p>Beim Aktionstag Geod\u00e4sie k\u00f6nnen Sch\u00fcler:innen an spannenden Mitmachstationen selbst erleben, was hinter dem vielseitigen Berufsfeld der Geod\u00e4sie steckt.<\/p><p><span data-olk-copy-source=\"MessageBody\">Die Veranstaltung findet einmal im Jahr an wechselnden Orten <\/span>in Sachsen statt und l\u00e4dt Sch\u00fcler:innen dazu ein, ihre Neugier f\u00fcr Technik, Natur und moderne Vermessung zu entdecken <span lang=\"EN-US\">\u2013<\/span> praxisnah, interaktiv und mit Aha-Effekt.<\/p>\t\t\t\t\t\t\t\t<\/div>\n\t\t\t\t<\/div>\n\t\t\t\t<div class=\"elementor-element elementor-element-033d3b6 elementor-align-left elementor-widget elementor-widget-button\" data-id=\"033d3b6\" data-element_type=\"widget\" data-e-type=\"widget\" data-widget_type=\"button.default\">\n\t\t\t\t<div class=\"elementor-widget-container\">\n\t\t\t\t\t\t\t\t\t<div class=\"elementor-button-wrapper\">\n\t\t\t\t\t<a class=\"elementor-button elementor-button-link elementor-size-sm\" href=\"https:\/\/www.geodaesie-sachsen.de?page_id=10886\" target=\"_blank\">\n\t\t\t\t\t\t<span class=\"elementor-button-content-wrapper\">\n\t\t\t\t\t\t\t\t\t<span class=\"elementor-button-text\">Aktionstag 2025<\/span>\n\t\t\t\t\t<\/span>\n\t\t\t\t\t<\/a>\n\t\t\t\t<\/div>\n\t\t\t\t\t\t\t\t<\/div>\n\t\t\t\t<\/div>\n\t\t\t\t<\/div>\n\t\t\t\t\t<\/details>\n\t\t\t\t\t\t<details id=\"e-n-accordion-item-1672\" class=\"e-n-accordion-item\" >\n\t\t\t\t<summary class=\"e-n-accordion-item-title\" data-accordion-index=\"3\" tabindex=\"-1\" aria-expanded=\"false\" aria-controls=\"e-n-accordion-item-1672\" >\n\t\t\t\t\t<span class='e-n-accordion-item-title-header'><div class=\"e-n-accordion-item-title-text\"> An wen richtet sich die Einladung?  <\/div><\/span>\n\t\t\t\t\t\t\t<span class='e-n-accordion-item-title-icon'>\n\t\t\t<span class='e-opened' ><svg xmlns=\"http:\/\/www.w3.org\/2000\/svg\" height=\"24\" viewBox=\"0 -960 960 960\" width=\"24\"><path d=\"M200-440v-80h560v80H200Z\"><\/path><\/svg><\/span>\n\t\t\t<span class='e-closed'><svg xmlns=\"http:\/\/www.w3.org\/2000\/svg\" height=\"24\" viewBox=\"0 -960 960 960\" width=\"24\"><path d=\"M440-440H200v-80h240v-240h80v240h240v80H520v240h-80v-240Z\"><\/path><\/svg><\/span>\n\t\t<\/span>\n\n\t\t\t\t\t\t<\/summary>\n\t\t\t\t<div role=\"region\" aria-labelledby=\"e-n-accordion-item-1672\" class=\"elementor-element elementor-element-e9f9125 e-con-full e-flex e-con e-child\" data-id=\"e9f9125\" data-element_type=\"container\" data-e-type=\"container\">\n\t\t\t\t<div class=\"elementor-element elementor-element-9c9a6f6 elementor-widget elementor-widget-text-editor\" data-id=\"9c9a6f6\" data-element_type=\"widget\" data-e-type=\"widget\" data-widget_type=\"text-editor.default\">\n\t\t\t\t<div class=\"elementor-widget-container\">\n\t\t\t\t\t\t\t\t\t<p>Zielgruppe des Aktionstages Geod\u00e4sie sind Schulklassen der Jahrgangsstufen 9 bis 11 an Oberschulen und Gymnasien in Sachsen mit Interessensschwerpunkt Mathematik, Physik und Geografie.<\/p>\t\t\t\t\t\t\t\t<\/div>\n\t\t\t\t<\/div>\n\t\t\t\t<\/div>\n\t\t\t\t\t<\/details>\n\t\t\t\t\t\t<details id=\"e-n-accordion-item-1673\" class=\"e-n-accordion-item\" >\n\t\t\t\t<summary class=\"e-n-accordion-item-title\" data-accordion-index=\"4\" tabindex=\"-1\" aria-expanded=\"false\" aria-controls=\"e-n-accordion-item-1673\" >\n\t\t\t\t\t<span class='e-n-accordion-item-title-header'><div class=\"e-n-accordion-item-title-text\"> Wie l\u00e4uft der Aktionstag Geod\u00e4sie ab?  <\/div><\/span>\n\t\t\t\t\t\t\t<span class='e-n-accordion-item-title-icon'>\n\t\t\t<span class='e-opened' ><svg xmlns=\"http:\/\/www.w3.org\/2000\/svg\" height=\"24\" viewBox=\"0 -960 960 960\" width=\"24\"><path d=\"M200-440v-80h560v80H200Z\"><\/path><\/svg><\/span>\n\t\t\t<span class='e-closed'><svg xmlns=\"http:\/\/www.w3.org\/2000\/svg\" height=\"24\" viewBox=\"0 -960 960 960\" width=\"24\"><path d=\"M440-440H200v-80h240v-240h80v240h240v80H520v240h-80v-240Z\"><\/path><\/svg><\/span>\n\t\t<\/span>\n\n\t\t\t\t\t\t<\/summary>\n\t\t\t\t<div role=\"region\" aria-labelledby=\"e-n-accordion-item-1673\" class=\"elementor-element elementor-element-ad978f4 e-con-full e-flex e-con e-child\" data-id=\"ad978f4\" data-element_type=\"container\" data-e-type=\"container\">\n\t\t\t\t<div class=\"elementor-element elementor-element-549a6e5 elementor-widget elementor-widget-text-editor\" data-id=\"549a6e5\" data-element_type=\"widget\" data-e-type=\"widget\" data-widget_type=\"text-editor.default\">\n\t\t\t\t<div class=\"elementor-widget-container\">\n\t\t\t\t\t\t\t\t\t<p>An diesem Tag sind alle interessierten Schulklassen und -kurse mit ihren Lehrkr\u00e4ften eingeladen, in Form eines Exkursionstages das spannende und vielseitige Berufsbild Geod\u00e4sie und Vermessungswesen kennenzulernen.<\/p>\t\t\t\t\t\t\t\t<\/div>\n\t\t\t\t<\/div>\n\t\t\t\t<\/div>\n\t\t\t\t\t<\/details>\n\t\t\t\t\t\t<details id=\"e-n-accordion-item-1674\" class=\"e-n-accordion-item\" >\n\t\t\t\t<summary class=\"e-n-accordion-item-title\" data-accordion-index=\"5\" tabindex=\"-1\" aria-expanded=\"false\" aria-controls=\"e-n-accordion-item-1674\" >\n\t\t\t\t\t<span class='e-n-accordion-item-title-header'><div class=\"e-n-accordion-item-title-text\"> Was erwartet die Sch\u00fcler:innen beim Geod\u00e4sie-Parcours?  <\/div><\/span>\n\t\t\t\t\t\t\t<span class='e-n-accordion-item-title-icon'>\n\t\t\t<span class='e-opened' ><svg xmlns=\"http:\/\/www.w3.org\/2000\/svg\" height=\"24\" viewBox=\"0 -960 960 960\" width=\"24\"><path d=\"M200-440v-80h560v80H200Z\"><\/path><\/svg><\/span>\n\t\t\t<span class='e-closed'><svg xmlns=\"http:\/\/www.w3.org\/2000\/svg\" height=\"24\" viewBox=\"0 -960 960 960\" width=\"24\"><path d=\"M440-440H200v-80h240v-240h80v240h240v80H520v240h-80v-240Z\"><\/path><\/svg><\/span>\n\t\t<\/span>\n\n\t\t\t\t\t\t<\/summary>\n\t\t\t\t<div role=\"region\" aria-labelledby=\"e-n-accordion-item-1674\" class=\"elementor-element elementor-element-1d5bd8a e-con-full e-flex e-con e-child\" data-id=\"1d5bd8a\" data-element_type=\"container\" data-e-type=\"container\">\n\t\t\t\t<div class=\"elementor-element elementor-element-0c0d4e6 elementor-widget elementor-widget-text-editor\" data-id=\"0c0d4e6\" data-element_type=\"widget\" data-e-type=\"widget\" data-widget_type=\"text-editor.default\">\n\t\t\t\t<div class=\"elementor-widget-container\">\n\t\t\t\t\t\t\t\t\t<p><span data-contrast=\"auto\">Der Geod\u00e4sie-Parcours findet<\/span><span data-ccp-props=\"{}\"> im Au\u00dfenbereich des Vermessungs- und Flurneurodnungsamt in Kamenz statt. <\/span><\/p><p><span data-contrast=\"auto\">Hier erwartet die Sch\u00fcler:innen ein abwechslungsreiches und spannendes Programm rund um die Geod\u00e4sie<\/span> &#8211; ein Tag mit vielen Stationen. Weitere Details werden an gleicher Stelle im Januar 2026 bekanntgegeben.<\/p><p><span data-contrast=\"auto\">Mit dabei sind unsere Partner aus vielen Bereichen des \u00f6ffentlichen Lebens.<\/span><\/p>\t\t\t\t\t\t\t\t<\/div>\n\t\t\t\t<\/div>\n\t\t\t\t<\/div>\n\t\t\t\t\t<\/details>\n\t\t\t\t\t<\/div>\n\t\t\t\t\t\t<\/div>\n\t\t\t\t<\/div>\n\t\t\t\t<\/div>\n\t\t\t\t\t<\/div>\n\t\t\t\t<\/div>\n\t\t\t\t<\/div>\n\t\t","protected":false},"excerpt":{"rendered":"<p>2. Aktionstag Geod\u00e4sie Der n\u00e4chste Aktionstag Geod\u00e4sie findet am 1.7.2026 von 9:00 \u201314:30 Uhr im Au\u00dfenbereich des Vermessungs- und Flurneuordnungsamt in Kamenz statt. Den Aktionstag organisiert das S\u00e4chsische Staatsministerium f\u00fcr Infrastruktur und Landesentwicklung gemeinsam mit dem Landratsamt Bautzen. Ein Foto vom Aktionstag 2025 in Dresden Aktionstag Geod\u00e4sie \u2012 R\u00fcckblick Hier geht es zur Anmeldung:\u00a0 Geben [&hellip;]<\/p>\n","protected":false},"author":455,"featured_media":0,"parent":0,"menu_order":1,"comment_status":"closed","ping_status":"closed","template":"","meta":{"_seopress_robots_primary_cat":"","_seopress_titles_title":"","_seopress_titles_desc":"","_seopress_robots_index":"","footnotes":""},"class_list":["post-10786","page","type-page","status-publish","hentry"],"_links":{"self":[{"href":"https:\/\/www.geodaesie-sachsen.de\/index.php?rest_route=\/wp\/v2\/pages\/10786","targetHints":{"allow":["GET"]}}],"collection":[{"href":"https:\/\/www.geodaesie-sachsen.de\/index.php?rest_route=\/wp\/v2\/pages"}],"about":[{"href":"https:\/\/www.geodaesie-sachsen.de\/index.php?rest_route=\/wp\/v2\/types\/page"}],"author":[{"embeddable":true,"href":"https:\/\/www.geodaesie-sachsen.de\/index.php?rest_route=\/wp\/v2\/users\/455"}],"replies":[{"embeddable":true,"href":"https:\/\/www.geodaesie-sachsen.de\/index.php?rest_route=%2Fwp%2Fv2%2Fcomments&post=10786"}],"version-history":[{"count":50,"href":"https:\/\/www.geodaesie-sachsen.de\/index.php?rest_route=\/wp\/v2\/pages\/10786\/revisions"}],"predecessor-version":[{"id":11834,"href":"https:\/\/www.geodaesie-sachsen.de\/index.php?rest_route=\/wp\/v2\/pages\/10786\/revisions\/11834"}],"wp:attachment":[{"href":"https:\/\/www.geodaesie-sachsen.de\/index.php?rest_route=%2Fwp%2Fv2%2Fmedia&parent=10786"}],"curies":[{"name":"wp","href":"https:\/\/api.w.org\/{rel}","templated":true}]}}