{"id":11430,"date":"2025-12-16T15:45:07","date_gmt":"2025-12-16T14:45:07","guid":{"rendered":"https:\/\/www.geodaesie-sachsen.de\/?page_id=11430"},"modified":"2026-03-26T11:49:45","modified_gmt":"2026-03-26T10:49:45","slug":"alle-veranstaltungen","status":"publish","type":"page","link":"https:\/\/www.geodaesie-sachsen.de\/?page_id=11430","title":{"rendered":"Alle Veranstaltungen"},"content":{"rendered":"\t\t<div data-elementor-type=\"wp-page\" data-elementor-id=\"11430\" class=\"elementor elementor-11430\" data-elementor-post-type=\"page\">\n\t\t\t\t<div class=\"elementor-element elementor-element-6366014 e-flex e-con-boxed e-con e-parent\" data-id=\"6366014\" data-element_type=\"container\" data-e-type=\"container\">\n\t\t\t\t\t<div class=\"e-con-inner\">\n\t\t<div class=\"elementor-element elementor-element-3b4c5e5 e-con-full e-flex e-con e-child\" data-id=\"3b4c5e5\" data-element_type=\"container\" data-e-type=\"container\">\n\t\t\t\t<div class=\"elementor-element elementor-element-838b83b elementor-widget elementor-widget-menu-anchor\" data-id=\"838b83b\" data-element_type=\"widget\" data-e-type=\"widget\" data-widget_type=\"menu-anchor.default\">\n\t\t\t\t<div class=\"elementor-widget-container\">\n\t\t\t\t\t\t\t<div class=\"elementor-menu-anchor\" id=\"Veranstaltungen\"><\/div>\n\t\t\t\t\t\t<\/div>\n\t\t\t\t<\/div>\n\t\t\t\t<div class=\"elementor-element elementor-element-453a67f elementor-widget elementor-widget-heading\" data-id=\"453a67f\" data-element_type=\"widget\" data-e-type=\"widget\" data-widget_type=\"heading.default\">\n\t\t\t\t<div class=\"elementor-widget-container\">\n\t\t\t\t\t<h2 class=\"elementor-heading-title elementor-size-default\">Veranstaltungen in Sachsen rund \nums Thema Geod\u00e4sie.<\/h2>\t\t\t\t<\/div>\n\t\t\t\t<\/div>\n\t\t\t\t<\/div>\n\t\t\t\t\t<\/div>\n\t\t\t\t<\/div>\n\t\t<div class=\"elementor-element elementor-element-94e3b87 e-flex e-con-boxed e-con e-parent\" data-id=\"94e3b87\" data-element_type=\"container\" data-e-type=\"container\">\n\t\t\t\t\t<div class=\"e-con-inner\">\n\t\t<div class=\"elementor-element elementor-element-574cd65 e-con-full e-flex e-con e-child\" data-id=\"574cd65\" data-element_type=\"container\" data-e-type=\"container\">\n\t\t\t\t<div class=\"elementor-element elementor-element-bef18f7 elementor-widget elementor-widget-heading\" data-id=\"bef18f7\" data-element_type=\"widget\" data-e-type=\"widget\" data-widget_type=\"heading.default\">\n\t\t\t\t<div class=\"elementor-widget-container\">\n\t\t\t\t\t<h6 class=\"elementor-heading-title elementor-size-default\">23. April 2026<\/h6>\t\t\t\t<\/div>\n\t\t\t\t<\/div>\n\t\t\t\t<div class=\"elementor-element elementor-element-b1a5d92 elementor-widget elementor-widget-heading\" data-id=\"b1a5d92\" data-element_type=\"widget\" data-e-type=\"widget\" data-widget_type=\"heading.default\">\n\t\t\t\t<div class=\"elementor-widget-container\">\n\t\t\t\t\t<h4 class=\"elementor-heading-title elementor-size-default\">Girls\u2018 Day beim GeoSN in Dresden.<\/h4>\t\t\t\t<\/div>\n\t\t\t\t<\/div>\n\t\t\t\t<div class=\"elementor-element elementor-element-4f12a48 elementor-widget elementor-widget-text-editor\" data-id=\"4f12a48\" data-element_type=\"widget\" data-e-type=\"widget\" data-widget_type=\"text-editor.default\">\n\t\t\t\t<div class=\"elementor-widget-container\">\n\t\t\t\t\t\t\t\t\t<p>Geomatik fetzt: Mit Geocaching und digitalen Karten in die Vermessung starten.<br \/>Dresden<\/p>\t\t\t\t\t\t\t\t<\/div>\n\t\t\t\t<\/div>\n\t\t\t\t<div class=\"elementor-element elementor-element-b570929 elementor-align-left elementor-widget elementor-widget-button\" data-id=\"b570929\" data-element_type=\"widget\" data-e-type=\"widget\" data-widget_type=\"button.default\">\n\t\t\t\t<div class=\"elementor-widget-container\">\n\t\t\t\t\t\t\t\t\t<div class=\"elementor-button-wrapper\">\n\t\t\t\t\t<a class=\"elementor-button elementor-button-link elementor-size-sm\" href=\"https:\/\/www.girls-day.de\/.oO\/Show\/landesamt-fuer-geobasisinformation-sachsen-geosn.1\/dresden\/geomatik-fetzt-mit-geocaching-und-digitalen-karten-in-die-vermessung-starten\" target=\"_blank\">\n\t\t\t\t\t\t<span class=\"elementor-button-content-wrapper\">\n\t\t\t\t\t\t\t\t\t<span class=\"elementor-button-text\">mehr hierzu<\/span>\n\t\t\t\t\t<\/span>\n\t\t\t\t\t<\/a>\n\t\t\t\t<\/div>\n\t\t\t\t\t\t\t\t<\/div>\n\t\t\t\t<\/div>\n\t\t\t\t<div class=\"elementor-element elementor-element-41f0963 elementor-widget elementor-widget-heading\" data-id=\"41f0963\" data-element_type=\"widget\" data-e-type=\"widget\" data-widget_type=\"heading.default\">\n\t\t\t\t<div class=\"elementor-widget-container\">\n\t\t\t\t\t<h6 class=\"elementor-heading-title elementor-size-default\">23. April 2026<\/h6>\t\t\t\t<\/div>\n\t\t\t\t<\/div>\n\t\t\t\t<div class=\"elementor-element elementor-element-f439f83 elementor-widget elementor-widget-heading\" data-id=\"f439f83\" data-element_type=\"widget\" data-e-type=\"widget\" data-widget_type=\"heading.default\">\n\t\t\t\t<div class=\"elementor-widget-container\">\n\t\t\t\t\t<h4 class=\"elementor-heading-title elementor-size-default\">Girls\u2018 Day im Landratsamt Mei\u00dfen.<\/h4>\t\t\t\t<\/div>\n\t\t\t\t<\/div>\n\t\t\t\t<div class=\"elementor-element elementor-element-4fd3156 elementor-widget elementor-widget-text-editor\" data-id=\"4fd3156\" data-element_type=\"widget\" data-e-type=\"widget\" data-widget_type=\"text-editor.default\">\n\t\t\t\t<div class=\"elementor-widget-container\">\n\t\t\t\t\t\t\t\t\t<p>Wir vermessen die Zukunft.<\/p>\t\t\t\t\t\t\t\t<\/div>\n\t\t\t\t<\/div>\n\t\t\t\t<div class=\"elementor-element elementor-element-e462713 elementor-align-left elementor-widget elementor-widget-button\" data-id=\"e462713\" data-element_type=\"widget\" data-e-type=\"widget\" data-widget_type=\"button.default\">\n\t\t\t\t<div class=\"elementor-widget-container\">\n\t\t\t\t\t\t\t\t\t<div class=\"elementor-button-wrapper\">\n\t\t\t\t\t<a class=\"elementor-button elementor-button-link elementor-size-sm\" href=\"https:\/\/www.girls-day.de\/.oO\/Show\/kreisvermessungsamt-landratsamt-meissen\/wir-vermessen-die-zukunft.1\" target=\"_blank\">\n\t\t\t\t\t\t<span class=\"elementor-button-content-wrapper\">\n\t\t\t\t\t\t\t\t\t<span class=\"elementor-button-text\">mehr hierzu<\/span>\n\t\t\t\t\t<\/span>\n\t\t\t\t\t<\/a>\n\t\t\t\t<\/div>\n\t\t\t\t\t\t\t\t<\/div>\n\t\t\t\t<\/div>\n\t\t\t\t<div class=\"elementor-element elementor-element-19a0b00 elementor-widget elementor-widget-heading\" data-id=\"19a0b00\" data-element_type=\"widget\" data-e-type=\"widget\" data-widget_type=\"heading.default\">\n\t\t\t\t<div class=\"elementor-widget-container\">\n\t\t\t\t\t<h4 class=\"elementor-heading-title elementor-size-default\">Jubil\u00e4um in Dresden.<\/h4>\t\t\t\t<\/div>\n\t\t\t\t<\/div>\n\t\t\t\t<div class=\"elementor-element elementor-element-e178cf1 elementor-widget elementor-widget-text-editor\" data-id=\"e178cf1\" data-element_type=\"widget\" data-e-type=\"widget\" data-widget_type=\"text-editor.default\">\n\t\t\t\t<div class=\"elementor-widget-container\">\n\t\t\t\t\t\t\t\t\t<p>150 Jahre Kataster und Geodaten.<\/p><p><a href=\"https:\/\/www.dresden.de\/de\/leben\/stadtportrait\/statistik\/geoinformationen\/jahre-geodaten.php\">150 Jahre Amt f\u00fcr Geodaten und Kataster | Landeshauptstadt Dresden<\/a><\/p>\t\t\t\t\t\t\t\t<\/div>\n\t\t\t\t<\/div>\n\t\t\t\t<div class=\"elementor-element elementor-element-d9c6830 elementor-widget elementor-widget-heading\" data-id=\"d9c6830\" data-element_type=\"widget\" data-e-type=\"widget\" data-widget_type=\"heading.default\">\n\t\t\t\t<div class=\"elementor-widget-container\">\n\t\t\t\t\t<h6 class=\"elementor-heading-title elementor-size-default\">01. Juli 2026<\/h6>\t\t\t\t<\/div>\n\t\t\t\t<\/div>\n\t\t\t\t<div class=\"elementor-element elementor-element-5b433fc elementor-widget elementor-widget-heading\" data-id=\"5b433fc\" data-element_type=\"widget\" data-e-type=\"widget\" data-widget_type=\"heading.default\">\n\t\t\t\t<div class=\"elementor-widget-container\">\n\t\t\t\t\t<h4 class=\"elementor-heading-title elementor-size-default\">Aktionstag Geod\u00e4sie.<\/h4>\t\t\t\t<\/div>\n\t\t\t\t<\/div>\n\t\t\t\t<div class=\"elementor-element elementor-element-7441f7a elementor-widget elementor-widget-text-editor\" data-id=\"7441f7a\" data-element_type=\"widget\" data-e-type=\"widget\" data-widget_type=\"text-editor.default\">\n\t\t\t\t<div class=\"elementor-widget-container\">\n\t\t\t\t\t\t\t\t\t<p>Kamenz<\/p>\t\t\t\t\t\t\t\t<\/div>\n\t\t\t\t<\/div>\n\t\t\t\t<div class=\"elementor-element elementor-element-c898a11 elementor-align-left elementor-widget elementor-widget-button\" data-id=\"c898a11\" data-element_type=\"widget\" data-e-type=\"widget\" data-widget_type=\"button.default\">\n\t\t\t\t<div class=\"elementor-widget-container\">\n\t\t\t\t\t\t\t\t\t<div class=\"elementor-button-wrapper\">\n\t\t\t\t\t<a class=\"elementor-button elementor-button-link elementor-size-sm\" href=\"https:\/\/www.geodaesie-sachsen.de\/wp-content\/uploads\/2025\/10\/Aktionstag-Geodaesie-01.07.2026-in-Kamenz.pdf\" target=\"_blank\">\n\t\t\t\t\t\t<span class=\"elementor-button-content-wrapper\">\n\t\t\t\t\t\t\t\t\t<span class=\"elementor-button-text\">mehr hierzu<\/span>\n\t\t\t\t\t<\/span>\n\t\t\t\t\t<\/a>\n\t\t\t\t<\/div>\n\t\t\t\t\t\t\t\t<\/div>\n\t\t\t\t<\/div>\n\t\t\t\t<\/div>\n\t\t<div class=\"elementor-element elementor-element-01ba47b e-con-full e-flex e-con e-child\" data-id=\"01ba47b\" data-element_type=\"container\" data-e-type=\"container\">\n\t\t\t\t<div class=\"elementor-element elementor-element-a5f38f3 elementor-invisible elementor-widget elementor-widget-image\" data-id=\"a5f38f3\" data-element_type=\"widget\" data-e-type=\"widget\" data-settings=\"{&quot;_animation&quot;:&quot;fadeInRight&quot;}\" data-widget_type=\"image.default\">\n\t\t\t\t<div class=\"elementor-widget-container\">\n\t\t\t\t\t\t\t\t\t\t\t\t\t\t\t<img alt=\"\" fetchpriority=\"high\" decoding=\"async\" width=\"2084\" height=\"2084\" src=\"https:\/\/www.geodaesie-sachsen.de\/wp-content\/uploads\/2024\/12\/Illu_Prancheta-1-04.png\" class=\"attachment-full size-full wp-image-7244\" alt=\"\" srcset=\"https:\/\/www.geodaesie-sachsen.de\/wp-content\/uploads\/2024\/12\/Illu_Prancheta-1-04.png 2084w, https:\/\/www.geodaesie-sachsen.de\/wp-content\/uploads\/2024\/12\/Illu_Prancheta-1-04-600x600.png 600w, https:\/\/www.geodaesie-sachsen.de\/wp-content\/uploads\/2024\/12\/Illu_Prancheta-1-04-1200x1200.png 1200w, https:\/\/www.geodaesie-sachsen.de\/wp-content\/uploads\/2024\/12\/Illu_Prancheta-1-04-300x300.png 300w, https:\/\/www.geodaesie-sachsen.de\/wp-content\/uploads\/2024\/12\/Illu_Prancheta-1-04-768x768.png 768w, https:\/\/www.geodaesie-sachsen.de\/wp-content\/uploads\/2024\/12\/Illu_Prancheta-1-04-500x500.png 500w, https:\/\/www.geodaesie-sachsen.de\/wp-content\/uploads\/2024\/12\/Illu_Prancheta-1-04-1536x1536.png 1536w, https:\/\/www.geodaesie-sachsen.de\/wp-content\/uploads\/2024\/12\/Illu_Prancheta-1-04-2048x2048.png 2048w\" sizes=\"(max-width: 2084px) 100vw, 2084px\" \/>\t\t\t\t\t\t\t\t\t\t\t\t\t\t\t<\/div>\n\t\t\t\t<\/div>\n\t\t\t\t<\/div>\n\t\t\t\t\t<\/div>\n\t\t\t\t<\/div>\n\t\t\t\t<\/div>\n\t\t","protected":false},"excerpt":{"rendered":"<p>Veranstaltungen in Sachsen rund ums Thema Geod\u00e4sie. 23. April 2026 Girls\u2018 Day beim GeoSN in Dresden. Geomatik fetzt: Mit Geocaching und digitalen Karten in die Vermessung starten.Dresden mehr hierzu 23. April 2026 Girls\u2018 Day im Landratsamt Mei\u00dfen. Wir vermessen die Zukunft. mehr hierzu Jubil\u00e4um in Dresden. 150 Jahre Kataster und Geodaten. 150 Jahre Amt f\u00fcr [&hellip;]<\/p>\n","protected":false},"author":2,"featured_media":0,"parent":0,"menu_order":3,"comment_status":"closed","ping_status":"closed","template":"","meta":{"_seopress_robots_primary_cat":"","_seopress_titles_title":"","_seopress_titles_desc":"","_seopress_robots_index":"","footnotes":""},"class_list":["post-11430","page","type-page","status-publish","hentry"],"_links":{"self":[{"href":"https:\/\/www.geodaesie-sachsen.de\/index.php?rest_route=\/wp\/v2\/pages\/11430","targetHints":{"allow":["GET"]}}],"collection":[{"href":"https:\/\/www.geodaesie-sachsen.de\/index.php?rest_route=\/wp\/v2\/pages"}],"about":[{"href":"https:\/\/www.geodaesie-sachsen.de\/index.php?rest_route=\/wp\/v2\/types\/page"}],"author":[{"embeddable":true,"href":"https:\/\/www.geodaesie-sachsen.de\/index.php?rest_route=\/wp\/v2\/users\/2"}],"replies":[{"embeddable":true,"href":"https:\/\/www.geodaesie-sachsen.de\/index.php?rest_route=%2Fwp%2Fv2%2Fcomments&post=11430"}],"version-history":[{"count":28,"href":"https:\/\/www.geodaesie-sachsen.de\/index.php?rest_route=\/wp\/v2\/pages\/11430\/revisions"}],"predecessor-version":[{"id":12000,"href":"https:\/\/www.geodaesie-sachsen.de\/index.php?rest_route=\/wp\/v2\/pages\/11430\/revisions\/12000"}],"wp:attachment":[{"href":"https:\/\/www.geodaesie-sachsen.de\/index.php?rest_route=%2Fwp%2Fv2%2Fmedia&parent=11430"}],"curies":[{"name":"wp","href":"https:\/\/api.w.org\/{rel}","templated":true}]}}