{"id":1280,"date":"2023-05-25T12:01:57","date_gmt":"2023-05-25T10:01:57","guid":{"rendered":"https:\/\/www.geodaesie-sachsen.de\/?page_id=1280"},"modified":"2024-12-17T12:29:27","modified_gmt":"2024-12-17T11:29:27","slug":"kontakt","status":"publish","type":"page","link":"https:\/\/www.geodaesie-sachsen.de\/?page_id=1280","title":{"rendered":"Kontakt"},"content":{"rendered":"\t\t<div data-elementor-type=\"wp-page\" data-elementor-id=\"1280\" class=\"elementor elementor-1280\" data-elementor-post-type=\"page\">\n\t\t\t\t<div class=\"elementor-element elementor-element-4a84a14 e-flex e-con-boxed e-con e-parent\" data-id=\"4a84a14\" data-element_type=\"container\" data-e-type=\"container\">\n\t\t\t\t\t<div class=\"e-con-inner\">\n\t\t<div class=\"elementor-element elementor-element-2a9f66f e-con-full e-flex e-con e-child\" data-id=\"2a9f66f\" data-element_type=\"container\" data-e-type=\"container\">\n\t\t\t\t<div class=\"elementor-element elementor-element-f42eb49 elementor-widget elementor-widget-heading\" data-id=\"f42eb49\" data-element_type=\"widget\" data-e-type=\"widget\" data-widget_type=\"heading.default\">\n\t\t\t\t<div class=\"elementor-widget-container\">\n\t\t\t\t\t<h1 class=\"elementor-heading-title elementor-size-default\">Kontakt.<\/h1>\t\t\t\t<\/div>\n\t\t\t\t<\/div>\n\t\t\t\t<\/div>\n\t\t\t\t\t<\/div>\n\t\t\t\t<\/div>\n\t\t<div class=\"elementor-element elementor-element-1f8b0cf e-flex e-con-boxed e-con e-parent\" data-id=\"1f8b0cf\" data-element_type=\"container\" data-e-type=\"container\">\n\t\t\t\t\t<div class=\"e-con-inner\">\n\t\t<div class=\"elementor-element elementor-element-c16dafd e-con-full e-flex e-con e-child\" data-id=\"c16dafd\" data-element_type=\"container\" data-e-type=\"container\">\n\t\t\t\t<div class=\"elementor-element elementor-element-20dca0d elementor-widget elementor-widget-text-editor\" data-id=\"20dca0d\" data-element_type=\"widget\" data-e-type=\"widget\" data-widget_type=\"text-editor.default\">\n\t\t\t\t<div class=\"elementor-widget-container\">\n\t\t\t\t\t\t\t\t\t<div class=\"flex max-w-full flex-col flex-grow\"><div class=\"min-h-8 text-message flex w-full flex-col items-end gap-2 whitespace-normal break-words text-start [.text-message+&amp;]:mt-5\" dir=\"auto\" data-message-author-role=\"assistant\" data-message-id=\"8d437b76-c0ed-4558-a384-3c472c78246c\" data-message-model-slug=\"gpt-4o\"><div class=\"flex w-full flex-col gap-1 empty:hidden first:pt-[3px]\"><div class=\"markdown prose w-full break-words dark:prose-invert light\"><p>Du hast Fragen zur Geod\u00e4sie oder m\u00f6chtest mehr erfahren? Wir stehen dir jederzeit zur Verf\u00fcgung \u2013 egal ob du Infos, Anregungen oder Beratung brauchst. Melde dich einfach bei uns und lass uns gemeinsam in die Welt der Geod\u00e4sie eintauchen!<\/p><\/div><\/div><\/div><\/div><p><strong>Landesamt f\u00fcr Geobasisinformation Sachsen<br \/><\/strong><\/p><p>Dana Ritzmann<br \/>Olbrichtplatz 3<br \/>01099 Dresden<\/p><p>0351 8283-4444<br \/><a href=\"mailto:geodaesie@geosn.sachsen.de\">geodaesie@geosn.sachsen.de<\/a><\/p>\t\t\t\t\t\t\t\t<\/div>\n\t\t\t\t<\/div>\n\t\t\t\t<\/div>\n\t\t\t\t\t<\/div>\n\t\t\t\t<\/div>\n\t\t\t\t<\/div>\n\t\t","protected":false},"excerpt":{"rendered":"<p>Kontakt. Du hast Fragen zur Geod\u00e4sie oder m\u00f6chtest mehr erfahren? Wir stehen dir jederzeit zur Verf\u00fcgung \u2013 egal ob du Infos, Anregungen oder Beratung brauchst. Melde dich einfach bei uns und lass uns gemeinsam in die Welt der Geod\u00e4sie eintauchen! Landesamt f\u00fcr Geobasisinformation Sachsen Dana RitzmannOlbrichtplatz 301099 Dresden 0351 8283-4444geodaesie@geosn.sachsen.de<\/p>\n","protected":false},"author":4,"featured_media":0,"parent":0,"menu_order":27,"comment_status":"closed","ping_status":"closed","template":"","meta":{"_seopress_robots_primary_cat":"","_seopress_titles_title":"","_seopress_titles_desc":"","_seopress_robots_index":"","footnotes":""},"class_list":["post-1280","page","type-page","status-publish","hentry"],"_links":{"self":[{"href":"https:\/\/www.geodaesie-sachsen.de\/index.php?rest_route=\/wp\/v2\/pages\/1280","targetHints":{"allow":["GET"]}}],"collection":[{"href":"https:\/\/www.geodaesie-sachsen.de\/index.php?rest_route=\/wp\/v2\/pages"}],"about":[{"href":"https:\/\/www.geodaesie-sachsen.de\/index.php?rest_route=\/wp\/v2\/types\/page"}],"author":[{"embeddable":true,"href":"https:\/\/www.geodaesie-sachsen.de\/index.php?rest_route=\/wp\/v2\/users\/4"}],"replies":[{"embeddable":true,"href":"https:\/\/www.geodaesie-sachsen.de\/index.php?rest_route=%2Fwp%2Fv2%2Fcomments&post=1280"}],"version-history":[{"count":13,"href":"https:\/\/www.geodaesie-sachsen.de\/index.php?rest_route=\/wp\/v2\/pages\/1280\/revisions"}],"predecessor-version":[{"id":8275,"href":"https:\/\/www.geodaesie-sachsen.de\/index.php?rest_route=\/wp\/v2\/pages\/1280\/revisions\/8275"}],"wp:attachment":[{"href":"https:\/\/www.geodaesie-sachsen.de\/index.php?rest_route=%2Fwp%2Fv2%2Fmedia&parent=1280"}],"curies":[{"name":"wp","href":"https:\/\/api.w.org\/{rel}","templated":true}]}}