{"id":1390,"date":"2023-05-25T17:02:34","date_gmt":"2023-05-25T15:02:34","guid":{"rendered":"https:\/\/www.geodaesie-sachsen.de\/?page_id=1390"},"modified":"2025-01-31T11:18:03","modified_gmt":"2025-01-31T10:18:03","slug":"impressum","status":"publish","type":"page","link":"https:\/\/www.geodaesie-sachsen.de\/?page_id=1390","title":{"rendered":"Impressum\u00a0"},"content":{"rendered":"\t\t<div data-elementor-type=\"wp-page\" data-elementor-id=\"1390\" class=\"elementor elementor-1390\" data-elementor-post-type=\"page\">\n\t\t\t\t<div class=\"elementor-element elementor-element-a6e03f7 e-flex e-con-boxed e-con e-parent\" data-id=\"a6e03f7\" data-element_type=\"container\" data-e-type=\"container\">\n\t\t\t\t\t<div class=\"e-con-inner\">\n\t\t<div class=\"elementor-element elementor-element-524ef72 e-con-full e-flex e-con e-child\" data-id=\"524ef72\" data-element_type=\"container\" data-e-type=\"container\">\n\t\t\t\t<div class=\"elementor-element elementor-element-661e332 elementor-widget elementor-widget-heading\" data-id=\"661e332\" data-element_type=\"widget\" data-e-type=\"widget\" data-widget_type=\"heading.default\">\n\t\t\t\t<div class=\"elementor-widget-container\">\n\t\t\t\t\t<h1 class=\"elementor-heading-title elementor-size-default\">Impressum.<\/h1>\t\t\t\t<\/div>\n\t\t\t\t<\/div>\n\t\t\t\t<\/div>\n\t\t\t\t\t<\/div>\n\t\t\t\t<\/div>\n\t\t<div class=\"elementor-element elementor-element-d0bf885 e-flex e-con-boxed e-con e-parent\" data-id=\"d0bf885\" data-element_type=\"container\" data-e-type=\"container\">\n\t\t\t\t\t<div class=\"e-con-inner\">\n\t\t<div class=\"elementor-element elementor-element-55ac2c1 e-con-full e-flex e-con e-child\" data-id=\"55ac2c1\" data-element_type=\"container\" data-e-type=\"container\">\n\t\t\t\t<div class=\"elementor-element elementor-element-ef6e2cb elementor-widget elementor-widget-text-editor\" data-id=\"ef6e2cb\" data-element_type=\"widget\" data-e-type=\"widget\" data-widget_type=\"text-editor.default\">\n\t\t\t\t<div class=\"elementor-widget-container\">\n\t\t\t\t\t\t\t\t\t<h4>I. Herausgeber<\/h4>\n<p><strong>Freistaat Sachsen<\/strong><br>vertreten durch das Landesamt f\u00fcr Geobasisinformation Sachsen (GeoSN)<\/p>\n<p>Olbrichtplatz 3<br>01099 Dresden<\/p>\n<p>Telefon: +49 351 8283-0<br>E-Mail:&nbsp;<a href=\"mailto:poststelle@geosn.sachsen.de\">poststelle@geosn.sachsen.de<\/a><br>Webseite:&nbsp;<a href=\"http:\/\/www.geosn.sachsen.de\/\">www.geosn.sachsen.de<\/a><\/p>\n<p>Verantwortlich im Sinne von \u00a7 18 Abs. 2 MStV:<br>Ronny Zienert, Pr\u00e4sident GeoSN<br>E-Mail:&nbsp;<a href=\"mailto:poststelle@geosn.sachsen.de\">poststelle@geosn.sachsen.de<\/a><\/p>\n<p>Umsatzsteuer-Identifikationsnummer nach \u00a7 27a UStG: DE 259 852 380<\/p>\n<h4>II. Rechtliche Hinweise<\/h4>\n<p><b>1. Haftung f\u00fcr Inhalte<br><\/b>Die Inhalte des Internetauftritts von www.geodaesie-sachsen.de sollen den Zugang der \u00d6ffentlichkeit zu Informationen erleichtern und ein zutreffendes Bild von den T\u00e4tigkeiten und Karrierem\u00f6glichkeiten im Zusammenhang mit Vermessung, Geomatik, Land- und Bodenmanagement sowie damit zusammenh\u00e4ngenden Berufswegen vermitteln. Auf die Richtigkeit, Aktualit\u00e4t, Vollst\u00e4ndigkeit, Verst\u00e4ndlichkeit und jederzeitige Verf\u00fcgbarkeit der bereitgestellten Informationen wird sorgf\u00e4ltig geachtet.<br>Als Diensteanbieter sind wir gem\u00e4\u00df den allgemeinen Vorschriften des Zivil- und Strafrechts f\u00fcr eigene Inhalte auf diesen Seiten verantwortlich. Als Diensteanbieter sind wir nicht verpflichtet, fremde Informationen, die wir \u00fcbermitteln, speichern oder zu denen wir den Zugang zur Nutzung vermitteln, zu \u00fcberwachen oder nach Umst\u00e4nden zu forschen, die auf eine rechtswidrige T\u00e4tigkeit hinweisen. Verpflichtungen zur Entfernung oder Sperrung der Nutzung von Informationen nach den allgemeinen Gesetzen bleiben hiervon unber\u00fchrt. Eine diesbez\u00fcgliche Haftung ist jedoch erst ab dem Zeitpunkt der Kenntnis einer konkreten Rechtsverletzung m\u00f6glich. Bei Bekanntwerden von entsprechenden Rechtsverletzungen werden wir diese Inhalte umgehend entfernen.<\/p>\n<p><b>2. Haftung f\u00fcr Links<br><\/b>Die auf diesen Seiten vorhandenen Links zu Inhalten von Internetseiten Dritter wurden durch die Redaktion nach bestem Wissen und unter Beachtung gr\u00f6\u00dftm\u00f6glicher Sorgfalt erstellt und vermitteln lediglich den Zugang zu fremden Inhalten. Dabei wurde auf die Vertrauensw\u00fcrdigkeit dritter Anbieter und die Fehlerfreiheit sowie Rechtm\u00e4\u00dfigkeit der fremden Inhalte besonders geachtet. Rechtswidrige Inhalte waren im Zeitpunkt der Verlinkung nicht erkennbar. F\u00fcr die Inhalte der verlinkten Seiten ist stets der jeweilige Anbieter oder Betreiber der Seiten verantwortlich.<br>Da jedoch der Inhalt von Internetseiten dynamisch ist und sich jederzeit \u00e4ndern kann, ist eine stetige Einzelfallpr\u00fcfung s\u00e4mtlicher Inhalte, auf die ein Link erstellt wurde, ohne konkrete Anhaltspunkte einer Rechtsverletzung nicht zumutbar. Das GeoSN macht sich deshalb den Inhalt von Internetseiten Dritter, die mit der eigenen Internetpr\u00e4senz verlinkt sind, insoweit ausdr\u00fccklich nicht zu eigen. Bei Bekanntwerden von Rechtsverletzungen werden derartige Links umgehend entfernt.<\/p>\n<p><b>3. Fehlermeldungen<br><\/b>Sollten auf dieser Internetpr\u00e4senz Links enthalten sein, die auf rechtswidrige oder fehlerhafte Inhalte Dritter verweisen, so bittet die Redaktion die Nutzer von www.geodaesie-sachsen.de darum, hierauf ggf. aufmerksam zu machen. Ebenso wird um eine Nachricht an den im Impressum genannten Verantwortlichen nach \u00a7 18 Abs. 2 MStV gebeten, wenn eigene Inhalte nicht fehlerfrei, aktuell, vollst\u00e4ndig und verst\u00e4ndlich sind.<\/p>\n<p><b>4. Datenschutz<br><\/b>Erfahren Sie mehr hierzu in der&nbsp;<a href=\"https:\/\/www.geodaesie-sachsen.de\/?page_id=1395\" target=\"_blank\" rel=\"noopener\">Datenschutzerkl\u00e4rung<\/a>.<\/p>\n<p><b>5. Urheberrecht<br><\/b>Falls nicht anders angegeben, unterliegen alle Seiten, Texte und Bilder dieses Internetangebotes dem Urheberrecht (Copyright) des Landesamtes f\u00fcr Geobasisinformation Sachsen (GeoSN).<br>In diesem Internetauftritt zur Verf\u00fcgung gestellte Texte, Textteile, Grafiken, Tabellen oder Bildmaterialien d\u00fcrfen ohne vorherige Zustimmung des GeoSN nicht vervielf\u00e4ltigt, nicht verbreitet und nicht ausgestellt werden.<\/p>\t\t\t\t\t\t\t\t<\/div>\n\t\t\t\t<\/div>\n\t\t\t\t<\/div>\n\t\t\t\t\t<\/div>\n\t\t\t\t<\/div>\n\t\t\t\t<\/div>\n\t\t","protected":false},"excerpt":{"rendered":"<p>Impressum. I. Herausgeber Freistaat Sachsenvertreten durch das Landesamt f\u00fcr Geobasisinformation Sachsen (GeoSN) Olbrichtplatz 301099 Dresden Telefon: +49 351 8283-0E-Mail:&nbsp;poststelle@geosn.sachsen.deWebseite:&nbsp;www.geosn.sachsen.de Verantwortlich im Sinne von \u00a7 18 Abs. 2 MStV:Ronny Zienert, Pr\u00e4sident GeoSNE-Mail:&nbsp;poststelle@geosn.sachsen.de Umsatzsteuer-Identifikationsnummer nach \u00a7 27a UStG: DE 259 852 380 II. Rechtliche Hinweise 1. Haftung f\u00fcr InhalteDie Inhalte des Internetauftritts von www.geodaesie-sachsen.de sollen den Zugang [&hellip;]<\/p>\n","protected":false},"author":4,"featured_media":0,"parent":0,"menu_order":29,"comment_status":"closed","ping_status":"closed","template":"","meta":{"_seopress_robots_primary_cat":"","_seopress_titles_title":"","_seopress_titles_desc":"","_seopress_robots_index":"","footnotes":""},"class_list":["post-1390","page","type-page","status-publish","hentry"],"_links":{"self":[{"href":"https:\/\/www.geodaesie-sachsen.de\/index.php?rest_route=\/wp\/v2\/pages\/1390","targetHints":{"allow":["GET"]}}],"collection":[{"href":"https:\/\/www.geodaesie-sachsen.de\/index.php?rest_route=\/wp\/v2\/pages"}],"about":[{"href":"https:\/\/www.geodaesie-sachsen.de\/index.php?rest_route=\/wp\/v2\/types\/page"}],"author":[{"embeddable":true,"href":"https:\/\/www.geodaesie-sachsen.de\/index.php?rest_route=\/wp\/v2\/users\/4"}],"replies":[{"embeddable":true,"href":"https:\/\/www.geodaesie-sachsen.de\/index.php?rest_route=%2Fwp%2Fv2%2Fcomments&post=1390"}],"version-history":[{"count":22,"href":"https:\/\/www.geodaesie-sachsen.de\/index.php?rest_route=\/wp\/v2\/pages\/1390\/revisions"}],"predecessor-version":[{"id":9674,"href":"https:\/\/www.geodaesie-sachsen.de\/index.php?rest_route=\/wp\/v2\/pages\/1390\/revisions\/9674"}],"wp:attachment":[{"href":"https:\/\/www.geodaesie-sachsen.de\/index.php?rest_route=%2Fwp%2Fv2%2Fmedia&parent=1390"}],"curies":[{"name":"wp","href":"https:\/\/api.w.org\/{rel}","templated":true}]}}