{"id":445,"date":"2023-05-17T14:16:06","date_gmt":"2023-05-17T12:16:06","guid":{"rendered":"https:\/\/www.geodaesie-sachsen.de\/?page_id=445"},"modified":"2025-12-23T14:41:21","modified_gmt":"2025-12-23T13:41:21","slug":"jobportraits","status":"publish","type":"page","link":"https:\/\/www.geodaesie-sachsen.de\/?page_id=445","title":{"rendered":"Jobportraits"},"content":{"rendered":"\t\t<div data-elementor-type=\"wp-page\" data-elementor-id=\"445\" class=\"elementor elementor-445\" data-elementor-post-type=\"page\">\n\t\t\t\t<div class=\"elementor-element elementor-element-b94d445 e-flex e-con-boxed e-con e-parent\" data-id=\"b94d445\" data-element_type=\"container\" data-e-type=\"container\">\n\t\t\t\t\t<div class=\"e-con-inner\">\n\t\t\t\t<div class=\"elementor-element elementor-element-17a0911 elementor-widget elementor-widget-heading\" data-id=\"17a0911\" data-element_type=\"widget\" data-e-type=\"widget\" data-widget_type=\"heading.default\">\n\t\t\t\t<div class=\"elementor-widget-container\">\n\t\t\t\t\t<h2 class=\"elementor-heading-title elementor-size-default\">Jobportraits.<\/h2>\t\t\t\t<\/div>\n\t\t\t\t<\/div>\n\t\t\t\t<div class=\"elementor-element elementor-element-71d7f31 elementor-widget elementor-widget-text-editor\" data-id=\"71d7f31\" data-element_type=\"widget\" data-e-type=\"widget\" data-widget_type=\"text-editor.default\">\n\t\t\t\t<div class=\"elementor-widget-container\">\n\t\t\t\t\t\t\t\t\t<p>Von der Theorie in die Praxis: Geod\u00e4tinnen und Geod\u00e4ten arbeiten in spannenden und vielseitigen Bereichen. Sie nutzen ihre Expertise nicht nur f\u00fcr die pr\u00e4zise Vermessung von Land und Infrastruktur, sondern auch in innovativen Projekten wie der digitalen Stadtplanung oder der Analyse von Umweltdaten. In unseren Interviews erz\u00e4hlen dir Emma, Samantha und Elias, was sie an ihrer Arbeit begeistert und warum sie sich f\u00fcr diesen Beruf entschieden haben. Lass dich von ihren Erfahrungen und Perspektiven inspirieren!<\/p>\t\t\t\t\t\t\t\t<\/div>\n\t\t\t\t<\/div>\n\t\t\t\t\t<\/div>\n\t\t\t\t<\/div>\n\t\t<div class=\"elementor-element elementor-element-d9013dd e-flex e-con-boxed e-con e-parent\" data-id=\"d9013dd\" data-element_type=\"container\" data-e-type=\"container\">\n\t\t\t\t\t<div class=\"e-con-inner\">\n\t\t<div class=\"elementor-element elementor-element-5f32a5a e-con-full e-flex e-con e-child\" data-id=\"5f32a5a\" data-element_type=\"container\" data-e-type=\"container\">\n\t\t<div class=\"elementor-element elementor-element-5f2929a e-con-full e-flex e-con e-child\" data-id=\"5f2929a\" data-element_type=\"container\" data-e-type=\"container\" data-settings=\"{&quot;background_background&quot;:&quot;classic&quot;}\">\n\t\t\t\t<\/div>\n\t\t<div class=\"elementor-element elementor-element-4a5a768 e-flex e-con-boxed e-con e-child\" data-id=\"4a5a768\" data-element_type=\"container\" data-e-type=\"container\">\n\t\t\t\t\t<div class=\"e-con-inner\">\n\t\t\t\t<div class=\"elementor-element elementor-element-2cbfe93 hhellgruen elementor-widget elementor-widget-heading\" data-id=\"2cbfe93\" data-element_type=\"widget\" data-e-type=\"widget\" data-widget_type=\"heading.default\">\n\t\t\t\t<div class=\"elementor-widget-container\">\n\t\t\t\t\t<h4 class=\"elementor-heading-title elementor-size-default\"><a href=\"https:\/\/www.geodaesie-sachsen.de\/emma\/\">Melanie.<\/a><\/h4>\t\t\t\t<\/div>\n\t\t\t\t<\/div>\n\t\t\t\t<div class=\"elementor-element elementor-element-19a7731 elementor-widget elementor-widget-heading\" data-id=\"19a7731\" data-element_type=\"widget\" data-e-type=\"widget\" data-widget_type=\"heading.default\">\n\t\t\t\t<div class=\"elementor-widget-container\">\n\t\t\t\t\t<h5 class=\"elementor-heading-title elementor-size-default\">#promotion<\/h5>\t\t\t\t<\/div>\n\t\t\t\t<\/div>\n\t\t\t\t<div class=\"elementor-element elementor-element-43bbc1d elementor-widget elementor-widget-text-editor\" data-id=\"43bbc1d\" data-element_type=\"widget\" data-e-type=\"widget\" data-widget_type=\"text-editor.default\">\n\t\t\t\t<div class=\"elementor-widget-container\">\n\t\t\t\t\t\t\t\t\t<p>Melanie ist Professorin f\u00fcr Geovisuali\u00adsierung an der Hochschule f\u00fcr Technik und Wirtschaft Dresden und brennt f\u00fcr die Verbindung aus Geo, Informatik und Gestaltung. Nach ihrem Bachelorstudium der Kartographie und Geomedientechnik sowie dem Master in Geoinformations\u00adtechnologien und der Promotion in der Photogrammetrie macht sie mit modernen Mess- und Visualisierungsmethoden Landschaftsprozesse im Umwelt\u00admonitoring sichtbar und zeigt, wie schnell sich unsere Erde ver\u00e4ndert.<\/p>\t\t\t\t\t\t\t\t<\/div>\n\t\t\t\t<\/div>\n\t\t\t\t<div class=\"elementor-element elementor-element-14af288 elementor-widget elementor-widget-button\" data-id=\"14af288\" data-element_type=\"widget\" data-e-type=\"widget\" data-widget_type=\"button.default\">\n\t\t\t\t<div class=\"elementor-widget-container\">\n\t\t\t\t\t\t\t\t\t<div class=\"elementor-button-wrapper\">\n\t\t\t\t\t<a class=\"elementor-button elementor-button-link elementor-size-sm\" href=\"https:\/\/www.geodaesie-sachsen.de\/wp-content\/uploads\/2025\/12\/GeoSachsen_MelanieFragenbogen_hz_V004.pdf\" target=\"_blank\">\n\t\t\t\t\t\t<span class=\"elementor-button-content-wrapper\">\n\t\t\t\t\t\t\t\t\t<span class=\"elementor-button-text\">weiterlesen<\/span>\n\t\t\t\t\t<\/span>\n\t\t\t\t\t<\/a>\n\t\t\t\t<\/div>\n\t\t\t\t\t\t\t\t<\/div>\n\t\t\t\t<\/div>\n\t\t\t\t\t<\/div>\n\t\t\t\t<\/div>\n\t\t\t\t<\/div>\n\t\t<div class=\"elementor-element elementor-element-74c109c e-con-full e-flex e-con e-child\" data-id=\"74c109c\" data-element_type=\"container\" data-e-type=\"container\">\n\t\t<div class=\"elementor-element elementor-element-72da0c0 e-con-full e-flex e-con e-child\" data-id=\"72da0c0\" data-element_type=\"container\" data-e-type=\"container\" data-settings=\"{&quot;background_background&quot;:&quot;classic&quot;}\">\n\t\t\t\t<\/div>\n\t\t<div class=\"elementor-element elementor-element-87c9abe e-flex e-con-boxed e-con e-child\" data-id=\"87c9abe\" data-element_type=\"container\" data-e-type=\"container\">\n\t\t\t\t\t<div class=\"e-con-inner\">\n\t\t\t\t<div class=\"elementor-element elementor-element-1e107e0 hgelb elementor-widget elementor-widget-heading\" data-id=\"1e107e0\" data-element_type=\"widget\" data-e-type=\"widget\" data-widget_type=\"heading.default\">\n\t\t\t\t<div class=\"elementor-widget-container\">\n\t\t\t\t\t<h4 class=\"elementor-heading-title elementor-size-default\"><a href=\"https:\/\/www.geodaesie-sachsen.de\/samantha\/\">Christian.<\/a><\/h4>\t\t\t\t<\/div>\n\t\t\t\t<\/div>\n\t\t\t\t<div class=\"elementor-element elementor-element-675f675 elementor-widget elementor-widget-heading\" data-id=\"675f675\" data-element_type=\"widget\" data-e-type=\"widget\" data-widget_type=\"heading.default\">\n\t\t\t\t<div class=\"elementor-widget-container\">\n\t\t\t\t\t<h5 class=\"elementor-heading-title elementor-size-default\">#praxis<\/h5>\t\t\t\t<\/div>\n\t\t\t\t<\/div>\n\t\t\t\t<div class=\"elementor-element elementor-element-4294550 elementor-widget elementor-widget-text-editor\" data-id=\"4294550\" data-element_type=\"widget\" data-e-type=\"widget\" data-widget_type=\"text-editor.default\">\n\t\t\t\t<div class=\"elementor-widget-container\">\n\t\t\t\t\t\t\t\t\t<p>Christian ist \u00d6ffentlich bestellter Vermessungsingenieur mit eigenem B\u00fcro und liebt an seinem Job, dass kein Tag dem anderen gleicht. Nach seinem Geod\u00e4sie Studium an der TU Dresden und dem Referendariat in Baden W\u00fcrttemberg verbindet er moderne Vermessungs\u00adtechnologie mit viel direktem Austausch, jongliert zwischen Au\u00dfenterminen, Angeboten und Bescheiden und erlebt Projekte wie die Kaltwannenreparatur bei einem Flachglashersteller ganz nah an der Praxis.<\/p>\t\t\t\t\t\t\t\t<\/div>\n\t\t\t\t<\/div>\n\t\t\t\t<div class=\"elementor-element elementor-element-b018993 elementor-widget elementor-widget-button\" data-id=\"b018993\" data-element_type=\"widget\" data-e-type=\"widget\" data-widget_type=\"button.default\">\n\t\t\t\t<div class=\"elementor-widget-container\">\n\t\t\t\t\t\t\t\t\t<div class=\"elementor-button-wrapper\">\n\t\t\t\t\t<a class=\"elementor-button elementor-button-link elementor-size-sm\" href=\"https:\/\/www.geodaesie-sachsen.de\/wp-content\/uploads\/2025\/12\/GeoSachsen_christianFragebogen_hz_V002-1.pdf\" target=\"_blank\">\n\t\t\t\t\t\t<span class=\"elementor-button-content-wrapper\">\n\t\t\t\t\t\t\t\t\t<span class=\"elementor-button-text\">weiterlesen<\/span>\n\t\t\t\t\t<\/span>\n\t\t\t\t\t<\/a>\n\t\t\t\t<\/div>\n\t\t\t\t\t\t\t\t<\/div>\n\t\t\t\t<\/div>\n\t\t\t\t\t<\/div>\n\t\t\t\t<\/div>\n\t\t\t\t<\/div>\n\t\t<div class=\"elementor-element elementor-element-06d69cc e-con-full e-flex e-con e-child\" data-id=\"06d69cc\" data-element_type=\"container\" data-e-type=\"container\">\n\t\t<div class=\"elementor-element elementor-element-d55d499 e-con-full e-flex e-con e-child\" data-id=\"d55d499\" data-element_type=\"container\" data-e-type=\"container\" data-settings=\"{&quot;background_background&quot;:&quot;classic&quot;}\">\n\t\t\t\t<\/div>\n\t\t<div class=\"elementor-element elementor-element-1ab2247 e-flex e-con-boxed e-con e-child\" data-id=\"1ab2247\" data-element_type=\"container\" data-e-type=\"container\">\n\t\t\t\t\t<div class=\"e-con-inner\">\n\t\t\t\t<div class=\"elementor-element elementor-element-b836571 hlila elementor-widget elementor-widget-heading\" data-id=\"b836571\" data-element_type=\"widget\" data-e-type=\"widget\" data-widget_type=\"heading.default\">\n\t\t\t\t<div class=\"elementor-widget-container\">\n\t\t\t\t\t<h4 class=\"elementor-heading-title elementor-size-default\"><a href=\"https:\/\/www.geodaesie-sachsen.de\/elias\/\">Sven.<\/a><\/h4>\t\t\t\t<\/div>\n\t\t\t\t<\/div>\n\t\t\t\t<div class=\"elementor-element elementor-element-52956e2 elementor-widget elementor-widget-heading\" data-id=\"52956e2\" data-element_type=\"widget\" data-e-type=\"widget\" data-widget_type=\"heading.default\">\n\t\t\t\t<div class=\"elementor-widget-container\">\n\t\t\t\t\t<h5 class=\"elementor-heading-title elementor-size-default\">#ingenieur<\/h5>\t\t\t\t<\/div>\n\t\t\t\t<\/div>\n\t\t\t\t<div class=\"elementor-element elementor-element-cdfc4ed elementor-widget elementor-widget-text-editor\" data-id=\"cdfc4ed\" data-element_type=\"widget\" data-e-type=\"widget\" data-widget_type=\"text-editor.default\">\n\t\t\t\t<div class=\"elementor-widget-container\">\n\t\t\t\t\t\t\t\t\t<p>Sven ist \u00d6ffentlich bestellter Ver\u00admessungsingenieur und liebt an seinem Job, dass Technik und echte Praxis zusammenkommen. Seit seinem Einstieg 1992 und \u00fcber den Weg vom Facharbeiter \u00fcber ein FH Fernstudium bis in den gehobenen vermessungstechnischen Verwaltungsdienst f\u00fchrt er ein Team, kl\u00e4rt bei Katastervermessungen knifflige rechtliche Fragen und vermisst von alpinen H\u00fctten bis zu Gro\u00dfprojekten &#8211; sogar per Drohne.<\/p>\t\t\t\t\t\t\t\t<\/div>\n\t\t\t\t<\/div>\n\t\t\t\t<div class=\"elementor-element elementor-element-1147315 elementor-widget elementor-widget-button\" data-id=\"1147315\" data-element_type=\"widget\" data-e-type=\"widget\" data-widget_type=\"button.default\">\n\t\t\t\t<div class=\"elementor-widget-container\">\n\t\t\t\t\t\t\t\t\t<div class=\"elementor-button-wrapper\">\n\t\t\t\t\t<a class=\"elementor-button elementor-button-link elementor-size-sm\" href=\"https:\/\/www.geodaesie-sachsen.de\/wp-content\/uploads\/2025\/12\/GeoSachsen_SvenFrageb._hz_v007.pdf\" target=\"_blank\">\n\t\t\t\t\t\t<span class=\"elementor-button-content-wrapper\">\n\t\t\t\t\t\t\t\t\t<span class=\"elementor-button-text\">weiterlesen<\/span>\n\t\t\t\t\t<\/span>\n\t\t\t\t\t<\/a>\n\t\t\t\t<\/div>\n\t\t\t\t\t\t\t\t<\/div>\n\t\t\t\t<\/div>\n\t\t\t\t\t<\/div>\n\t\t\t\t<\/div>\n\t\t\t\t<\/div>\n\t\t\t\t\t<\/div>\n\t\t\t\t<\/div>\n\t\t<div class=\"elementor-element elementor-element-9f9ce4a e-grid e-con-boxed e-con e-parent\" data-id=\"9f9ce4a\" data-element_type=\"container\" data-e-type=\"container\">\n\t\t\t\t\t<div class=\"e-con-inner\">\n\t\t<div class=\"elementor-element elementor-element-54a3bb2 e-con-full e-flex e-con e-child\" data-id=\"54a3bb2\" data-element_type=\"container\" data-e-type=\"container\">\n\t\t\t\t<div class=\"elementor-element elementor-element-21ba0f8 elementor-widget elementor-widget-video\" data-id=\"21ba0f8\" data-element_type=\"widget\" data-e-type=\"widget\" data-settings=\"{&quot;video_type&quot;:&quot;hosted&quot;,&quot;controls&quot;:&quot;yes&quot;}\" data-widget_type=\"video.default\">\n\t\t\t\t<div class=\"elementor-widget-container\">\n\t\t\t\t\t\t\t<div class=\"e-hosted-video elementor-wrapper elementor-open-inline\">\n\t\t\t\t\t<video class=\"elementor-video\" src=\"https:\/\/www.geodaesie-sachsen.de\/wp-content\/uploads\/2025\/12\/Fabian-erklaert_web.mp4\" controls=\"\" preload=\"metadata\" controlsList=\"nodownload\"><\/video>\n\t\t\t\t<\/div>\n\t\t\t\t\t\t<\/div>\n\t\t\t\t<\/div>\n\t\t\t\t<\/div>\n\t\t<div class=\"elementor-element elementor-element-803e467 e-con-full e-flex e-con e-child\" data-id=\"803e467\" data-element_type=\"container\" data-e-type=\"container\">\n\t\t\t\t<div class=\"elementor-element elementor-element-6d6d9f5 elementor-widget elementor-widget-video\" data-id=\"6d6d9f5\" data-element_type=\"widget\" data-e-type=\"widget\" data-settings=\"{&quot;video_type&quot;:&quot;hosted&quot;,&quot;controls&quot;:&quot;yes&quot;}\" data-widget_type=\"video.default\">\n\t\t\t\t<div class=\"elementor-widget-container\">\n\t\t\t\t\t\t\t<div class=\"e-hosted-video elementor-wrapper elementor-open-inline\">\n\t\t\t\t\t<video class=\"elementor-video\" src=\"https:\/\/www.geodaesie-sachsen.de\/wp-content\/uploads\/2025\/12\/Referendare-in-Aktion_web.mp4\" controls=\"\" preload=\"metadata\" controlsList=\"nodownload\"><\/video>\n\t\t\t\t<\/div>\n\t\t\t\t\t\t<\/div>\n\t\t\t\t<\/div>\n\t\t\t\t<\/div>\n\t\t<div class=\"elementor-element elementor-element-4958f8a e-con-full e-flex e-con e-child\" data-id=\"4958f8a\" data-element_type=\"container\" data-e-type=\"container\">\n\t\t\t\t<div class=\"elementor-element elementor-element-ee3d4cf elementor-widget elementor-widget-video\" data-id=\"ee3d4cf\" data-element_type=\"widget\" data-e-type=\"widget\" data-settings=\"{&quot;video_type&quot;:&quot;hosted&quot;,&quot;controls&quot;:&quot;yes&quot;}\" data-widget_type=\"video.default\">\n\t\t\t\t<div class=\"elementor-widget-container\">\n\t\t\t\t\t\t\t<div class=\"e-hosted-video elementor-wrapper elementor-open-inline\">\n\t\t\t\t\t<video class=\"elementor-video\" src=\"https:\/\/www.geodaesie-sachsen.de\/wp-content\/uploads\/2025\/12\/OebVI_Andreas-Pippig_web.mp4\" controls=\"\" preload=\"metadata\" controlsList=\"nodownload\"><\/video>\n\t\t\t\t<\/div>\n\t\t\t\t\t\t<\/div>\n\t\t\t\t<\/div>\n\t\t\t\t<div class=\"elementor-element elementor-element-94b043e elementor-widget elementor-widget-button\" data-id=\"94b043e\" data-element_type=\"widget\" data-e-type=\"widget\" data-widget_type=\"button.default\">\n\t\t\t\t<div class=\"elementor-widget-container\">\n\t\t\t\t\t\t\t\t\t<div class=\"elementor-button-wrapper\">\n\t\t\t\t\t<a class=\"elementor-button elementor-button-link elementor-size-sm\" href=\"https:\/\/www.geodaesie-sachsen.de\/wp-content\/uploads\/2025\/12\/GeoSachsen_Fragenbogen_ap_V001.pdf\" target=\"_blank\">\n\t\t\t\t\t\t<span class=\"elementor-button-content-wrapper\">\n\t\t\t\t\t\t\t\t\t<span class=\"elementor-button-text\">Zum Steckbrief<\/span>\n\t\t\t\t\t<\/span>\n\t\t\t\t\t<\/a>\n\t\t\t\t<\/div>\n\t\t\t\t\t\t\t\t<\/div>\n\t\t\t\t<\/div>\n\t\t\t\t<\/div>\n\t\t\t\t\t<\/div>\n\t\t\t\t<\/div>\n\t\t<div class=\"elementor-element elementor-element-62cf321 e-flex e-con-boxed e-con e-parent\" data-id=\"62cf321\" data-element_type=\"container\" data-e-type=\"container\">\n\t\t\t\t\t<div class=\"e-con-inner\">\n\t\t<div class=\"elementor-element elementor-element-9deb2e9 e-con-full e-flex e-con e-child\" data-id=\"9deb2e9\" data-element_type=\"container\" data-e-type=\"container\">\n\t\t\t\t<div class=\"elementor-element elementor-element-907054d elementor-widget elementor-widget-heading\" data-id=\"907054d\" data-element_type=\"widget\" data-e-type=\"widget\" data-widget_type=\"heading.default\">\n\t\t\t\t<div class=\"elementor-widget-container\">\n\t\t\t\t\t<h1 class=\"elementor-heading-title elementor-size-default\">Noch Fragen?\nWir sind f\u00fcr dich da!<\/h1>\t\t\t\t<\/div>\n\t\t\t\t<\/div>\n\t\t\t\t<\/div>\n\t\t\t\t\t<\/div>\n\t\t\t\t<\/div>\n\t\t<div class=\"elementor-element elementor-element-b83f133 e-flex e-con-boxed e-con e-parent\" data-id=\"b83f133\" data-element_type=\"container\" data-e-type=\"container\">\n\t\t\t\t\t<div class=\"e-con-inner\">\n\t\t<div class=\"elementor-element elementor-element-9297a73 e-con-full e-flex e-con e-child\" data-id=\"9297a73\" data-element_type=\"container\" data-e-type=\"container\">\n\t\t\t\t<div class=\"elementor-element elementor-element-a73b6f1 elementor-widget elementor-widget-text-editor\" data-id=\"a73b6f1\" data-element_type=\"widget\" data-e-type=\"widget\" data-widget_type=\"text-editor.default\">\n\t\t\t\t<div class=\"elementor-widget-container\">\n\t\t\t\t\t\t\t\t\t<div class=\"flex max-w-full flex-col flex-grow\"><div class=\"min-h-8 text-message flex w-full flex-col items-end gap-2 whitespace-normal break-words text-start [.text-message+&amp;]:mt-5\" dir=\"auto\" data-message-author-role=\"assistant\" data-message-id=\"8d437b76-c0ed-4558-a384-3c472c78246c\" data-message-model-slug=\"gpt-4o\"><div class=\"flex w-full flex-col gap-1 empty:hidden first:pt-[3px]\"><div class=\"markdown prose w-full break-words dark:prose-invert light\"><p>Du hast Fragen zur Geod\u00e4sie oder m\u00f6chtest mehr erfahren? Wir stehen dir jederzeit zur Verf\u00fcgung \u2013 egal ob du Infos, Anregungen oder Beratung brauchst. Melde dich einfach bei uns und lass uns gemeinsam in die Welt der Geod\u00e4sie eintauchen!<\/p><\/div><\/div><\/div><\/div><p><strong>Landesamt f\u00fcr Geobasisinformation Sachsen<br \/><\/strong><\/p><p>Dana Ritzmann<br \/>Olbrichtplatz 3<br \/>01099 Dresden<\/p><p>0351 8283-4444<br \/>geodaesie@geosn.sachsen.de<\/p>\t\t\t\t\t\t\t\t<\/div>\n\t\t\t\t<\/div>\n\t\t\t\t<\/div>\n\t\t\t\t\t<\/div>\n\t\t\t\t<\/div>\n\t\t\t\t<\/div>\n\t\t","protected":false},"excerpt":{"rendered":"<p>Jobportraits. Von der Theorie in die Praxis: Geod\u00e4tinnen und Geod\u00e4ten arbeiten in spannenden und vielseitigen Bereichen. Sie nutzen ihre Expertise nicht nur f\u00fcr die pr\u00e4zise Vermessung von Land und Infrastruktur, sondern auch in innovativen Projekten wie der digitalen Stadtplanung oder der Analyse von Umweltdaten. In unseren Interviews erz\u00e4hlen dir Emma, Samantha und Elias, was sie [&hellip;]<\/p>\n","protected":false},"author":4,"featured_media":0,"parent":0,"menu_order":22,"comment_status":"closed","ping_status":"closed","template":"","meta":{"_seopress_robots_primary_cat":"","_seopress_titles_title":"","_seopress_titles_desc":"","_seopress_robots_index":"","footnotes":""},"class_list":["post-445","page","type-page","status-publish","hentry"],"_links":{"self":[{"href":"https:\/\/www.geodaesie-sachsen.de\/index.php?rest_route=\/wp\/v2\/pages\/445","targetHints":{"allow":["GET"]}}],"collection":[{"href":"https:\/\/www.geodaesie-sachsen.de\/index.php?rest_route=\/wp\/v2\/pages"}],"about":[{"href":"https:\/\/www.geodaesie-sachsen.de\/index.php?rest_route=\/wp\/v2\/types\/page"}],"author":[{"embeddable":true,"href":"https:\/\/www.geodaesie-sachsen.de\/index.php?rest_route=\/wp\/v2\/users\/4"}],"replies":[{"embeddable":true,"href":"https:\/\/www.geodaesie-sachsen.de\/index.php?rest_route=%2Fwp%2Fv2%2Fcomments&post=445"}],"version-history":[{"count":109,"href":"https:\/\/www.geodaesie-sachsen.de\/index.php?rest_route=\/wp\/v2\/pages\/445\/revisions"}],"predecessor-version":[{"id":11768,"href":"https:\/\/www.geodaesie-sachsen.de\/index.php?rest_route=\/wp\/v2\/pages\/445\/revisions\/11768"}],"wp:attachment":[{"href":"https:\/\/www.geodaesie-sachsen.de\/index.php?rest_route=%2Fwp%2Fv2%2Fmedia&parent=445"}],"curies":[{"name":"wp","href":"https:\/\/api.w.org\/{rel}","templated":true}]}}