{"id":6945,"date":"2024-12-05T12:38:08","date_gmt":"2024-12-05T11:38:08","guid":{"rendered":"https:\/\/www.geodaesie-sachsen.de\/?page_id=6945"},"modified":"2025-12-15T14:53:38","modified_gmt":"2025-12-15T13:53:38","slug":"vielfalt-berufsbilder","status":"publish","type":"page","link":"https:\/\/www.geodaesie-sachsen.de\/?page_id=6945","title":{"rendered":"Vielfalt Berufsbilder"},"content":{"rendered":"\t\t<div data-elementor-type=\"wp-page\" data-elementor-id=\"6945\" class=\"elementor elementor-6945\" data-elementor-post-type=\"page\">\n\t\t\t\t<div class=\"elementor-element elementor-element-902d5dd e-flex e-con-boxed e-con e-parent\" data-id=\"902d5dd\" data-element_type=\"container\" data-e-type=\"container\">\n\t\t\t\t\t<div class=\"e-con-inner\">\n\t\t<div class=\"elementor-element elementor-element-ed98288 e-con-full e-flex e-con e-child\" data-id=\"ed98288\" data-element_type=\"container\" data-e-type=\"container\">\n\t\t<div class=\"elementor-element elementor-element-79e9a92 e-con-full e-flex e-con e-child\" data-id=\"79e9a92\" data-element_type=\"container\" data-e-type=\"container\">\n\t\t\t\t<div class=\"elementor-element elementor-element-2716b85 elementor-widget elementor-widget-heading\" data-id=\"2716b85\" data-element_type=\"widget\" data-e-type=\"widget\" data-widget_type=\"heading.default\">\n\t\t\t\t<div class=\"elementor-widget-container\">\n\t\t\t\t\t<h1 class=\"elementor-heading-title elementor-size-default\">Einund&shy;zwanzig&shy;mal Berufs&shy;vielfalt.<\/h1>\t\t\t\t<\/div>\n\t\t\t\t<\/div>\n\t\t\t\t<div class=\"elementor-element elementor-element-d325850 elementor-widget elementor-widget-text-editor\" data-id=\"d325850\" data-element_type=\"widget\" data-e-type=\"widget\" data-widget_type=\"text-editor.default\">\n\t\t\t\t<div class=\"elementor-widget-container\">\n\t\t\t\t\t\t\t\t\t<p><strong>Nachfolgend haben wir euch einmal alle T\u00e4tigkeitsfelder der Geod\u00e4sie zusammengefasst. Und obwohl wir f\u00fcr jedes Berufsbild nur einen Satz geschrieben haben, ist die Liste wirklich lang geworden.<\/strong><\/p><p>Wenn ihr noch mehr zu den einzelnen Gebieten wissen m\u00f6chtet: Unsere Geod\u00e4siekolleg:innen<br \/>aus Nordrhein-Westfalen haben da schon mal etwas vorbereitet. Mit jedem &#8222;mehr hierzu&#8220; Link landet ihr auf einer ausf\u00fchrlichen Informationsseite zu dem jeweiligen T\u00e4tigkeitsfeld.<\/p>\t\t\t\t\t\t\t\t<\/div>\n\t\t\t\t<\/div>\n\t\t\t\t<\/div>\n\t\t<div class=\"elementor-element elementor-element-50eccfe e-con-full e-flex e-con e-child\" data-id=\"50eccfe\" data-element_type=\"container\" data-e-type=\"container\">\n\t\t\t\t<div class=\"elementor-element elementor-element-a95c4a6 elementor-widget elementor-widget-heading\" data-id=\"a95c4a6\" data-element_type=\"widget\" data-e-type=\"widget\" data-widget_type=\"heading.default\">\n\t\t\t\t<div class=\"elementor-widget-container\">\n\t\t\t\t\t<h2 class=\"elementor-heading-title elementor-size-default\">Vermessung.<\/h2>\t\t\t\t<\/div>\n\t\t\t\t<\/div>\n\t\t\t\t<div class=\"elementor-element elementor-element-e2c81c5 elementor-widget elementor-widget-text-editor\" data-id=\"e2c81c5\" data-element_type=\"widget\" data-e-type=\"widget\" data-widget_type=\"text-editor.default\">\n\t\t\t\t<div class=\"elementor-widget-container\">\n\t\t\t\t\t\t\t\t\t<p><strong>Industrievermessung.<\/strong><\/p><p>Maschinen und Fertigungsstra\u00dfen werden hochpr\u00e4zise ausgerichtet und regelm\u00e4\u00dfig \u00fcberpr\u00fcft \u2013 Millimeterarbeit!<\/p><p><strong>Katastervermessung.<\/strong><\/p><p>Grundst\u00fccksgrenzen vermessen, kartieren und verwalten \u2013 unverzichtbar f\u00fcr Eigentum und zahlreiche Anwendungen.<\/p><p><strong>Ingenieurvermessung.<\/strong><\/p><p>Ob Tunnel, Br\u00fccken oder Hochh\u00e4user \u2013 Ingenieurvermessung liefert haargenaue Daten f\u00fcr Pr\u00e4zisionsbauten.<\/p><p><strong>Laserscanning.<\/strong><\/p><p>Mit 50 Milliarden Messpunkten half Laserscanning, Notre-Dame zu rekonstruieren \u2013 Hightech trifft Kulturerbe!<\/p><p><strong>Satellitenortung.<\/strong><\/p><p>Vier Satelliten bestimmen deinen Standort \u2013 GPS ist ein Technologiewunder, das seit den 90ern Ma\u00dfst\u00e4be setzt.<\/p><p><strong>Tatortvermessung.<\/strong><\/p><p>Schusswinkel, T\u00e4terposition, Opferlage \u2013 Geod\u00e4sie unterst\u00fctzt Forensik und Verbrecherjagd mit Pr\u00e4zision.<\/p><p><strong>Pr\u00e4zisionslandwirtschaft.<\/strong><\/p><p>GPS und Sensoren optimieren Felder: Effiziente Bewirtschaftung spart Ressourcen und schont die Umwelt.<\/p>\t\t\t\t\t\t\t\t<\/div>\n\t\t\t\t<\/div>\n\t\t\t\t<div class=\"elementor-element elementor-element-7141f12 elementor-widget elementor-widget-button\" data-id=\"7141f12\" data-element_type=\"widget\" data-e-type=\"widget\" data-widget_type=\"button.default\">\n\t\t\t\t<div class=\"elementor-widget-container\">\n\t\t\t\t\t\t\t\t\t<div class=\"elementor-button-wrapper\">\n\t\t\t\t\t<a class=\"elementor-button elementor-button-link elementor-size-sm\" href=\"https:\/\/geodaesie.nrw\/taetigkeitsfelder\/terrestrische-vermessung\/\" target=\"_blank\">\n\t\t\t\t\t\t<span class=\"elementor-button-content-wrapper\">\n\t\t\t\t\t\t\t\t\t<span class=\"elementor-button-text\">mehr hierzu<\/span>\n\t\t\t\t\t<\/span>\n\t\t\t\t\t<\/a>\n\t\t\t\t<\/div>\n\t\t\t\t\t\t\t\t<\/div>\n\t\t\t\t<\/div>\n\t\t\t\t<\/div>\n\t\t\t\t<\/div>\n\t\t<div class=\"elementor-element elementor-element-1618657 e-con-full e-flex e-con e-child\" data-id=\"1618657\" data-element_type=\"container\" data-e-type=\"container\">\n\t\t\t\t<div class=\"elementor-element elementor-element-baac189 elementor-invisible elementor-widget elementor-widget-image\" data-id=\"baac189\" data-element_type=\"widget\" data-e-type=\"widget\" data-settings=\"{&quot;_animation&quot;:&quot;fadeInRight&quot;}\" data-widget_type=\"image.default\">\n\t\t\t\t<div class=\"elementor-widget-container\">\n\t\t\t\t\t\t\t\t\t\t\t\t\t\t\t<img alt=\"\" fetchpriority=\"high\" decoding=\"async\" width=\"3304\" height=\"2505\" src=\"https:\/\/www.geodaesie-sachsen.de\/wp-content\/uploads\/2024\/12\/Gruppe-398.png\" class=\"attachment-full size-full wp-image-7003\" alt=\"\" srcset=\"https:\/\/www.geodaesie-sachsen.de\/wp-content\/uploads\/2024\/12\/Gruppe-398.png 3304w, https:\/\/www.geodaesie-sachsen.de\/wp-content\/uploads\/2024\/12\/Gruppe-398-600x455.png 600w, https:\/\/www.geodaesie-sachsen.de\/wp-content\/uploads\/2024\/12\/Gruppe-398-1200x910.png 1200w, https:\/\/www.geodaesie-sachsen.de\/wp-content\/uploads\/2024\/12\/Gruppe-398-768x582.png 768w, https:\/\/www.geodaesie-sachsen.de\/wp-content\/uploads\/2024\/12\/Gruppe-398-1536x1165.png 1536w, https:\/\/www.geodaesie-sachsen.de\/wp-content\/uploads\/2024\/12\/Gruppe-398-2048x1553.png 2048w\" sizes=\"(max-width: 3304px) 100vw, 3304px\" \/>\t\t\t\t\t\t\t\t\t\t\t\t\t\t\t<\/div>\n\t\t\t\t<\/div>\n\t\t\t\t<\/div>\n\t\t\t\t\t<\/div>\n\t\t\t\t<\/div>\n\t\t<div class=\"elementor-element elementor-element-9ff992f e-flex e-con-boxed e-con e-parent\" data-id=\"9ff992f\" data-element_type=\"container\" data-e-type=\"container\">\n\t\t\t\t\t<div class=\"e-con-inner\">\n\t\t<div class=\"elementor-element elementor-element-c3018a5 e-con-full e-flex e-con e-child\" data-id=\"c3018a5\" data-element_type=\"container\" data-e-type=\"container\">\n\t\t\t\t<div class=\"elementor-element elementor-element-b2e37ee elementor-invisible elementor-widget elementor-widget-image\" data-id=\"b2e37ee\" data-element_type=\"widget\" data-e-type=\"widget\" data-settings=\"{&quot;_animation&quot;:&quot;fadeInLeft&quot;}\" data-widget_type=\"image.default\">\n\t\t\t\t<div class=\"elementor-widget-container\">\n\t\t\t\t\t\t\t\t\t\t\t\t\t\t\t<img alt=\"\" decoding=\"async\" width=\"1073\" height=\"1713\" src=\"https:\/\/www.geodaesie-sachsen.de\/wp-content\/uploads\/2024\/12\/Gruppe-116.png\" class=\"attachment-full size-full wp-image-6988\" alt=\"\" srcset=\"https:\/\/www.geodaesie-sachsen.de\/wp-content\/uploads\/2024\/12\/Gruppe-116.png 1073w, https:\/\/www.geodaesie-sachsen.de\/wp-content\/uploads\/2024\/12\/Gruppe-116-376x600.png 376w, https:\/\/www.geodaesie-sachsen.de\/wp-content\/uploads\/2024\/12\/Gruppe-116-752x1200.png 752w, https:\/\/www.geodaesie-sachsen.de\/wp-content\/uploads\/2024\/12\/Gruppe-116-768x1226.png 768w, https:\/\/www.geodaesie-sachsen.de\/wp-content\/uploads\/2024\/12\/Gruppe-116-962x1536.png 962w\" sizes=\"(max-width: 1073px) 100vw, 1073px\" \/>\t\t\t\t\t\t\t\t\t\t\t\t\t\t\t<\/div>\n\t\t\t\t<\/div>\n\t\t\t\t<\/div>\n\t\t<div class=\"elementor-element elementor-element-9a3d698 e-con-full e-flex e-con e-child\" data-id=\"9a3d698\" data-element_type=\"container\" data-e-type=\"container\">\n\t\t<div class=\"elementor-element elementor-element-6d81921 e-con-full e-flex e-con e-child\" data-id=\"6d81921\" data-element_type=\"container\" data-e-type=\"container\">\n\t\t\t\t<div class=\"elementor-element elementor-element-b748436 elementor-widget elementor-widget-heading\" data-id=\"b748436\" data-element_type=\"widget\" data-e-type=\"widget\" data-widget_type=\"heading.default\">\n\t\t\t\t<div class=\"elementor-widget-container\">\n\t\t\t\t\t<h2 class=\"elementor-heading-title elementor-size-default\">Raumordnung.<\/h2>\t\t\t\t<\/div>\n\t\t\t\t<\/div>\n\t\t\t\t<div class=\"elementor-element elementor-element-c38fb0d elementor-widget elementor-widget-text-editor\" data-id=\"c38fb0d\" data-element_type=\"widget\" data-e-type=\"widget\" data-widget_type=\"text-editor.default\">\n\t\t\t\t<div class=\"elementor-widget-container\">\n\t\t\t\t\t\t\t\t\t<p><strong>Immobilienbewertung.<\/strong><\/p><p>Grundst\u00fccke und Geb\u00e4ude pr\u00e4zise bewerten: Marktpreise ermitteln und langfristige Werte sicher einsch\u00e4tzen.<\/p><p><strong>Bauleitplanung.<\/strong><\/p><p>Geod\u00e4t:innen vermessen Brachfl\u00e4chen und enth\u00fcllen Potenziale f\u00fcr die nachhaltige Entwicklung von St\u00e4dten.<\/p><p><strong>Landmanagement.<\/strong><\/p><p>Boden als Ressource nachhaltig nutzen: Geod\u00e4sie schafft \u00f6kologisch, \u00f6konomisch und sozial gerechte L\u00f6sungen.<\/p><p><strong>Flurbereinigung.<\/strong><\/p><p>Nachhaltige Bodenordnung sichert Ressourcen und unterst\u00fctzt die Landwirtschaft durch kluge Fl\u00e4chenverwaltung.<\/p><p><strong>Smart City.<\/strong><\/p><p>Mit Daten und Technologie werden St\u00e4dte smarter: Effizienz, Umwelt- und B\u00fcrgerfreundlichkeit im Fokus.<\/p>\t\t\t\t\t\t\t\t<\/div>\n\t\t\t\t<\/div>\n\t\t\t\t<div class=\"elementor-element elementor-element-dfe266c elementor-widget elementor-widget-button\" data-id=\"dfe266c\" data-element_type=\"widget\" data-e-type=\"widget\" data-widget_type=\"button.default\">\n\t\t\t\t<div class=\"elementor-widget-container\">\n\t\t\t\t\t\t\t\t\t<div class=\"elementor-button-wrapper\">\n\t\t\t\t\t<a class=\"elementor-button elementor-button-link elementor-size-sm\" href=\"https:\/\/geodaesie.nrw\/taetigkeitsfelder\/raumordnung\/\" target=\"_blank\">\n\t\t\t\t\t\t<span class=\"elementor-button-content-wrapper\">\n\t\t\t\t\t\t\t\t\t<span class=\"elementor-button-text\">mehr hierzu<\/span>\n\t\t\t\t\t<\/span>\n\t\t\t\t\t<\/a>\n\t\t\t\t<\/div>\n\t\t\t\t\t\t\t\t<\/div>\n\t\t\t\t<\/div>\n\t\t\t\t<\/div>\n\t\t<div class=\"elementor-element elementor-element-32620d4 e-con-full e-flex e-con e-child\" data-id=\"32620d4\" data-element_type=\"container\" data-e-type=\"container\">\n\t\t<div class=\"elementor-element elementor-element-1236c84 e-con-full e-flex e-con e-child\" data-id=\"1236c84\" data-element_type=\"container\" data-e-type=\"container\">\n\t\t\t\t<div class=\"elementor-element elementor-element-aeec83a elementor-widget elementor-widget-heading\" data-id=\"aeec83a\" data-element_type=\"widget\" data-e-type=\"widget\" data-widget_type=\"heading.default\">\n\t\t\t\t<div class=\"elementor-widget-container\">\n\t\t\t\t\t<h2 class=\"elementor-heading-title elementor-size-default\">Geoinformatik.<\/h2>\t\t\t\t<\/div>\n\t\t\t\t<\/div>\n\t\t\t\t<div class=\"elementor-element elementor-element-53ddd33 elementor-widget elementor-widget-text-editor\" data-id=\"53ddd33\" data-element_type=\"widget\" data-e-type=\"widget\" data-widget_type=\"text-editor.default\">\n\t\t\t\t<div class=\"elementor-widget-container\">\n\t\t\t\t\t\t\t\t\t<p><strong>Navigation.<\/strong><\/p><p>Geod\u00e4t:innen erm\u00f6glichen pr\u00e4zises Navigieren, autonomes Fahren und smarte Landwirtschaft mit Geodaten.<\/p><p><strong>App-Programmierung.<\/strong><\/p><p>Geodaten stecken in Apps, die Reisen, R\u00e4tsel, Bahninfos oder sogar deinen Alltag digital erleichtern.<\/p><p><strong>Kartographie.<\/strong><\/p><p>Ob Atlas oder Satellitenbilder: Geod\u00e4t:innen erstellen Karten, um Klima, Topografie und mehr zu verstehen.<\/p>\t\t\t\t\t\t\t\t<\/div>\n\t\t\t\t<\/div>\n\t\t\t\t<div class=\"elementor-element elementor-element-bdb9095 elementor-widget elementor-widget-button\" data-id=\"bdb9095\" data-element_type=\"widget\" data-e-type=\"widget\" data-widget_type=\"button.default\">\n\t\t\t\t<div class=\"elementor-widget-container\">\n\t\t\t\t\t\t\t\t\t<div class=\"elementor-button-wrapper\">\n\t\t\t\t\t<a class=\"elementor-button elementor-button-link elementor-size-sm\" href=\"https:\/\/geodaesie.nrw\/geoinformatik\/\" target=\"_blank\">\n\t\t\t\t\t\t<span class=\"elementor-button-content-wrapper\">\n\t\t\t\t\t\t\t\t\t<span class=\"elementor-button-text\">mehr hierzu<\/span>\n\t\t\t\t\t<\/span>\n\t\t\t\t\t<\/a>\n\t\t\t\t<\/div>\n\t\t\t\t\t\t\t\t<\/div>\n\t\t\t\t<\/div>\n\t\t\t\t<\/div>\n\t\t\t\t<\/div>\n\t\t\t\t<\/div>\n\t\t\t\t\t<\/div>\n\t\t\t\t<\/div>\n\t\t<div class=\"elementor-element elementor-element-b023a93 e-flex e-con-boxed e-con e-parent\" data-id=\"b023a93\" data-element_type=\"container\" data-e-type=\"container\">\n\t\t\t\t\t<div class=\"e-con-inner\">\n\t\t<div class=\"elementor-element elementor-element-baeda08 e-con-full e-flex e-con e-child\" data-id=\"baeda08\" data-element_type=\"container\" data-e-type=\"container\">\n\t\t<div class=\"elementor-element elementor-element-c3f4f5e e-con-full e-flex e-con e-child\" data-id=\"c3f4f5e\" data-element_type=\"container\" data-e-type=\"container\">\n\t\t\t\t<div class=\"elementor-element elementor-element-a5a3c98 elementor-widget elementor-widget-heading\" data-id=\"a5a3c98\" data-element_type=\"widget\" data-e-type=\"widget\" data-widget_type=\"heading.default\">\n\t\t\t\t<div class=\"elementor-widget-container\">\n\t\t\t\t\t<h2 class=\"elementor-heading-title elementor-size-default\">Markscheidewesen.<\/h2>\t\t\t\t<\/div>\n\t\t\t\t<\/div>\n\t\t\t\t<div class=\"elementor-element elementor-element-f453f12 elementor-widget elementor-widget-text-editor\" data-id=\"f453f12\" data-element_type=\"widget\" data-e-type=\"widget\" data-widget_type=\"text-editor.default\">\n\t\t\t\t<div class=\"elementor-widget-container\">\n\t\t\t\t\t\t\t\t\t<p><strong>Bergvermessung \u2013 Geomonitoring \u2013 Geomodellierung.<\/strong><\/p><p>F\u00fcr eine sichere Rohstoff- und Energieversorgung: Erfassen, Analysieren und Modellieren raumbezogener Daten auf und unter der Tagesoberfl\u00e4che.<\/p>\t\t\t\t\t\t\t\t<\/div>\n\t\t\t\t<\/div>\n\t\t\t\t<div class=\"elementor-element elementor-element-866069a elementor-widget elementor-widget-button\" data-id=\"866069a\" data-element_type=\"widget\" data-e-type=\"widget\" data-widget_type=\"button.default\">\n\t\t\t\t<div class=\"elementor-widget-container\">\n\t\t\t\t\t\t\t\t\t<div class=\"elementor-button-wrapper\">\n\t\t\t\t\t<a class=\"elementor-button elementor-button-link elementor-size-sm\" href=\"https:\/\/www.geodaesie-sachsen.de\/?page_id=10762\">\n\t\t\t\t\t\t<span class=\"elementor-button-content-wrapper\">\n\t\t\t\t\t\t\t\t\t<span class=\"elementor-button-text\">mehr hierzu<\/span>\n\t\t\t\t\t<\/span>\n\t\t\t\t\t<\/a>\n\t\t\t\t<\/div>\n\t\t\t\t\t\t\t\t<\/div>\n\t\t\t\t<\/div>\n\t\t\t\t<\/div>\n\t\t<div class=\"elementor-element elementor-element-ca8cce5 e-con-full e-flex e-con e-child\" data-id=\"ca8cce5\" data-element_type=\"container\" data-e-type=\"container\">\n\t\t<div class=\"elementor-element elementor-element-81e8180 e-con-full e-flex e-con e-child\" data-id=\"81e8180\" data-element_type=\"container\" data-e-type=\"container\">\n\t\t\t\t<div class=\"elementor-element elementor-element-5b9271a elementor-widget elementor-widget-heading\" data-id=\"5b9271a\" data-element_type=\"widget\" data-e-type=\"widget\" data-widget_type=\"heading.default\">\n\t\t\t\t<div class=\"elementor-widget-container\">\n\t\t\t\t\t<h2 class=\"elementor-heading-title elementor-size-default\">Astrogeod\u00e4sie.<\/h2>\t\t\t\t<\/div>\n\t\t\t\t<\/div>\n\t\t\t\t<div class=\"elementor-element elementor-element-a0ddd0b elementor-widget elementor-widget-text-editor\" data-id=\"a0ddd0b\" data-element_type=\"widget\" data-e-type=\"widget\" data-widget_type=\"text-editor.default\">\n\t\t\t\t<div class=\"elementor-widget-container\">\n\t\t\t\t\t\t\t\t\t<p><strong>Erdschwerefeld.<\/strong><\/p><p>Kugel, Kartoffel? Mit Erdschwerefeldmessungen checken wir die Gravitation \u2013 die tats\u00e4chlich \u00fcberall verschieden ist.<\/p>\t\t\t\t\t\t\t\t<\/div>\n\t\t\t\t<\/div>\n\t\t\t\t<div class=\"elementor-element elementor-element-700f1f9 elementor-widget elementor-widget-button\" data-id=\"700f1f9\" data-element_type=\"widget\" data-e-type=\"widget\" data-widget_type=\"button.default\">\n\t\t\t\t<div class=\"elementor-widget-container\">\n\t\t\t\t\t\t\t\t\t<div class=\"elementor-button-wrapper\">\n\t\t\t\t\t<a class=\"elementor-button elementor-button-link elementor-size-sm\" href=\"https:\/\/geodaesie.nrw\/astrogeodaesie\/\" target=\"_blank\">\n\t\t\t\t\t\t<span class=\"elementor-button-content-wrapper\">\n\t\t\t\t\t\t\t\t\t<span class=\"elementor-button-text\">mehr hierzu<\/span>\n\t\t\t\t\t<\/span>\n\t\t\t\t\t<\/a>\n\t\t\t\t<\/div>\n\t\t\t\t\t\t\t\t<\/div>\n\t\t\t\t<\/div>\n\t\t\t\t<\/div>\n\t\t\t\t<\/div>\n\t\t<div class=\"elementor-element elementor-element-a3056f6 e-con-full e-flex e-con e-child\" data-id=\"a3056f6\" data-element_type=\"container\" data-e-type=\"container\">\n\t\t\t\t<\/div>\n\t\t<div class=\"elementor-element elementor-element-41e49e9 e-con-full e-flex e-con e-child\" data-id=\"41e49e9\" data-element_type=\"container\" data-e-type=\"container\">\n\t\t<div class=\"elementor-element elementor-element-6bbe2af e-con-full e-flex e-con e-child\" data-id=\"6bbe2af\" data-element_type=\"container\" data-e-type=\"container\">\n\t\t\t\t<div class=\"elementor-element elementor-element-df7b634 elementor-widget__width-initial elementor-widget elementor-widget-heading\" data-id=\"df7b634\" data-element_type=\"widget\" data-e-type=\"widget\" data-widget_type=\"heading.default\">\n\t\t\t\t<div class=\"elementor-widget-container\">\n\t\t\t\t\t<h2 class=\"elementor-heading-title elementor-size-default\">Fernerkundung &amp; Photo&shy;grammetrie.<\/h2>\t\t\t\t<\/div>\n\t\t\t\t<\/div>\n\t\t\t\t<div class=\"elementor-element elementor-element-07d0bb3 elementor-widget elementor-widget-text-editor\" data-id=\"07d0bb3\" data-element_type=\"widget\" data-e-type=\"widget\" data-widget_type=\"text-editor.default\">\n\t\t\t\t<div class=\"elementor-widget-container\">\n\t\t\t\t\t\t\t\t\t<p><strong>Umweltmonitoring.<\/strong><\/p><p>Sch\u00e4dliche Entwaldung treibt Treibhausgase hoch. Geod\u00e4t:innen \u00fcberwachen das global per Satellit.<\/p><p><strong>Biomasseberechnung.<\/strong><\/p><p>Mit Fernerkundung messen Geod\u00e4t:innen Wald-Biomasse: Kohlenstoff, Gesundheit und Ertr\u00e4ge im Blick.<\/p><p><strong>3D-Modell.<br \/><\/strong><\/p><p>Mit der Photogrammetrie k\u00f6nnen detailgetreue Abbildungen von H\u00e4usern, Br\u00fccken aber auch ganzen D\u00f6rfern und St\u00e4dten entstehen.<\/p>\t\t\t\t\t\t\t\t<\/div>\n\t\t\t\t<\/div>\n\t\t\t\t<div class=\"elementor-element elementor-element-82b75d2 elementor-widget elementor-widget-button\" data-id=\"82b75d2\" data-element_type=\"widget\" data-e-type=\"widget\" data-widget_type=\"button.default\">\n\t\t\t\t<div class=\"elementor-widget-container\">\n\t\t\t\t\t\t\t\t\t<div class=\"elementor-button-wrapper\">\n\t\t\t\t\t<a class=\"elementor-button elementor-button-link elementor-size-sm\" href=\"https:\/\/geodaesie.nrw\/fernerkundung\/\" target=\"_blank\">\n\t\t\t\t\t\t<span class=\"elementor-button-content-wrapper\">\n\t\t\t\t\t\t\t\t\t<span class=\"elementor-button-text\">mehr hierzu<\/span>\n\t\t\t\t\t<\/span>\n\t\t\t\t\t<\/a>\n\t\t\t\t<\/div>\n\t\t\t\t\t\t\t\t<\/div>\n\t\t\t\t<\/div>\n\t\t\t\t<\/div>\n\t\t\t\t<\/div>\n\t\t\t\t<\/div>\n\t\t<div class=\"elementor-element elementor-element-ca6bd63 e-con-full e-flex e-con e-child\" data-id=\"ca6bd63\" data-element_type=\"container\" data-e-type=\"container\">\n\t\t\t\t<div class=\"elementor-element elementor-element-0aacb9e elementor-invisible elementor-widget elementor-widget-image\" data-id=\"0aacb9e\" data-element_type=\"widget\" data-e-type=\"widget\" data-settings=\"{&quot;_animation&quot;:&quot;fadeInUp&quot;}\" data-widget_type=\"image.default\">\n\t\t\t\t<div class=\"elementor-widget-container\">\n\t\t\t\t\t\t\t\t\t\t\t\t\t\t\t<img alt=\"\" decoding=\"async\" width=\"2977\" height=\"3613\" src=\"https:\/\/www.geodaesie-sachsen.de\/wp-content\/uploads\/2024\/12\/Gruppe-399.png\" class=\"attachment-full size-full wp-image-7002\" alt=\"\" srcset=\"https:\/\/www.geodaesie-sachsen.de\/wp-content\/uploads\/2024\/12\/Gruppe-399.png 2977w, https:\/\/www.geodaesie-sachsen.de\/wp-content\/uploads\/2024\/12\/Gruppe-399-494x600.png 494w, https:\/\/www.geodaesie-sachsen.de\/wp-content\/uploads\/2024\/12\/Gruppe-399-989x1200.png 989w, https:\/\/www.geodaesie-sachsen.de\/wp-content\/uploads\/2024\/12\/Gruppe-399-768x932.png 768w, https:\/\/www.geodaesie-sachsen.de\/wp-content\/uploads\/2024\/12\/Gruppe-399-1266x1536.png 1266w, https:\/\/www.geodaesie-sachsen.de\/wp-content\/uploads\/2024\/12\/Gruppe-399-1687x2048.png 1687w\" sizes=\"(max-width: 2977px) 100vw, 2977px\" \/>\t\t\t\t\t\t\t\t\t\t\t\t\t\t\t<\/div>\n\t\t\t\t<\/div>\n\t\t\t\t<\/div>\n\t\t\t\t\t<\/div>\n\t\t\t\t<\/div>\n\t\t<div class=\"elementor-element elementor-element-a70a22b e-flex e-con-boxed e-con e-parent\" data-id=\"a70a22b\" data-element_type=\"container\" data-e-type=\"container\">\n\t\t\t\t\t<div class=\"e-con-inner\">\n\t\t<div class=\"elementor-element elementor-element-f8c29a3 e-con-full elementor-hidden-mobile e-flex e-con e-child\" data-id=\"f8c29a3\" data-element_type=\"container\" data-e-type=\"container\">\n\t\t\t\t<\/div>\n\t\t<div class=\"elementor-element elementor-element-80297a4 e-con-full e-flex e-con e-child\" data-id=\"80297a4\" data-element_type=\"container\" data-e-type=\"container\">\n\t\t\t\t<div class=\"elementor-element elementor-element-7ac9a09 elementor-widget elementor-widget-heading\" data-id=\"7ac9a09\" data-element_type=\"widget\" data-e-type=\"widget\" data-widget_type=\"heading.default\">\n\t\t\t\t<div class=\"elementor-widget-container\">\n\t\t\t\t\t<h2 class=\"elementor-heading-title elementor-size-default\">Wissenschaft.<\/h2>\t\t\t\t<\/div>\n\t\t\t\t<\/div>\n\t\t\t\t<div class=\"elementor-element elementor-element-d152749 elementor-widget elementor-widget-text-editor\" data-id=\"d152749\" data-element_type=\"widget\" data-e-type=\"widget\" data-widget_type=\"text-editor.default\">\n\t\t\t\t<div class=\"elementor-widget-container\">\n\t\t\t\t\t\t\t\t\t<p><strong>Gew\u00e4ssermonitoring.<\/strong><\/p><p>Frisches Wasser sch\u00fctzen! Geod\u00e4t:innen sichern Qualit\u00e4t, verhindern Verunreinigungen global.<\/p><p><strong>Gletschervermessung.<\/strong><\/p><p>Geod\u00e4t:innen messen schmelzende Gletscher, simulieren Zukunft und helfen gegen Klimawandel.<\/p><p><strong>Meeresforschung.<\/strong><\/p><p>Unsere Ozeane sind weniger erforscht als der Mond. Geod\u00e4sie entdeckt ungeahnte Welten auf den 71 % unserer Erdoberfl\u00e4che.<\/p>\t\t\t\t\t\t\t\t<\/div>\n\t\t\t\t<\/div>\n\t\t\t\t<div class=\"elementor-element elementor-element-c57b39a elementor-widget elementor-widget-button\" data-id=\"c57b39a\" data-element_type=\"widget\" data-e-type=\"widget\" data-widget_type=\"button.default\">\n\t\t\t\t<div class=\"elementor-widget-container\">\n\t\t\t\t\t\t\t\t\t<div class=\"elementor-button-wrapper\">\n\t\t\t\t\t<a class=\"elementor-button elementor-button-link elementor-size-sm\" href=\"https:\/\/geodaesie.nrw\/wissenschaft\/\" target=\"_blank\">\n\t\t\t\t\t\t<span class=\"elementor-button-content-wrapper\">\n\t\t\t\t\t\t\t\t\t<span class=\"elementor-button-text\">mehr hierzu<\/span>\n\t\t\t\t\t<\/span>\n\t\t\t\t\t<\/a>\n\t\t\t\t<\/div>\n\t\t\t\t\t\t\t\t<\/div>\n\t\t\t\t<\/div>\n\t\t\t\t<\/div>\n\t\t<div class=\"elementor-element elementor-element-76c6cee e-con-full elementor-hidden-mobile e-flex e-con e-child\" data-id=\"76c6cee\" data-element_type=\"container\" data-e-type=\"container\">\n\t\t\t\t<\/div>\n\t\t\t\t\t<\/div>\n\t\t\t\t<\/div>\n\t\t\t\t<\/div>\n\t\t","protected":false},"excerpt":{"rendered":"<p>Einund&shy;zwanzig&shy;mal Berufs&shy;vielfalt. Nachfolgend haben wir euch einmal alle T\u00e4tigkeitsfelder der Geod\u00e4sie zusammengefasst. Und obwohl wir f\u00fcr jedes Berufsbild nur einen Satz geschrieben haben, ist die Liste wirklich lang geworden. Wenn ihr noch mehr zu den einzelnen Gebieten wissen m\u00f6chtet: Unsere Geod\u00e4siekolleg:innenaus Nordrhein-Westfalen haben da schon mal etwas vorbereitet. Mit jedem &#8222;mehr hierzu&#8220; Link landet ihr [&hellip;]<\/p>\n","protected":false},"author":455,"featured_media":0,"parent":0,"menu_order":6,"comment_status":"closed","ping_status":"closed","template":"","meta":{"_seopress_robots_primary_cat":"","_seopress_titles_title":"","_seopress_titles_desc":"","_seopress_robots_index":"","footnotes":""},"class_list":["post-6945","page","type-page","status-publish","hentry"],"_links":{"self":[{"href":"https:\/\/www.geodaesie-sachsen.de\/index.php?rest_route=\/wp\/v2\/pages\/6945","targetHints":{"allow":["GET"]}}],"collection":[{"href":"https:\/\/www.geodaesie-sachsen.de\/index.php?rest_route=\/wp\/v2\/pages"}],"about":[{"href":"https:\/\/www.geodaesie-sachsen.de\/index.php?rest_route=\/wp\/v2\/types\/page"}],"author":[{"embeddable":true,"href":"https:\/\/www.geodaesie-sachsen.de\/index.php?rest_route=\/wp\/v2\/users\/455"}],"replies":[{"embeddable":true,"href":"https:\/\/www.geodaesie-sachsen.de\/index.php?rest_route=%2Fwp%2Fv2%2Fcomments&post=6945"}],"version-history":[{"count":94,"href":"https:\/\/www.geodaesie-sachsen.de\/index.php?rest_route=\/wp\/v2\/pages\/6945\/revisions"}],"predecessor-version":[{"id":11123,"href":"https:\/\/www.geodaesie-sachsen.de\/index.php?rest_route=\/wp\/v2\/pages\/6945\/revisions\/11123"}],"wp:attachment":[{"href":"https:\/\/www.geodaesie-sachsen.de\/index.php?rest_route=%2Fwp%2Fv2%2Fmedia&parent=6945"}],"curies":[{"name":"wp","href":"https:\/\/api.w.org\/{rel}","templated":true}]}}