{"id":6947,"date":"2024-12-05T12:38:31","date_gmt":"2024-12-05T11:38:31","guid":{"rendered":"https:\/\/www.geodaesie-sachsen.de\/?page_id=6947"},"modified":"2025-01-24T11:46:41","modified_gmt":"2025-01-24T10:46:41","slug":"ausbildungswege","status":"publish","type":"page","link":"https:\/\/www.geodaesie-sachsen.de\/?page_id=6947","title":{"rendered":"Ausbildungswege"},"content":{"rendered":"\t\t<div data-elementor-type=\"wp-page\" data-elementor-id=\"6947\" class=\"elementor elementor-6947\" data-elementor-post-type=\"page\">\n\t\t\t\t<div class=\"elementor-element elementor-element-a706050 e-flex e-con-boxed e-con e-parent\" data-id=\"a706050\" data-element_type=\"container\" data-e-type=\"container\">\n\t\t\t\t\t<div class=\"e-con-inner\">\n\t\t<div class=\"elementor-element elementor-element-99a2b8d e-con-full e-flex e-con e-child\" data-id=\"99a2b8d\" data-element_type=\"container\" data-e-type=\"container\">\n\t\t\t\t<div class=\"elementor-element elementor-element-6de64c9 elementor-widget elementor-widget-heading\" data-id=\"6de64c9\" data-element_type=\"widget\" data-e-type=\"widget\" data-widget_type=\"heading.default\">\n\t\t\t\t<div class=\"elementor-widget-container\">\n\t\t\t\t\t<h1 class=\"elementor-heading-title elementor-size-default\">Ausbildungswege.<\/h1>\t\t\t\t<\/div>\n\t\t\t\t<\/div>\n\t\t\t\t<\/div>\n\t\t\t\t\t<\/div>\n\t\t\t\t<\/div>\n\t\t<div class=\"elementor-element elementor-element-bbecb3b e-flex e-con-boxed e-con e-parent\" data-id=\"bbecb3b\" data-element_type=\"container\" data-e-type=\"container\">\n\t\t\t\t\t<div class=\"e-con-inner\">\n\t\t<div class=\"elementor-element elementor-element-fdba33e e-con-full e-flex e-con e-child\" data-id=\"fdba33e\" data-element_type=\"container\" data-e-type=\"container\">\n\t\t\t\t<div class=\"elementor-element elementor-element-62d2d29 elementor-widget elementor-widget-text-editor\" data-id=\"62d2d29\" data-element_type=\"widget\" data-e-type=\"widget\" data-widget_type=\"text-editor.default\">\n\t\t\t\t<div class=\"elementor-widget-container\">\n\t\t\t\t\t\t\t\t\t<p>Du bist neugierig auf Geod\u00e4sie und m\u00f6chtest herausfinden, welcher Weg zu dir passt? Kein Problem! Hier erf\u00e4hrst du alles \u00fcber die vielf\u00e4ltigen M\u00f6glichkeiten: Schnuppere im Praktikum in die Praxiswelt, lege mit einer Ausbildung den Grundstein, vertiefe dein Wissen im Studium oder w\u00e4hle ein duales Modell f\u00fcr Theorie und Praxis. Als Beamtin oder Beamter im \u00f6ffentlichen Dienst oder als freiberufliche:r Vermessungsingenieur:in stehen dir alle T\u00fcren offen. Entdecke jetzt deinen pers\u00f6nlichen Einstieg in die faszinierende Welt der Vermessung.<\/p>\t\t\t\t\t\t\t\t<\/div>\n\t\t\t\t<\/div>\n\t\t\t\t<div class=\"elementor-element elementor-element-3148386 elementor-widget elementor-widget-image\" data-id=\"3148386\" data-element_type=\"widget\" data-e-type=\"widget\" data-widget_type=\"image.default\">\n\t\t\t\t<div class=\"elementor-widget-container\">\n\t\t\t\t\t\t\t\t\t\t\t\t\t\t\t<img alt=\"\" fetchpriority=\"high\" decoding=\"async\" width=\"800\" height=\"300\" src=\"https:\/\/www.geodaesie-sachsen.de\/wp-content\/uploads\/2024\/12\/young-people-gruppe-1200x450.png\" class=\"attachment-large size-large wp-image-8148\" alt=\"\" srcset=\"https:\/\/www.geodaesie-sachsen.de\/wp-content\/uploads\/2024\/12\/young-people-gruppe-1200x450.png 1200w, https:\/\/www.geodaesie-sachsen.de\/wp-content\/uploads\/2024\/12\/young-people-gruppe-600x225.png 600w, https:\/\/www.geodaesie-sachsen.de\/wp-content\/uploads\/2024\/12\/young-people-gruppe-768x288.png 768w, https:\/\/www.geodaesie-sachsen.de\/wp-content\/uploads\/2024\/12\/young-people-gruppe-1536x577.png 1536w, https:\/\/www.geodaesie-sachsen.de\/wp-content\/uploads\/2024\/12\/young-people-gruppe-2048x769.png 2048w\" sizes=\"(max-width: 800px) 100vw, 800px\" \/>\t\t\t\t\t\t\t\t\t\t\t\t\t\t\t<\/div>\n\t\t\t\t<\/div>\n\t\t\t\t<\/div>\n\t\t\t\t\t<\/div>\n\t\t\t\t<\/div>\n\t\t<div class=\"elementor-element elementor-element-dcd2bbb e-flex e-con-boxed e-con e-parent\" data-id=\"dcd2bbb\" data-element_type=\"container\" data-e-type=\"container\">\n\t\t\t\t\t<div class=\"e-con-inner\">\n\t\t\t\t<div class=\"elementor-element elementor-element-131fb6b elementor-absolute elementor-widget elementor-widget-image\" data-id=\"131fb6b\" data-element_type=\"widget\" data-e-type=\"widget\" data-settings=\"{&quot;_position&quot;:&quot;absolute&quot;}\" data-widget_type=\"image.default\">\n\t\t\t\t<div class=\"elementor-widget-container\">\n\t\t\t\t\t\t\t\t\t\t\t\t\t\t\t<img alt=\"\" decoding=\"async\" width=\"589\" height=\"545\" src=\"https:\/\/www.geodaesie-sachsen.de\/wp-content\/uploads\/2023\/05\/Polygon-9.png\" class=\"attachment-full size-full wp-image-522\" alt=\"\" \/>\t\t\t\t\t\t\t\t\t\t\t\t\t\t\t<\/div>\n\t\t\t\t<\/div>\n\t\t<div class=\"elementor-element elementor-element-9051a2e e-con-full e-flex e-con e-child\" data-id=\"9051a2e\" data-element_type=\"container\" data-e-type=\"container\">\n\t\t\t\t<div class=\"elementor-element elementor-element-a0781d5 elementor-widget elementor-widget-heading\" data-id=\"a0781d5\" data-element_type=\"widget\" data-e-type=\"widget\" data-widget_type=\"heading.default\">\n\t\t\t\t<div class=\"elementor-widget-container\">\n\t\t\t\t\t<h4 class=\"elementor-heading-title elementor-size-default\">Karriereberatung<\/h4>\t\t\t\t<\/div>\n\t\t\t\t<\/div>\n\t\t\t\t<div class=\"elementor-element elementor-element-b3ebc1f elementor-widget elementor-widget-text-editor\" data-id=\"b3ebc1f\" data-element_type=\"widget\" data-e-type=\"widget\" data-widget_type=\"text-editor.default\">\n\t\t\t\t<div class=\"elementor-widget-container\">\n\t\t\t\t\t\t\t\t\t<div class=\"et_pb_module et_pb_post_content et_pb_post_content_0_tb_body\"><p>Wir stehen dir gerne f\u00fcr Fragen, Anregungen und weitere Beratung bez\u00fcglich der Geod\u00e4sie zur Verf\u00fcgung:<\/p><p><strong>Landesamt f\u00fcr Geobasisinformation Sachsen<br \/><\/strong>Dana Ritzmann<br \/>Olbrichtplatz 3<br \/>01099 Dresden<\/p><p>0351 8283-4444<br \/><a href=\"mailto:geodaesie@geosn.sachsen.de\">geodaesie@geosn.sachsen.de<\/a><\/p><\/div>\t\t\t\t\t\t\t\t<\/div>\n\t\t\t\t<\/div>\n\t\t\t\t<\/div>\n\t\t\t\t\t<\/div>\n\t\t\t\t<\/div>\n\t\t<div class=\"elementor-element elementor-element-12065b3 e-flex e-con-boxed e-con e-parent\" data-id=\"12065b3\" data-element_type=\"container\" data-e-type=\"container\">\n\t\t\t\t\t<div class=\"e-con-inner\">\n\t\t<div class=\"elementor-element elementor-element-d169eed e-con-full e-flex e-con e-child\" data-id=\"d169eed\" data-element_type=\"container\" data-e-type=\"container\">\n\t\t\t\t<div class=\"elementor-element elementor-element-f4a4183 elementor-widget elementor-widget-heading\" data-id=\"f4a4183\" data-element_type=\"widget\" data-e-type=\"widget\" data-widget_type=\"heading.default\">\n\t\t\t\t<div class=\"elementor-widget-container\">\n\t\t\t\t\t<h5 class=\"elementor-heading-title elementor-size-default\">Praktikum.<\/h5>\t\t\t\t<\/div>\n\t\t\t\t<\/div>\n\t\t\t\t<div class=\"elementor-element elementor-element-606c632 elementor-widget elementor-widget-text-editor\" data-id=\"606c632\" data-element_type=\"widget\" data-e-type=\"widget\" data-widget_type=\"text-editor.default\">\n\t\t\t\t<div class=\"elementor-widget-container\">\n\t\t\t\t\t\t\t\t\t<p>Unsicher, ob Geod\u00e4siestudium oder -ausbildung zu dir passt? Probiers doch mit einem Praktikum! Schon w\u00e4hrend der Schulzeit oder danach kannst du Praxisluft schnuppern, erste Skills sammeln und dich bei Vermessungsprofis inspirieren lassen. Teste verschiedene Unternehmen: Beh\u00f6rde oder privates B\u00fcro \u2013 so findest du deinen Weg. Unsere interaktive Karte hilft dir dabei!<\/p>\t\t\t\t\t\t\t\t<\/div>\n\t\t\t\t<\/div>\n\t\t\t\t<div class=\"elementor-element elementor-element-9253719 elementor-align-right elementor-widget elementor-widget-button\" data-id=\"9253719\" data-element_type=\"widget\" data-e-type=\"widget\" data-widget_type=\"button.default\">\n\t\t\t\t<div class=\"elementor-widget-container\">\n\t\t\t\t\t\t\t\t\t<div class=\"elementor-button-wrapper\">\n\t\t\t\t\t<a class=\"elementor-button elementor-button-link elementor-size-sm\" href=\"https:\/\/www.geodaesie-sachsen.de\/praktikum\/\">\n\t\t\t\t\t\t<span class=\"elementor-button-content-wrapper\">\n\t\t\t\t\t\t\t\t\t<span class=\"elementor-button-text\">weiterlesen<\/span>\n\t\t\t\t\t<\/span>\n\t\t\t\t\t<\/a>\n\t\t\t\t<\/div>\n\t\t\t\t\t\t\t\t<\/div>\n\t\t\t\t<\/div>\n\t\t\t\t<\/div>\n\t\t\t\t\t<\/div>\n\t\t\t\t<\/div>\n\t\t<div class=\"elementor-element elementor-element-2276e38 e-flex e-con-boxed e-con e-parent\" data-id=\"2276e38\" data-element_type=\"container\" data-e-type=\"container\">\n\t\t\t\t\t<div class=\"e-con-inner\">\n\t\t<div class=\"elementor-element elementor-element-6ebed54 e-con-full e-flex e-con e-child\" data-id=\"6ebed54\" data-element_type=\"container\" data-e-type=\"container\">\n\t\t\t\t<div class=\"elementor-element elementor-element-2583ff9 elementor-widget elementor-widget-heading\" data-id=\"2583ff9\" data-element_type=\"widget\" data-e-type=\"widget\" data-widget_type=\"heading.default\">\n\t\t\t\t<div class=\"elementor-widget-container\">\n\t\t\t\t\t<h5 class=\"elementor-heading-title elementor-size-default\">Ausbildung.<\/h5>\t\t\t\t<\/div>\n\t\t\t\t<\/div>\n\t\t\t\t<div class=\"elementor-element elementor-element-57a22ea elementor-widget elementor-widget-text-editor\" data-id=\"57a22ea\" data-element_type=\"widget\" data-e-type=\"widget\" data-widget_type=\"text-editor.default\">\n\t\t\t\t<div class=\"elementor-widget-container\">\n\t\t\t\t\t\t\t\t\t<p>Die Ausbildung zum oder zur Geod\u00e4t:in dauert drei Jahre und bietet dir nach dem ersten Basisjahr zwei Wege: Du schlie\u00dft als Geomatiker:in oder als Vermessungstechniker:in ab. Bist du ein Fan digitaler Tools und willst die Klimaforschung unterst\u00fctzen? Werde Geomatiker:in! Oder magst du lieber drau\u00dfen messen, Karten erstellen und mit Technik jonglieren? Dann bist du als Vermessungstechniker:in genau richtig.<\/p>\t\t\t\t\t\t\t\t<\/div>\n\t\t\t\t<\/div>\n\t\t\t\t<div class=\"elementor-element elementor-element-f8bcc2a elementor-align-right elementor-widget elementor-widget-button\" data-id=\"f8bcc2a\" data-element_type=\"widget\" data-e-type=\"widget\" data-widget_type=\"button.default\">\n\t\t\t\t<div class=\"elementor-widget-container\">\n\t\t\t\t\t\t\t\t\t<div class=\"elementor-button-wrapper\">\n\t\t\t\t\t<a class=\"elementor-button elementor-button-link elementor-size-sm\" href=\"https:\/\/www.geodaesie-sachsen.de\/ausbildung\/\">\n\t\t\t\t\t\t<span class=\"elementor-button-content-wrapper\">\n\t\t\t\t\t\t\t\t\t<span class=\"elementor-button-text\">weiterlesen<\/span>\n\t\t\t\t\t<\/span>\n\t\t\t\t\t<\/a>\n\t\t\t\t<\/div>\n\t\t\t\t\t\t\t\t<\/div>\n\t\t\t\t<\/div>\n\t\t\t\t<\/div>\n\t\t\t\t\t<\/div>\n\t\t\t\t<\/div>\n\t\t<div class=\"elementor-element elementor-element-dd20506 e-flex e-con-boxed e-con e-parent\" data-id=\"dd20506\" data-element_type=\"container\" data-e-type=\"container\">\n\t\t\t\t\t<div class=\"e-con-inner\">\n\t\t\t\t<div class=\"elementor-element elementor-element-bfcbbd3 elementor-absolute elementor-hidden-tablet elementor-hidden-mobile elementor-widget elementor-widget-image\" data-id=\"bfcbbd3\" data-element_type=\"widget\" data-e-type=\"widget\" data-settings=\"{&quot;_position&quot;:&quot;absolute&quot;}\" data-widget_type=\"image.default\">\n\t\t\t\t<div class=\"elementor-widget-container\">\n\t\t\t\t\t\t\t\t\t\t\t\t\t\t\t<img alt=\"\" decoding=\"async\" width=\"589\" height=\"545\" src=\"https:\/\/www.geodaesie-sachsen.de\/wp-content\/uploads\/2023\/05\/Polygon-9.png\" class=\"attachment-full size-full wp-image-522\" alt=\"\" \/>\t\t\t\t\t\t\t\t\t\t\t\t\t\t\t<\/div>\n\t\t\t\t<\/div>\n\t\t\t\t\t<\/div>\n\t\t\t\t<\/div>\n\t\t<div class=\"elementor-element elementor-element-8f0734e e-flex e-con-boxed e-con e-parent\" data-id=\"8f0734e\" data-element_type=\"container\" data-e-type=\"container\">\n\t\t\t\t\t<div class=\"e-con-inner\">\n\t\t<div class=\"elementor-element elementor-element-d248567 e-con-full e-flex e-con e-child\" data-id=\"d248567\" data-element_type=\"container\" data-e-type=\"container\">\n\t\t\t\t<div class=\"elementor-element elementor-element-ca86bbd elementor-widget elementor-widget-heading\" data-id=\"ca86bbd\" data-element_type=\"widget\" data-e-type=\"widget\" data-widget_type=\"heading.default\">\n\t\t\t\t<div class=\"elementor-widget-container\">\n\t\t\t\t\t<h5 class=\"elementor-heading-title elementor-size-default\">Studium.<\/h5>\t\t\t\t<\/div>\n\t\t\t\t<\/div>\n\t\t\t\t<div class=\"elementor-element elementor-element-3a7aba6 elementor-widget elementor-widget-text-editor\" data-id=\"3a7aba6\" data-element_type=\"widget\" data-e-type=\"widget\" data-widget_type=\"text-editor.default\">\n\t\t\t\t<div class=\"elementor-widget-container\">\n\t\t\t\t\t\t\t\t\t<p>Bereit f\u00fcr die Welt der Geod\u00e4sie? Mit deinem Studium kannst du von Hightech-Datenanalyse bis zu Outdoor-Abenteuern alles erleben. Als Geoinformatiker:in arbeitest du mit digitalen Tools, als Vermessungsingenieur:in sicherst du dir stabile Jobs im \u00f6ffentlichen Dienst. Kleine Studiengruppen, viel Praxis und spannende Unis warten auf dich!<\/p>\t\t\t\t\t\t\t\t<\/div>\n\t\t\t\t<\/div>\n\t\t\t\t<div class=\"elementor-element elementor-element-1c8b672 elementor-align-right elementor-widget elementor-widget-button\" data-id=\"1c8b672\" data-element_type=\"widget\" data-e-type=\"widget\" data-widget_type=\"button.default\">\n\t\t\t\t<div class=\"elementor-widget-container\">\n\t\t\t\t\t\t\t\t\t<div class=\"elementor-button-wrapper\">\n\t\t\t\t\t<a class=\"elementor-button elementor-button-link elementor-size-sm\" href=\"https:\/\/www.geodaesie-sachsen.de\/studium\/\">\n\t\t\t\t\t\t<span class=\"elementor-button-content-wrapper\">\n\t\t\t\t\t\t\t\t\t<span class=\"elementor-button-text\">weiterlesen<\/span>\n\t\t\t\t\t<\/span>\n\t\t\t\t\t<\/a>\n\t\t\t\t<\/div>\n\t\t\t\t\t\t\t\t<\/div>\n\t\t\t\t<\/div>\n\t\t\t\t<\/div>\n\t\t\t\t\t<\/div>\n\t\t\t\t<\/div>\n\t\t<div class=\"elementor-element elementor-element-2053a75 e-flex e-con-boxed e-con e-parent\" data-id=\"2053a75\" data-element_type=\"container\" data-e-type=\"container\">\n\t\t\t\t\t<div class=\"e-con-inner\">\n\t\t<div class=\"elementor-element elementor-element-599b448 e-con-full e-flex e-con e-child\" data-id=\"599b448\" data-element_type=\"container\" data-e-type=\"container\">\n\t\t\t\t<div class=\"elementor-element elementor-element-280e14a elementor-widget elementor-widget-heading\" data-id=\"280e14a\" data-element_type=\"widget\" data-e-type=\"widget\" data-widget_type=\"heading.default\">\n\t\t\t\t<div class=\"elementor-widget-container\">\n\t\t\t\t\t<h5 class=\"elementor-heading-title elementor-size-default\">Duales Studium.<\/h5>\t\t\t\t<\/div>\n\t\t\t\t<\/div>\n\t\t\t\t<div class=\"elementor-element elementor-element-193f6ad elementor-widget elementor-widget-text-editor\" data-id=\"193f6ad\" data-element_type=\"widget\" data-e-type=\"widget\" data-widget_type=\"text-editor.default\">\n\t\t\t\t<div class=\"elementor-widget-container\">\n\t\t\t\t\t\t\t\t\t<p>Das duale Studium in Sachsen gibts an der HTW Dresden. Deine Arbeitgeber:innen k\u00f6nnen private Firmen, Ingenieurb\u00fcros oder Beh\u00f6rden sein. W\u00e4hrend des Semesters studierst du ganz normal an der HTW Dresden, und in den vorlesungsfreien Zeiten sammelst du Praxiserfahrung in deinem Betrieb oder deiner Beh\u00f6rde \u2013 hier kannst du dein Wissen direkt anwenden und wertvolle Einblicke gewinnen.<\/p>\t\t\t\t\t\t\t\t<\/div>\n\t\t\t\t<\/div>\n\t\t\t\t<div class=\"elementor-element elementor-element-b4a6f90 elementor-align-right elementor-widget elementor-widget-button\" data-id=\"b4a6f90\" data-element_type=\"widget\" data-e-type=\"widget\" data-widget_type=\"button.default\">\n\t\t\t\t<div class=\"elementor-widget-container\">\n\t\t\t\t\t\t\t\t\t<div class=\"elementor-button-wrapper\">\n\t\t\t\t\t<a class=\"elementor-button elementor-button-link elementor-size-sm\" href=\"https:\/\/www.geodaesie-sachsen.de\/studium\/\">\n\t\t\t\t\t\t<span class=\"elementor-button-content-wrapper\">\n\t\t\t\t\t\t\t\t\t<span class=\"elementor-button-text\">weiterlesen<\/span>\n\t\t\t\t\t<\/span>\n\t\t\t\t\t<\/a>\n\t\t\t\t<\/div>\n\t\t\t\t\t\t\t\t<\/div>\n\t\t\t\t<\/div>\n\t\t\t\t<\/div>\n\t\t\t\t\t<\/div>\n\t\t\t\t<\/div>\n\t\t<div class=\"elementor-element elementor-element-8de79e6 e-flex e-con-boxed e-con e-parent\" data-id=\"8de79e6\" data-element_type=\"container\" data-e-type=\"container\">\n\t\t\t\t\t<div class=\"e-con-inner\">\n\t\t\t\t<div class=\"elementor-element elementor-element-8dd16ea elementor-absolute elementor-widget elementor-widget-image\" data-id=\"8dd16ea\" data-element_type=\"widget\" data-e-type=\"widget\" data-settings=\"{&quot;_position&quot;:&quot;absolute&quot;}\" data-widget_type=\"image.default\">\n\t\t\t\t<div class=\"elementor-widget-container\">\n\t\t\t\t\t\t\t\t\t\t\t\t\t\t\t<img alt=\"\" decoding=\"async\" width=\"589\" height=\"545\" src=\"https:\/\/www.geodaesie-sachsen.de\/wp-content\/uploads\/2023\/05\/Polygon-9.png\" class=\"attachment-full size-full wp-image-522\" alt=\"\" \/>\t\t\t\t\t\t\t\t\t\t\t\t\t\t\t<\/div>\n\t\t\t\t<\/div>\n\t\t<div class=\"elementor-element elementor-element-c8bec01 e-con-full e-flex e-con e-child\" data-id=\"c8bec01\" data-element_type=\"container\" data-e-type=\"container\">\n\t\t\t\t<div class=\"elementor-element elementor-element-ede4856 elementor-widget elementor-widget-heading\" data-id=\"ede4856\" data-element_type=\"widget\" data-e-type=\"widget\" data-widget_type=\"heading.default\">\n\t\t\t\t<div class=\"elementor-widget-container\">\n\t\t\t\t\t<h5 class=\"elementor-heading-title elementor-size-default\">Beamt:innenausbildung.<\/h5>\t\t\t\t<\/div>\n\t\t\t\t<\/div>\n\t\t\t\t<div class=\"elementor-element elementor-element-213a6cd elementor-widget elementor-widget-text-editor\" data-id=\"213a6cd\" data-element_type=\"widget\" data-e-type=\"widget\" data-widget_type=\"text-editor.default\">\n\t\t\t\t<div class=\"elementor-widget-container\">\n\t\t\t\t\t\t\t\t\t<div class=\"et_pb_module et_pb_text et_pb_text_0 et_pb_text_align_left et_pb_bg_layout_light\"><div class=\"et_pb_text_inner\"><p>Deine Option f\u00fcr nach dem Bachelor: Eine Beamt:innenausbildung zum\/zur Vermessungsoberinspektor:in mit 2.300 \u20ac monatlich schon w\u00e4hrend der <span class=\"TextRun SCXW39857935 BCX8\" lang=\"DE-DE\" xml:lang=\"DE-DE\" data-contrast=\"auto\"><span class=\"NormalTextRun SCXW39857935 BCX8\">Laufbahnausbildung<\/span><\/span>, 30 Tagen Urlaub und den besten Aussichten im \u00f6ffentlichen Vermessungsdienst.<\/p><p>Deine Option f\u00fcr nach dem Master: Technische:r Assessor:in mit leitenden Funktionen, rund 2.700 \u20ac Ausbildungsgehalt und freiberuflichen M\u00f6glichkeiten.<\/p><\/div><\/div>\t\t\t\t\t\t\t\t<\/div>\n\t\t\t\t<\/div>\n\t\t\t\t<div class=\"elementor-element elementor-element-4347f8a elementor-align-right elementor-widget elementor-widget-button\" data-id=\"4347f8a\" data-element_type=\"widget\" data-e-type=\"widget\" data-widget_type=\"button.default\">\n\t\t\t\t<div class=\"elementor-widget-container\">\n\t\t\t\t\t\t\t\t\t<div class=\"elementor-button-wrapper\">\n\t\t\t\t\t<a class=\"elementor-button elementor-button-link elementor-size-sm\" href=\"https:\/\/www.geodaesie-sachsen.de\/beamtenausbildung\">\n\t\t\t\t\t\t<span class=\"elementor-button-content-wrapper\">\n\t\t\t\t\t\t\t\t\t<span class=\"elementor-button-text\">weiterlesen<\/span>\n\t\t\t\t\t<\/span>\n\t\t\t\t\t<\/a>\n\t\t\t\t<\/div>\n\t\t\t\t\t\t\t\t<\/div>\n\t\t\t\t<\/div>\n\t\t\t\t<\/div>\n\t\t\t\t\t<\/div>\n\t\t\t\t<\/div>\n\t\t<div class=\"elementor-element elementor-element-a5a8561 e-flex e-con-boxed e-con e-parent\" data-id=\"a5a8561\" data-element_type=\"container\" data-e-type=\"container\">\n\t\t\t\t\t<div class=\"e-con-inner\">\n\t\t\t\t<div class=\"elementor-element elementor-element-5c179da elementor-widget elementor-widget-heading\" data-id=\"5c179da\" data-element_type=\"widget\" data-e-type=\"widget\" data-widget_type=\"heading.default\">\n\t\t\t\t<div class=\"elementor-widget-container\">\n\t\t\t\t\t<h2 class=\"elementor-heading-title elementor-size-default\">Jobportraits.<\/h2>\t\t\t\t<\/div>\n\t\t\t\t<\/div>\n\t\t\t\t<div class=\"elementor-element elementor-element-eae3842 elementor-widget elementor-widget-text-editor\" data-id=\"eae3842\" data-element_type=\"widget\" data-e-type=\"widget\" data-widget_type=\"text-editor.default\">\n\t\t\t\t<div class=\"elementor-widget-container\">\n\t\t\t\t\t\t\t\t\t<p><strong>Entdecke die Berufswelt der Geod\u00e4sie<\/strong>: Lass dich von spannenden Jobportraits echter Profis faszinieren, die die Erde vermessen, Karten erstellen und St\u00e4dte gestalten. Ihre pers\u00f6nlichen Geschichten bieten nicht nur Einblicke in den Beruf, sondern wecken garantiert deine Neugier. Begleite uns auf eine inspirierende Reise hinter die Kulissen der Geod\u00e4sie!<\/p>\t\t\t\t\t\t\t\t<\/div>\n\t\t\t\t<\/div>\n\t\t\t\t<div class=\"elementor-element elementor-element-ce3a99e elementor-align-right elementor-widget elementor-widget-button\" data-id=\"ce3a99e\" data-element_type=\"widget\" data-e-type=\"widget\" data-widget_type=\"button.default\">\n\t\t\t\t<div class=\"elementor-widget-container\">\n\t\t\t\t\t\t\t\t\t<div class=\"elementor-button-wrapper\">\n\t\t\t\t\t<a class=\"elementor-button elementor-button-link elementor-size-sm\" href=\"https:\/\/www.geodaesie-sachsen.de\/jobportraits\/\">\n\t\t\t\t\t\t<span class=\"elementor-button-content-wrapper\">\n\t\t\t\t\t\t\t\t\t<span class=\"elementor-button-text\">weiterlesen<\/span>\n\t\t\t\t\t<\/span>\n\t\t\t\t\t<\/a>\n\t\t\t\t<\/div>\n\t\t\t\t\t\t\t\t<\/div>\n\t\t\t\t<\/div>\n\t\t\t\t\t<\/div>\n\t\t\t\t<\/div>\n\t\t\t\t<\/div>\n\t\t","protected":false},"excerpt":{"rendered":"<p>Ausbildungswege. Du bist neugierig auf Geod\u00e4sie und m\u00f6chtest herausfinden, welcher Weg zu dir passt? Kein Problem! Hier erf\u00e4hrst du alles \u00fcber die vielf\u00e4ltigen M\u00f6glichkeiten: Schnuppere im Praktikum in die Praxiswelt, lege mit einer Ausbildung den Grundstein, vertiefe dein Wissen im Studium oder w\u00e4hle ein duales Modell f\u00fcr Theorie und Praxis. Als Beamtin oder Beamter im [&hellip;]<\/p>\n","protected":false},"author":455,"featured_media":0,"parent":0,"menu_order":8,"comment_status":"closed","ping_status":"closed","template":"","meta":{"_seopress_robots_primary_cat":"","_seopress_titles_title":"","_seopress_titles_desc":"","_seopress_robots_index":"","footnotes":""},"class_list":["post-6947","page","type-page","status-publish","hentry"],"_links":{"self":[{"href":"https:\/\/www.geodaesie-sachsen.de\/index.php?rest_route=\/wp\/v2\/pages\/6947","targetHints":{"allow":["GET"]}}],"collection":[{"href":"https:\/\/www.geodaesie-sachsen.de\/index.php?rest_route=\/wp\/v2\/pages"}],"about":[{"href":"https:\/\/www.geodaesie-sachsen.de\/index.php?rest_route=\/wp\/v2\/types\/page"}],"author":[{"embeddable":true,"href":"https:\/\/www.geodaesie-sachsen.de\/index.php?rest_route=\/wp\/v2\/users\/455"}],"replies":[{"embeddable":true,"href":"https:\/\/www.geodaesie-sachsen.de\/index.php?rest_route=%2Fwp%2Fv2%2Fcomments&post=6947"}],"version-history":[{"count":82,"href":"https:\/\/www.geodaesie-sachsen.de\/index.php?rest_route=\/wp\/v2\/pages\/6947\/revisions"}],"predecessor-version":[{"id":9539,"href":"https:\/\/www.geodaesie-sachsen.de\/index.php?rest_route=\/wp\/v2\/pages\/6947\/revisions\/9539"}],"wp:attachment":[{"href":"https:\/\/www.geodaesie-sachsen.de\/index.php?rest_route=%2Fwp%2Fv2%2Fmedia&parent=6947"}],"curies":[{"name":"wp","href":"https:\/\/api.w.org\/{rel}","templated":true}]}}