{"id":6949,"date":"2024-12-05T12:38:54","date_gmt":"2024-12-05T11:38:54","guid":{"rendered":"https:\/\/www.geodaesie-sachsen.de\/?page_id=6949"},"modified":"2025-04-01T14:02:07","modified_gmt":"2025-04-01T12:02:07","slug":"ausbildungs-und-jobboerse","status":"publish","type":"page","link":"https:\/\/www.geodaesie-sachsen.de\/?page_id=6949","title":{"rendered":"Ausbildungs- und Jobb\u00f6rse"},"content":{"rendered":"\t\t<div data-elementor-type=\"wp-page\" data-elementor-id=\"6949\" class=\"elementor elementor-6949\" data-elementor-post-type=\"page\">\n\t\t\t\t<div class=\"elementor-element elementor-element-26fbe61 e-flex e-con-boxed e-con e-parent\" data-id=\"26fbe61\" data-element_type=\"container\" data-e-type=\"container\">\n\t\t\t\t\t<div class=\"e-con-inner\">\n\t\t<div class=\"elementor-element elementor-element-8eede70 e-con-full e-flex e-con e-child\" data-id=\"8eede70\" data-element_type=\"container\" data-e-type=\"container\">\n\t\t\t\t<div class=\"elementor-element elementor-element-7bd19ce elementor-widget elementor-widget-heading\" data-id=\"7bd19ce\" data-element_type=\"widget\" data-e-type=\"widget\" data-widget_type=\"heading.default\">\n\t\t\t\t<div class=\"elementor-widget-container\">\n\t\t\t\t\t<h2 class=\"elementor-heading-title elementor-size-default\">Unsere Geod\u00e4sie-Jobb\u00f6rse.<\/h2>\t\t\t\t<\/div>\n\t\t\t\t<\/div>\n\t\t\t\t<\/div>\n\t\t\t\t\t<\/div>\n\t\t\t\t<\/div>\n\t\t<div class=\"elementor-element elementor-element-c07980a e-flex e-con-boxed e-con e-parent\" data-id=\"c07980a\" data-element_type=\"container\" data-e-type=\"container\">\n\t\t\t\t\t<div class=\"e-con-inner\">\n\t\t\t\t<div class=\"elementor-element elementor-element-5f0f3d7 elementor-absolute elementor-widget elementor-widget-image\" data-id=\"5f0f3d7\" data-element_type=\"widget\" data-e-type=\"widget\" data-settings=\"{&quot;_position&quot;:&quot;absolute&quot;}\" data-widget_type=\"image.default\">\n\t\t\t\t<div class=\"elementor-widget-container\">\n\t\t\t\t\t\t\t\t\t\t\t\t\t\t\t<img alt=\"\" fetchpriority=\"high\" decoding=\"async\" width=\"467\" height=\"485\" src=\"https:\/\/www.geodaesie-sachsen.de\/wp-content\/uploads\/2024\/12\/Polygon-5-6.png\" class=\"attachment-full size-full wp-image-7615\" alt=\"\" \/>\t\t\t\t\t\t\t\t\t\t\t\t\t\t\t<\/div>\n\t\t\t\t<\/div>\n\t\t\t\t<div class=\"elementor-element elementor-element-ebbf58e elementor-absolute elementor-hidden-tablet elementor-hidden-mobile elementor-widget elementor-widget-image\" data-id=\"ebbf58e\" data-element_type=\"widget\" data-e-type=\"widget\" data-settings=\"{&quot;_position&quot;:&quot;absolute&quot;}\" data-widget_type=\"image.default\">\n\t\t\t\t<div class=\"elementor-widget-container\">\n\t\t\t\t\t\t\t\t\t\t\t\t\t\t\t<img alt=\"\" fetchpriority=\"high\" decoding=\"async\" width=\"467\" height=\"485\" src=\"https:\/\/www.geodaesie-sachsen.de\/wp-content\/uploads\/2024\/12\/Polygon-5-6.png\" class=\"attachment-full size-full wp-image-7615\" alt=\"\" \/>\t\t\t\t\t\t\t\t\t\t\t\t\t\t\t<\/div>\n\t\t\t\t<\/div>\n\t\t\t\t\t<\/div>\n\t\t\t\t<\/div>\n\t\t<div class=\"elementor-element elementor-element-8026325 e-flex e-con-boxed e-con e-parent\" data-id=\"8026325\" data-element_type=\"container\" data-e-type=\"container\">\n\t\t\t\t\t<div class=\"e-con-inner\">\n\t\t<div class=\"elementor-element elementor-element-6b6836f e-con-full e-flex e-con e-child\" data-id=\"6b6836f\" data-element_type=\"container\" data-e-type=\"container\">\n\t\t\t\t<div class=\"elementor-element elementor-element-a884446 elementor-widget elementor-widget-text-editor\" data-id=\"a884446\" data-element_type=\"widget\" data-e-type=\"widget\" data-widget_type=\"text-editor.default\">\n\t\t\t\t<div class=\"elementor-widget-container\">\n\t\t\t\t\t\t\t\t\t<p>Mit wenigen Klicks in die Karte findest du hier aktuell offene Stellen sowie Ausbildungs- und Praktikumspl\u00e4tze in deiner Region:<\/p>\t\t\t\t\t\t\t\t<\/div>\n\t\t\t\t<\/div>\n\t\t\t\t<\/div>\n\t\t<div class=\"elementor-element elementor-element-ced3194 e-con-full e-flex e-con e-child\" data-id=\"ced3194\" data-element_type=\"container\" data-e-type=\"container\">\n\t\t<div class=\"elementor-element elementor-element-e9b2343 e-con-full e-flex e-con e-child\" data-id=\"e9b2343\" data-element_type=\"container\" data-e-type=\"container\">\n\t\t\t\t<div class=\"elementor-element elementor-element-9ab7328 elementor-position-left elementor-vertical-align-top elementor-widget elementor-widget-image-box\" data-id=\"9ab7328\" data-element_type=\"widget\" data-e-type=\"widget\" data-widget_type=\"image-box.default\">\n\t\t\t\t<div class=\"elementor-widget-container\">\n\t\t\t\t\t<div class=\"elementor-image-box-wrapper\"><figure class=\"elementor-image-box-img\"><img alt=\"\" decoding=\"async\" width=\"40\" height=\"39\" src=\"https:\/\/www.geodaesie-sachsen.de\/wp-content\/uploads\/2024\/12\/Hochschulen-Universitaeten-Studium.png\" class=\"attachment-full size-full wp-image-8307\" alt=\"\" \/><\/figure><div class=\"elementor-image-box-content\"><span class=\"elementor-image-box-title\">Hochschulen\/Universit\u00e4ten - Studium<\/span><\/div><\/div>\t\t\t\t<\/div>\n\t\t\t\t<\/div>\n\t\t\t\t<div class=\"elementor-element elementor-element-f8fc4fc elementor-position-left elementor-vertical-align-top elementor-widget elementor-widget-image-box\" data-id=\"f8fc4fc\" data-element_type=\"widget\" data-e-type=\"widget\" data-widget_type=\"image-box.default\">\n\t\t\t\t<div class=\"elementor-widget-container\">\n\t\t\t\t\t<div class=\"elementor-image-box-wrapper\"><figure class=\"elementor-image-box-img\"><img alt=\"\" decoding=\"async\" width=\"698\" height=\"701\" src=\"https:\/\/www.geodaesie-sachsen.de\/wp-content\/uploads\/Bildschirmfoto-2025-01-23-um-11.14.08.png\" class=\"attachment-full size-full wp-image-8918\" alt=\"\" srcset=\"https:\/\/www.geodaesie-sachsen.de\/wp-content\/uploads\/Bildschirmfoto-2025-01-23-um-11.14.08.png 698w, https:\/\/www.geodaesie-sachsen.de\/wp-content\/uploads\/Bildschirmfoto-2025-01-23-um-11.14.08-597x600.png 597w, https:\/\/www.geodaesie-sachsen.de\/wp-content\/uploads\/Bildschirmfoto-2025-01-23-um-11.14.08-299x300.png 299w\" sizes=\"(max-width: 698px) 100vw, 698px\" \/><\/figure><div class=\"elementor-image-box-content\"><span class=\"elementor-image-box-title\">Beamtenausbildung<\/span><\/div><\/div>\t\t\t\t<\/div>\n\t\t\t\t<\/div>\n\t\t\t\t<div class=\"elementor-element elementor-element-2e50c29 elementor-position-left elementor-vertical-align-top elementor-widget elementor-widget-image-box\" data-id=\"2e50c29\" data-element_type=\"widget\" data-e-type=\"widget\" data-widget_type=\"image-box.default\">\n\t\t\t\t<div class=\"elementor-widget-container\">\n\t\t\t\t\t<div class=\"elementor-image-box-wrapper\"><figure class=\"elementor-image-box-img\"><img alt=\"\" loading=\"lazy\" decoding=\"async\" width=\"578\" height=\"581\" src=\"https:\/\/www.geodaesie-sachsen.de\/wp-content\/uploads\/Jobs.png\" class=\"attachment-full size-full wp-image-8894\" alt=\"\" srcset=\"https:\/\/www.geodaesie-sachsen.de\/wp-content\/uploads\/Jobs.png 578w, https:\/\/www.geodaesie-sachsen.de\/wp-content\/uploads\/Jobs-298x300.png 298w\" sizes=\"(max-width: 578px) 100vw, 578px\" \/><\/figure><div class=\"elementor-image-box-content\"><span class=\"elementor-image-box-title\">Jobs<\/span><\/div><\/div>\t\t\t\t<\/div>\n\t\t\t\t<\/div>\n\t\t\t\t<div class=\"elementor-element elementor-element-de48ca4 elementor-position-left elementor-vertical-align-top elementor-widget elementor-widget-image-box\" data-id=\"de48ca4\" data-element_type=\"widget\" data-e-type=\"widget\" data-widget_type=\"image-box.default\">\n\t\t\t\t<div class=\"elementor-widget-container\">\n\t\t\t\t\t<div class=\"elementor-image-box-wrapper\"><figure class=\"elementor-image-box-img\"><img alt=\"\" loading=\"lazy\" decoding=\"async\" width=\"40\" height=\"39\" src=\"https:\/\/www.geodaesie-sachsen.de\/wp-content\/uploads\/2024\/12\/Praktikumsplaetze.png\" class=\"attachment-full size-full wp-image-8304\" alt=\"\" \/><\/figure><div class=\"elementor-image-box-content\"><span class=\"elementor-image-box-title\">Praktikumspl\u00e4tze<\/span><\/div><\/div>\t\t\t\t<\/div>\n\t\t\t\t<\/div>\n\t\t\t\t<\/div>\n\t\t<div class=\"elementor-element elementor-element-9b2e6f7 e-con-full e-flex e-con e-child\" data-id=\"9b2e6f7\" data-element_type=\"container\" data-e-type=\"container\">\n\t\t\t\t<div class=\"elementor-element elementor-element-2c60702 elementor-position-left elementor-vertical-align-top elementor-widget elementor-widget-image-box\" data-id=\"2c60702\" data-element_type=\"widget\" data-e-type=\"widget\" data-widget_type=\"image-box.default\">\n\t\t\t\t<div class=\"elementor-widget-container\">\n\t\t\t\t\t<div class=\"elementor-image-box-wrapper\"><figure class=\"elementor-image-box-img\"><img alt=\"\" loading=\"lazy\" decoding=\"async\" width=\"40\" height=\"39\" src=\"https:\/\/www.geodaesie-sachsen.de\/wp-content\/uploads\/2024\/12\/Ausbildung-Vermessungstechnik.png\" class=\"attachment-full size-full wp-image-8311\" alt=\"\" \/><\/figure><div class=\"elementor-image-box-content\"><span class=\"elementor-image-box-title\">Ausbildung Geomatik\/Vermessungstechnik<\/span><\/div><\/div>\t\t\t\t<\/div>\n\t\t\t\t<\/div>\n\t\t\t\t<div class=\"elementor-element elementor-element-d890a97 elementor-position-left elementor-vertical-align-top elementor-widget elementor-widget-image-box\" data-id=\"d890a97\" data-element_type=\"widget\" data-e-type=\"widget\" data-widget_type=\"image-box.default\">\n\t\t\t\t<div class=\"elementor-widget-container\">\n\t\t\t\t\t<div class=\"elementor-image-box-wrapper\"><figure class=\"elementor-image-box-img\"><img alt=\"\" loading=\"lazy\" decoding=\"async\" width=\"40\" height=\"39\" src=\"https:\/\/www.geodaesie-sachsen.de\/wp-content\/uploads\/2024\/12\/Berufsschule.png\" class=\"attachment-full size-full wp-image-8308\" alt=\"\" \/><\/figure><div class=\"elementor-image-box-content\"><span class=\"elementor-image-box-title\">Berufsschule<\/span><\/div><\/div>\t\t\t\t<\/div>\n\t\t\t\t<\/div>\n\t\t\t\t<div class=\"elementor-element elementor-element-2e10470 elementor-position-left elementor-vertical-align-top elementor-widget elementor-widget-image-box\" data-id=\"2e10470\" data-element_type=\"widget\" data-e-type=\"widget\" data-widget_type=\"image-box.default\">\n\t\t\t\t<div class=\"elementor-widget-container\">\n\t\t\t\t\t<div class=\"elementor-image-box-wrapper\"><figure class=\"elementor-image-box-img\"><img alt=\"\" loading=\"lazy\" decoding=\"async\" width=\"41\" height=\"40\" src=\"https:\/\/www.geodaesie-sachsen.de\/wp-content\/uploads\/Icon-Uebernachtung-ohe-Dreieck_72-dpi-1.png\" class=\"attachment-full size-full wp-image-10326\" alt=\"\" \/><\/figure><div class=\"elementor-image-box-content\"><span class=\"elementor-image-box-title\">\u00dcbernachtungsm\u00f6glichkeiten f\u00fcr Auszubildende<\/span><\/div><\/div>\t\t\t\t<\/div>\n\t\t\t\t<\/div>\n\t\t\t\t<\/div>\n\t\t\t\t<\/div>\n\t\t\t\t\t<\/div>\n\t\t\t\t<\/div>\n\t\t<div class=\"elementor-element elementor-element-0e89752 e-flex e-con-boxed e-con e-parent\" data-id=\"0e89752\" data-element_type=\"container\" data-e-type=\"container\">\n\t\t\t\t\t<div class=\"e-con-inner\">\n\t\t<div class=\"elementor-element elementor-element-0e84113 e-con-full e-flex e-con e-child\" data-id=\"0e84113\" data-element_type=\"container\" data-e-type=\"container\">\n\t\t\t\t<div class=\"elementor-element elementor-element-7079ec4 elementor-widget elementor-widget-shortcode\" data-id=\"7079ec4\" data-element_type=\"widget\" data-e-type=\"widget\" data-widget_type=\"shortcode.default\">\n\t\t\t\t<div class=\"elementor-widget-container\">\n\t\t\t\t\t\t\t<div class=\"elementor-shortcode\">\t\t<div id=\"maps-marker-pro-35d2de2b\" class=\"maps-marker-pro mmp-list-right\" style=\"width: 100%;\">\n\t\t\t<div id=\"mmp-map-wrap-35d2de2b\" class=\"mmp-map-wrap\">\n\t\t\t\t\t\t\t\t\t<div id=\"mmp-panel-35d2de2b\" class=\"mmp-panel\"><\/div>\n\t\t\t\t\t\t\t\t<div id=\"mmp-map-35d2de2b\" class=\"mmp-map\" style=\"height: 600px;\"><\/div>\n\t\t\t\t\t\t\t<\/div>\n\t\t\t\t\t\t\t<div id=\"mmp-list-35d2de2b\" class=\"mmp-list\" style=\"flex-basis: 400px;\"><\/div>\n\t\t\t\t\t<\/div>\n\t\t<\/div>\n\t\t\t\t\t\t<\/div>\n\t\t\t\t<\/div>\n\t\t\t\t<\/div>\n\t\t\t\t\t<\/div>\n\t\t\t\t<\/div>\n\t\t\t\t<\/div>\n\t\t","protected":false},"excerpt":{"rendered":"<p>Unsere Geod\u00e4sie-Jobb\u00f6rse. Mit wenigen Klicks in die Karte findest du hier aktuell offene Stellen sowie Ausbildungs- und Praktikumspl\u00e4tze in deiner Region: Hochschulen\/Universit\u00e4ten &#8211; Studium Beamtenausbildung Jobs Praktikumspl\u00e4tze Ausbildung Geomatik\/Vermessungstechnik Berufsschule \u00dcbernachtungsm\u00f6glichkeiten f\u00fcr Auszubildende<\/p>\n","protected":false},"author":455,"featured_media":0,"parent":0,"menu_order":9,"comment_status":"closed","ping_status":"closed","template":"","meta":{"_seopress_robots_primary_cat":"","_seopress_titles_title":"","_seopress_titles_desc":"","_seopress_robots_index":"","footnotes":""},"class_list":["post-6949","page","type-page","status-publish","hentry"],"_links":{"self":[{"href":"https:\/\/www.geodaesie-sachsen.de\/index.php?rest_route=\/wp\/v2\/pages\/6949","targetHints":{"allow":["GET"]}}],"collection":[{"href":"https:\/\/www.geodaesie-sachsen.de\/index.php?rest_route=\/wp\/v2\/pages"}],"about":[{"href":"https:\/\/www.geodaesie-sachsen.de\/index.php?rest_route=\/wp\/v2\/types\/page"}],"author":[{"embeddable":true,"href":"https:\/\/www.geodaesie-sachsen.de\/index.php?rest_route=\/wp\/v2\/users\/455"}],"replies":[{"embeddable":true,"href":"https:\/\/www.geodaesie-sachsen.de\/index.php?rest_route=%2Fwp%2Fv2%2Fcomments&post=6949"}],"version-history":[{"count":88,"href":"https:\/\/www.geodaesie-sachsen.de\/index.php?rest_route=\/wp\/v2\/pages\/6949\/revisions"}],"predecessor-version":[{"id":10335,"href":"https:\/\/www.geodaesie-sachsen.de\/index.php?rest_route=\/wp\/v2\/pages\/6949\/revisions\/10335"}],"wp:attachment":[{"href":"https:\/\/www.geodaesie-sachsen.de\/index.php?rest_route=%2Fwp%2Fv2%2Fmedia&parent=6949"}],"curies":[{"name":"wp","href":"https:\/\/api.w.org\/{rel}","templated":true}]}}