{"id":7029,"date":"2024-12-06T11:40:40","date_gmt":"2024-12-06T10:40:40","guid":{"rendered":"https:\/\/www.geodaesie-sachsen.de\/?page_id=7029"},"modified":"2025-12-15T15:15:38","modified_gmt":"2025-12-15T14:15:38","slug":"duales-studium","status":"publish","type":"page","link":"https:\/\/www.geodaesie-sachsen.de\/?page_id=7029","title":{"rendered":"Duales Studium"},"content":{"rendered":"\t\t<div data-elementor-type=\"wp-page\" data-elementor-id=\"7029\" class=\"elementor elementor-7029\" data-elementor-post-type=\"page\">\n\t\t\t\t<div class=\"elementor-element elementor-element-1bfda15 e-flex e-con-boxed e-con e-parent\" data-id=\"1bfda15\" data-element_type=\"container\" data-e-type=\"container\">\n\t\t\t\t\t<div class=\"e-con-inner\">\n\t\t<div class=\"elementor-element elementor-element-bca82cc e-con-full e-flex e-con e-child\" data-id=\"bca82cc\" data-element_type=\"container\" data-e-type=\"container\">\n\t\t\t\t<div class=\"elementor-element elementor-element-5d6a9df elementor-widget elementor-widget-heading\" data-id=\"5d6a9df\" data-element_type=\"widget\" data-e-type=\"widget\" data-widget_type=\"heading.default\">\n\t\t\t\t<div class=\"elementor-widget-container\">\n\t\t\t\t\t<h1 class=\"elementor-heading-title elementor-size-default\">Duales Studium.<\/h1>\t\t\t\t<\/div>\n\t\t\t\t<\/div>\n\t\t\t\t<\/div>\n\t\t\t\t\t<\/div>\n\t\t\t\t<\/div>\n\t\t<div class=\"elementor-element elementor-element-b06a66a e-flex e-con-boxed e-con e-parent\" data-id=\"b06a66a\" data-element_type=\"container\" data-e-type=\"container\">\n\t\t\t\t\t<div class=\"e-con-inner\">\n\t\t<div class=\"elementor-element elementor-element-c8e5ee3 e-con-full e-flex e-con e-child\" data-id=\"c8e5ee3\" data-element_type=\"container\" data-e-type=\"container\">\n\t\t\t\t<div class=\"elementor-element elementor-element-64ed503 elementor-widget elementor-widget-heading\" data-id=\"64ed503\" data-element_type=\"widget\" data-e-type=\"widget\" data-widget_type=\"heading.default\">\n\t\t\t\t<div class=\"elementor-widget-container\">\n\t\t\t\t\t<h5 class=\"elementor-heading-title elementor-size-default\">Kombination von Bachelorstudium und Berufspraxis (duales Studium).<\/h5>\t\t\t\t<\/div>\n\t\t\t\t<\/div>\n\t\t\t\t<div class=\"elementor-element elementor-element-6172739 elementor-widget elementor-widget-text-editor\" data-id=\"6172739\" data-element_type=\"widget\" data-e-type=\"widget\" data-widget_type=\"text-editor.default\">\n\t\t\t\t<div class=\"elementor-widget-container\">\n\t\t\t\t\t\t\t\t\t<div class=\"et_pb_module et_pb_text et_pb_text_0 et_pb_text_align_left et_pb_bg_layout_light\">\n<div class=\"et_pb_text_inner\">\n<p>Die neuesten Technologien und digitale Medien faszinieren dich? Du hast Spa\u00df an Geo-Apps und willst wissen, welche mathematischen und technischen Zusammenh\u00e4nge dahinterstecken? Dann ist der duale Studiengang Geomatik (Bachelor of Engineering) mit der&nbsp;<a href=\"https:\/\/www.htw-dresden.de\/hochschule\/fakultaeten\/geoinformation\/studium\/duales-studium\" target=\"_blank\">Studienrichtung Vermessung an der HTW Dresden<\/a>&nbsp;genau das Richtige f\u00fcr dich! Mit deinem Ausbildungsbetrieb als Praxispartner wirst du bestens auf deinen beruflichen Weg vorbereitet.<\/p>\n<\/div>\n<\/div>\t\t\t\t\t\t\t\t<\/div>\n\t\t\t\t<\/div>\n\t\t\t\t<div class=\"elementor-element elementor-element-92efcd2 elementor-icon-list--layout-traditional elementor-list-item-link-full_width elementor-widget elementor-widget-icon-list\" data-id=\"92efcd2\" data-element_type=\"widget\" data-e-type=\"widget\" data-widget_type=\"icon-list.default\">\n\t\t\t\t<div class=\"elementor-widget-container\">\n\t\t\t\t\t\t\t<ul class=\"elementor-icon-list-items\">\n\t\t\t\t\t\t\t<li class=\"elementor-icon-list-item\">\n\t\t\t\t\t\t\t\t\t\t<span class=\"elementor-icon-list-text\"><strong>Studieninhalte:<\/strong><\/span>\n\t\t\t\t\t\t\t\t\t<\/li>\n\t\t\t\t\t\t\t\t<li class=\"elementor-icon-list-item\">\n\t\t\t\t\t\t\t\t\t\t\t<span class=\"elementor-icon-list-icon\">\n\t\t\t\t\t\t\t<svg xmlns=\"http:\/\/www.w3.org\/2000\/svg\" width=\"24\" height=\"28\" viewBox=\"0 0 24 28\"><path id=\"Polygon_21\" data-name=\"Polygon 21\" d=\"M14,0,28,24H0Z\" transform=\"translate(24) rotate(90)\"><\/path><\/svg>\t\t\t\t\t\t<\/span>\n\t\t\t\t\t\t\t\t\t\t<span class=\"elementor-icon-list-text\">Ingenieurvermessung<\/span>\n\t\t\t\t\t\t\t\t\t<\/li>\n\t\t\t\t\t\t\t\t<li class=\"elementor-icon-list-item\">\n\t\t\t\t\t\t\t\t\t\t\t<span class=\"elementor-icon-list-icon\">\n\t\t\t\t\t\t\t<svg xmlns=\"http:\/\/www.w3.org\/2000\/svg\" width=\"24\" height=\"28\" viewBox=\"0 0 24 28\"><path id=\"Polygon_21\" data-name=\"Polygon 21\" d=\"M14,0,28,24H0Z\" transform=\"translate(24) rotate(90)\"><\/path><\/svg>\t\t\t\t\t\t<\/span>\n\t\t\t\t\t\t\t\t\t\t<span class=\"elementor-icon-list-text\">Fernerkundung und Photogrammetrie<\/span>\n\t\t\t\t\t\t\t\t\t<\/li>\n\t\t\t\t\t\t\t\t<li class=\"elementor-icon-list-item\">\n\t\t\t\t\t\t\t\t\t\t\t<span class=\"elementor-icon-list-icon\">\n\t\t\t\t\t\t\t<svg xmlns=\"http:\/\/www.w3.org\/2000\/svg\" width=\"24\" height=\"28\" viewBox=\"0 0 24 28\"><path id=\"Polygon_21\" data-name=\"Polygon 21\" d=\"M14,0,28,24H0Z\" transform=\"translate(24) rotate(90)\"><\/path><\/svg>\t\t\t\t\t\t<\/span>\n\t\t\t\t\t\t\t\t\t\t<span class=\"elementor-icon-list-text\">Raumbezogene Auswertetechnik und Visualisierung<\/span>\n\t\t\t\t\t\t\t\t\t<\/li>\n\t\t\t\t\t\t\t\t<li class=\"elementor-icon-list-item\">\n\t\t\t\t\t\t\t\t\t\t\t<span class=\"elementor-icon-list-icon\">\n\t\t\t\t\t\t\t<svg xmlns=\"http:\/\/www.w3.org\/2000\/svg\" width=\"24\" height=\"28\" viewBox=\"0 0 24 28\"><path id=\"Polygon_21\" data-name=\"Polygon 21\" d=\"M14,0,28,24H0Z\" transform=\"translate(24) rotate(90)\"><\/path><\/svg>\t\t\t\t\t\t<\/span>\n\t\t\t\t\t\t\t\t\t\t<span class=\"elementor-icon-list-text\">Geoinformationssysteme und Geodateninfrastrukturen<\/span>\n\t\t\t\t\t\t\t\t\t<\/li>\n\t\t\t\t\t\t\t\t<li class=\"elementor-icon-list-item\">\n\t\t\t\t\t\t\t\t\t\t\t<span class=\"elementor-icon-list-icon\">\n\t\t\t\t\t\t\t<svg xmlns=\"http:\/\/www.w3.org\/2000\/svg\" width=\"24\" height=\"28\" viewBox=\"0 0 24 28\"><path id=\"Polygon_21\" data-name=\"Polygon 21\" d=\"M14,0,28,24H0Z\" transform=\"translate(24) rotate(90)\"><\/path><\/svg>\t\t\t\t\t\t<\/span>\n\t\t\t\t\t\t\t\t\t\t<span class=\"elementor-icon-list-text\">Liegenschaftswesen<\/span>\n\t\t\t\t\t\t\t\t\t<\/li>\n\t\t\t\t\t\t\t\t<li class=\"elementor-icon-list-item\">\n\t\t\t\t\t\t\t\t\t\t\t<span class=\"elementor-icon-list-icon\">\n\t\t\t\t\t\t\t<svg xmlns=\"http:\/\/www.w3.org\/2000\/svg\" width=\"24\" height=\"28\" viewBox=\"0 0 24 28\"><path id=\"Polygon_21\" data-name=\"Polygon 21\" d=\"M14,0,28,24H0Z\" transform=\"translate(24) rotate(90)\"><\/path><\/svg>\t\t\t\t\t\t<\/span>\n\t\t\t\t\t\t\t\t\t\t<span class=\"elementor-icon-list-text\">Bodenordnung und Grundst\u00fcckswertermittlung<\/span>\n\t\t\t\t\t\t\t\t\t<\/li>\n\t\t\t\t\t\t<\/ul>\n\t\t\t\t\t\t<\/div>\n\t\t\t\t<\/div>\n\t\t\t\t<div class=\"elementor-element elementor-element-026dd74 elementor-icon-list--layout-traditional elementor-list-item-link-full_width elementor-widget elementor-widget-icon-list\" data-id=\"026dd74\" data-element_type=\"widget\" data-e-type=\"widget\" data-widget_type=\"icon-list.default\">\n\t\t\t\t<div class=\"elementor-widget-container\">\n\t\t\t\t\t\t\t<ul class=\"elementor-icon-list-items\">\n\t\t\t\t\t\t\t<li class=\"elementor-icon-list-item\">\n\t\t\t\t\t\t\t\t\t\t<span class=\"elementor-icon-list-text\"><strong>Dein Profil:<\/strong><\/span>\n\t\t\t\t\t\t\t\t\t<\/li>\n\t\t\t\t\t\t\t\t<li class=\"elementor-icon-list-item\">\n\t\t\t\t\t\t\t\t\t\t\t<span class=\"elementor-icon-list-icon\">\n\t\t\t\t\t\t\t<svg xmlns=\"http:\/\/www.w3.org\/2000\/svg\" width=\"24\" height=\"28\" viewBox=\"0 0 24 28\"><path id=\"Polygon_21\" data-name=\"Polygon 21\" d=\"M14,0,28,24H0Z\" transform=\"translate(24) rotate(90)\"><\/path><\/svg>\t\t\t\t\t\t<\/span>\n\t\t\t\t\t\t\t\t\t\t<span class=\"elementor-icon-list-text\">Allgemeine Hochschulreife oder Fachhochschulreife<\/span>\n\t\t\t\t\t\t\t\t\t<\/li>\n\t\t\t\t\t\t\t\t<li class=\"elementor-icon-list-item\">\n\t\t\t\t\t\t\t\t\t\t\t<span class=\"elementor-icon-list-icon\">\n\t\t\t\t\t\t\t<svg xmlns=\"http:\/\/www.w3.org\/2000\/svg\" width=\"24\" height=\"28\" viewBox=\"0 0 24 28\"><path id=\"Polygon_21\" data-name=\"Polygon 21\" d=\"M14,0,28,24H0Z\" transform=\"translate(24) rotate(90)\"><\/path><\/svg>\t\t\t\t\t\t<\/span>\n\t\t\t\t\t\t\t\t\t\t<span class=\"elementor-icon-list-text\">Technisches Verst\u00e4ndnis und Interesse an modernen Technologien<\/span>\n\t\t\t\t\t\t\t\t\t<\/li>\n\t\t\t\t\t\t\t\t<li class=\"elementor-icon-list-item\">\n\t\t\t\t\t\t\t\t\t\t\t<span class=\"elementor-icon-list-icon\">\n\t\t\t\t\t\t\t<svg xmlns=\"http:\/\/www.w3.org\/2000\/svg\" width=\"24\" height=\"28\" viewBox=\"0 0 24 28\"><path id=\"Polygon_21\" data-name=\"Polygon 21\" d=\"M14,0,28,24H0Z\" transform=\"translate(24) rotate(90)\"><\/path><\/svg>\t\t\t\t\t\t<\/span>\n\t\t\t\t\t\t\t\t\t\t<span class=\"elementor-icon-list-text\">Hohes Engagement und Eigenverantwortung<\/span>\n\t\t\t\t\t\t\t\t\t<\/li>\n\t\t\t\t\t\t\t\t<li class=\"elementor-icon-list-item\">\n\t\t\t\t\t\t\t\t\t\t\t<span class=\"elementor-icon-list-icon\">\n\t\t\t\t\t\t\t<svg xmlns=\"http:\/\/www.w3.org\/2000\/svg\" width=\"24\" height=\"28\" viewBox=\"0 0 24 28\"><path id=\"Polygon_21\" data-name=\"Polygon 21\" d=\"M14,0,28,24H0Z\" transform=\"translate(24) rotate(90)\"><\/path><\/svg>\t\t\t\t\t\t<\/span>\n\t\t\t\t\t\t\t\t\t\t<span class=\"elementor-icon-list-text\">Freude an exakter und sorgf\u00e4ltiger Arbeit<\/span>\n\t\t\t\t\t\t\t\t\t<\/li>\n\t\t\t\t\t\t\t\t<li class=\"elementor-icon-list-item\">\n\t\t\t\t\t\t\t\t\t\t\t<span class=\"elementor-icon-list-icon\">\n\t\t\t\t\t\t\t<svg xmlns=\"http:\/\/www.w3.org\/2000\/svg\" width=\"24\" height=\"28\" viewBox=\"0 0 24 28\"><path id=\"Polygon_21\" data-name=\"Polygon 21\" d=\"M14,0,28,24H0Z\" transform=\"translate(24) rotate(90)\"><\/path><\/svg>\t\t\t\t\t\t<\/span>\n\t\t\t\t\t\t\t\t\t\t<span class=\"elementor-icon-list-text\">Deutsche Sprachkenntnisse (mindestens C1-Niveau)<\/span>\n\t\t\t\t\t\t\t\t\t<\/li>\n\t\t\t\t\t\t\t\t<li class=\"elementor-icon-list-item\">\n\t\t\t\t\t\t\t\t\t\t\t<span class=\"elementor-icon-list-icon\">\n\t\t\t\t\t\t\t<svg xmlns=\"http:\/\/www.w3.org\/2000\/svg\" width=\"24\" height=\"28\" viewBox=\"0 0 24 28\"><path id=\"Polygon_21\" data-name=\"Polygon 21\" d=\"M14,0,28,24H0Z\" transform=\"translate(24) rotate(90)\"><\/path><\/svg>\t\t\t\t\t\t<\/span>\n\t\t\t\t\t\t\t\t\t\t<span class=\"elementor-icon-list-text\">EU-Staatsb\u00fcrgerschaft oder eine g\u00fcltige Aufenthaltsberechtigung<\/span>\n\t\t\t\t\t\t\t\t\t<\/li>\n\t\t\t\t\t\t<\/ul>\n\t\t\t\t\t\t<\/div>\n\t\t\t\t<\/div>\n\t\t\t\t<div class=\"elementor-element elementor-element-8975e4d elementor-widget elementor-widget-heading\" data-id=\"8975e4d\" data-element_type=\"widget\" data-e-type=\"widget\" data-widget_type=\"heading.default\">\n\t\t\t\t<div class=\"elementor-widget-container\">\n\t\t\t\t\t<h5 class=\"elementor-heading-title elementor-size-default\">Was dich erwartet:<\/h5>\t\t\t\t<\/div>\n\t\t\t\t<\/div>\n\t\t\t\t<div class=\"elementor-element elementor-element-ab319eb elementor-widget elementor-widget-text-editor\" data-id=\"ab319eb\" data-element_type=\"widget\" data-e-type=\"widget\" data-widget_type=\"text-editor.default\">\n\t\t\t\t<div class=\"elementor-widget-container\">\n\t\t\t\t\t\t\t\t\t<div class=\"et_pb_module et_pb_text et_pb_text_0 et_pb_text_align_left et_pb_bg_layout_light\"><div class=\"et_pb_text_inner\">W\u00e4hrend des Semesters lernst du an der HTW Dresden die theoretischen Grundlagen. In den vorlesungsfreien Zeiten, w\u00e4hrend des praktischen Studiensemesters und bei der Bachelorarbeit setzt du dein Wissen im Ausbildungsbetrieb ganz praktisch um. Das duale Studium kombiniert ein breites Grundlagenwissen mit spannenden Vertiefungen und Projekten, bei denen du deine F\u00e4higkeiten direkt anwenden kannst.<\/div><\/div>\t\t\t\t\t\t\t\t<\/div>\n\t\t\t\t<\/div>\n\t\t\t\t<div class=\"elementor-element elementor-element-1d0b5be elementor-widget elementor-widget-heading\" data-id=\"1d0b5be\" data-element_type=\"widget\" data-e-type=\"widget\" data-widget_type=\"heading.default\">\n\t\t\t\t<div class=\"elementor-widget-container\">\n\t\t\t\t\t<h5 class=\"elementor-heading-title elementor-size-default\">Studiendauer:<\/h5>\t\t\t\t<\/div>\n\t\t\t\t<\/div>\n\t\t\t\t<div class=\"elementor-element elementor-element-bd08a7b elementor-widget elementor-widget-text-editor\" data-id=\"bd08a7b\" data-element_type=\"widget\" data-e-type=\"widget\" data-widget_type=\"text-editor.default\">\n\t\t\t\t<div class=\"elementor-widget-container\">\n\t\t\t\t\t\t\t\t\t<div class=\"et_pb_module et_pb_text et_pb_text_0 et_pb_text_align_left et_pb_bg_layout_light\"><div class=\"et_pb_text_inner\">Dein Studium dauert sieben Semester. Die ersten drei Semester sind f\u00fcr Grundlagen reserviert, w\u00e4hrend du dich ab dem vierten Semester spezialisierst. Ein 18-w\u00f6chiges Betriebspraktikum sowie die Bachelorarbeit im letzten Studienjahr bereiten dich optimal auf deinen Beruf vor.<\/div><\/div>\t\t\t\t\t\t\t\t<\/div>\n\t\t\t\t<\/div>\n\t\t\t\t<div class=\"elementor-element elementor-element-cd5b1f4 elementor-widget elementor-widget-heading\" data-id=\"cd5b1f4\" data-element_type=\"widget\" data-e-type=\"widget\" data-widget_type=\"heading.default\">\n\t\t\t\t<div class=\"elementor-widget-container\">\n\t\t\t\t\t<h5 class=\"elementor-heading-title elementor-size-default\">Perspektiven:<\/h5>\t\t\t\t<\/div>\n\t\t\t\t<\/div>\n\t\t\t\t<div class=\"elementor-element elementor-element-b78ed5e elementor-widget elementor-widget-text-editor\" data-id=\"b78ed5e\" data-element_type=\"widget\" data-e-type=\"widget\" data-widget_type=\"text-editor.default\">\n\t\t\t\t<div class=\"elementor-widget-container\">\n\t\t\t\t\t\t\t\t\t<div class=\"et_pb_module et_pb_text et_pb_text_0 et_pb_text_align_left et_pb_bg_layout_light\"><div class=\"et_pb_text_inner\"><p>Nach deinem Abschluss stehen dir viele T\u00fcren offen: Ob als Vermessungsingenieur:in, Geodatenmanager:in, Kartendesigner:in oder App-Entwickler:in \u2013 du kannst in Beh\u00f6rden, Ingenieurb\u00fcros, Umweltunternehmen oder der IT-Branche durchstarten. Alternativ kannst du mit einem Masterstudium noch weiter in die Geoinformatik einsteigen.<\/p><p>Mit diesem Studiengang kombinierst du Theorie und Praxis und machst den ersten Schritt in eine spannende und zukunftssichere Karriere.<\/p><\/div><\/div>\t\t\t\t\t\t\t\t<\/div>\n\t\t\t\t<\/div>\n\t\t\t\t<\/div>\n\t\t\t\t\t<\/div>\n\t\t\t\t<\/div>\n\t\t<div class=\"elementor-element elementor-element-294c0ef e-flex e-con-boxed e-con e-parent\" data-id=\"294c0ef\" data-element_type=\"container\" data-e-type=\"container\">\n\t\t\t\t\t<div class=\"e-con-inner\">\n\t\t\t\t<div class=\"elementor-element elementor-element-3a6c855 elementor-widget elementor-widget-heading\" data-id=\"3a6c855\" data-element_type=\"widget\" data-e-type=\"widget\" data-widget_type=\"heading.default\">\n\t\t\t\t<div class=\"elementor-widget-container\">\n\t\t\t\t\t<h4 class=\"elementor-heading-title elementor-size-default\">Referendar Fabian<\/h4>\t\t\t\t<\/div>\n\t\t\t\t<\/div>\n\t\t\t\t<div class=\"elementor-element elementor-element-88385d3 elementor-widget elementor-widget-video\" data-id=\"88385d3\" data-element_type=\"widget\" data-e-type=\"widget\" data-settings=\"{&quot;video_type&quot;:&quot;hosted&quot;,&quot;start&quot;:1,&quot;controls&quot;:&quot;yes&quot;}\" data-widget_type=\"video.default\">\n\t\t\t\t<div class=\"elementor-widget-container\">\n\t\t\t\t\t\t\t<div class=\"e-hosted-video elementor-wrapper elementor-open-inline\">\n\t\t\t\t\t<video class=\"elementor-video\" src=\"https:\/\/www.geodaesie-sachsen.de\/wp-content\/uploads\/2025\/12\/WhatsApp-Video-2025-12-15-at-15.12.07-fabian.mp4#t=1\" controls=\"\" preload=\"metadata\" controlsList=\"nodownload\"><\/video>\n\t\t\t\t<\/div>\n\t\t\t\t\t\t<\/div>\n\t\t\t\t<\/div>\n\t\t\t\t\t<\/div>\n\t\t\t\t<\/div>\n\t\t<div class=\"elementor-element elementor-element-6cf234f e-flex e-con-boxed e-con e-parent\" data-id=\"6cf234f\" data-element_type=\"container\" data-e-type=\"container\">\n\t\t\t\t\t<div class=\"e-con-inner\">\n\t\t\t\t<div class=\"elementor-element elementor-element-93819e6 elementor-absolute elementor-widget elementor-widget-image\" data-id=\"93819e6\" data-element_type=\"widget\" data-e-type=\"widget\" data-settings=\"{&quot;_position&quot;:&quot;absolute&quot;}\" data-widget_type=\"image.default\">\n\t\t\t\t<div class=\"elementor-widget-container\">\n\t\t\t\t\t\t\t\t\t\t\t\t\t\t\t<img alt=\"\" fetchpriority=\"high\" decoding=\"async\" width=\"467\" height=\"485\" src=\"https:\/\/www.geodaesie-sachsen.de\/wp-content\/uploads\/2024\/12\/Polygon-5-6.png\" class=\"attachment-full size-full wp-image-7615\" alt=\"\" \/>\t\t\t\t\t\t\t\t\t\t\t\t\t\t\t<\/div>\n\t\t\t\t<\/div>\n\t\t\t\t<div class=\"elementor-element elementor-element-870120f elementor-absolute elementor-hidden-tablet elementor-hidden-mobile elementor-widget elementor-widget-image\" data-id=\"870120f\" data-element_type=\"widget\" data-e-type=\"widget\" data-settings=\"{&quot;_position&quot;:&quot;absolute&quot;}\" data-widget_type=\"image.default\">\n\t\t\t\t<div class=\"elementor-widget-container\">\n\t\t\t\t\t\t\t\t\t\t\t\t\t\t\t<img alt=\"\" decoding=\"async\" width=\"467\" height=\"485\" src=\"https:\/\/www.geodaesie-sachsen.de\/wp-content\/uploads\/2024\/12\/Polygon-5-6.png\" class=\"attachment-large size-large wp-image-7615\" alt=\"\" \/>\t\t\t\t\t\t\t\t\t\t\t\t\t\t\t<\/div>\n\t\t\t\t<\/div>\n\t\t\t\t\t<\/div>\n\t\t\t\t<\/div>\n\t\t<div class=\"elementor-element elementor-element-ccca8a5 e-flex e-con-boxed e-con e-parent\" data-id=\"ccca8a5\" data-element_type=\"container\" data-e-type=\"container\">\n\t\t\t\t\t<div class=\"e-con-inner\">\n\t\t<div class=\"elementor-element elementor-element-681df0f e-con-full e-flex e-con e-child\" data-id=\"681df0f\" data-element_type=\"container\" data-e-type=\"container\">\n\t\t\t\t<div class=\"elementor-element elementor-element-0eace15 elementor-widget elementor-widget-heading\" data-id=\"0eace15\" data-element_type=\"widget\" data-e-type=\"widget\" data-widget_type=\"heading.default\">\n\t\t\t\t<div class=\"elementor-widget-container\">\n\t\t\t\t\t<h2 class=\"elementor-heading-title elementor-size-default\">Hochschul- und Universit\u00e4ts&shy;standorte.<\/h2>\t\t\t\t<\/div>\n\t\t\t\t<\/div>\n\t\t\t\t<\/div>\n\t\t\t\t\t<\/div>\n\t\t\t\t<\/div>\n\t\t<div class=\"elementor-element elementor-element-09434ac e-flex e-con-boxed e-con e-parent\" data-id=\"09434ac\" data-element_type=\"container\" data-e-type=\"container\">\n\t\t\t\t\t<div class=\"e-con-inner\">\n\t\t<div class=\"elementor-element elementor-element-339398b e-con-full e-flex e-con e-child\" data-id=\"339398b\" data-element_type=\"container\" data-e-type=\"container\">\n\t\t\t\t<div class=\"elementor-element elementor-element-e11141b elementor-widget elementor-widget-text-editor\" data-id=\"e11141b\" data-element_type=\"widget\" data-e-type=\"widget\" data-widget_type=\"text-editor.default\">\n\t\t\t\t<div class=\"elementor-widget-container\">\n\t\t\t\t\t\t\t\t\t<p>Mithilfe der interaktiven Karte auf der Seite &#8222;<a href=\"https:\/\/www.geodaesie-sachsen.de\/studium\/\">Studium<\/a>&#8220; kannst du herausfinden, an welchen Hochschulen in Sachsen du Geomatik studieren kannst.<\/p>\t\t\t\t\t\t\t\t<\/div>\n\t\t\t\t<\/div>\n\t\t\t\t<\/div>\n\t\t\t\t\t<\/div>\n\t\t\t\t<\/div>\n\t\t\t\t<\/div>\n\t\t","protected":false},"excerpt":{"rendered":"<p>Duales Studium. Kombination von Bachelorstudium und Berufspraxis (duales Studium). Die neuesten Technologien und digitale Medien faszinieren dich? Du hast Spa\u00df an Geo-Apps und willst wissen, welche mathematischen und technischen Zusammenh\u00e4nge dahinterstecken? Dann ist der duale Studiengang Geomatik (Bachelor of Engineering) mit der&nbsp;Studienrichtung Vermessung an der HTW Dresden&nbsp;genau das Richtige f\u00fcr dich! Mit deinem Ausbildungsbetrieb als [&hellip;]<\/p>\n","protected":false},"author":4,"featured_media":0,"parent":0,"menu_order":14,"comment_status":"closed","ping_status":"closed","template":"","meta":{"_seopress_robots_primary_cat":"","_seopress_titles_title":"","_seopress_titles_desc":"","_seopress_robots_index":"","footnotes":""},"class_list":["post-7029","page","type-page","status-publish","hentry"],"_links":{"self":[{"href":"https:\/\/www.geodaesie-sachsen.de\/index.php?rest_route=\/wp\/v2\/pages\/7029","targetHints":{"allow":["GET"]}}],"collection":[{"href":"https:\/\/www.geodaesie-sachsen.de\/index.php?rest_route=\/wp\/v2\/pages"}],"about":[{"href":"https:\/\/www.geodaesie-sachsen.de\/index.php?rest_route=\/wp\/v2\/types\/page"}],"author":[{"embeddable":true,"href":"https:\/\/www.geodaesie-sachsen.de\/index.php?rest_route=\/wp\/v2\/users\/4"}],"replies":[{"embeddable":true,"href":"https:\/\/www.geodaesie-sachsen.de\/index.php?rest_route=%2Fwp%2Fv2%2Fcomments&post=7029"}],"version-history":[{"count":40,"href":"https:\/\/www.geodaesie-sachsen.de\/index.php?rest_route=\/wp\/v2\/pages\/7029\/revisions"}],"predecessor-version":[{"id":11186,"href":"https:\/\/www.geodaesie-sachsen.de\/index.php?rest_route=\/wp\/v2\/pages\/7029\/revisions\/11186"}],"wp:attachment":[{"href":"https:\/\/www.geodaesie-sachsen.de\/index.php?rest_route=%2Fwp%2Fv2%2Fmedia&parent=7029"}],"curies":[{"name":"wp","href":"https:\/\/api.w.org\/{rel}","templated":true}]}}