{"id":7179,"date":"2024-12-06T16:37:04","date_gmt":"2024-12-06T15:37:04","guid":{"rendered":"https:\/\/www.geodaesie-sachsen.de\/?page_id=7179"},"modified":"2025-01-24T11:55:43","modified_gmt":"2025-01-24T10:55:43","slug":"kongeos","status":"publish","type":"page","link":"https:\/\/www.geodaesie-sachsen.de\/?page_id=7179","title":{"rendered":"KonGeoS"},"content":{"rendered":"\t\t<div data-elementor-type=\"wp-page\" data-elementor-id=\"7179\" class=\"elementor elementor-7179\" data-elementor-post-type=\"page\">\n\t\t\t\t<div class=\"elementor-element elementor-element-202ca67 e-flex e-con-boxed e-con e-parent\" data-id=\"202ca67\" data-element_type=\"container\" data-e-type=\"container\">\n\t\t\t\t\t<div class=\"e-con-inner\">\n\t\t<div class=\"elementor-element elementor-element-477ec4d e-con-full e-flex e-con e-child\" data-id=\"477ec4d\" data-element_type=\"container\" data-e-type=\"container\">\n\t\t\t\t<div class=\"elementor-element elementor-element-d08e4b6 elementor-widget elementor-widget-heading\" data-id=\"d08e4b6\" data-element_type=\"widget\" data-e-type=\"widget\" data-widget_type=\"heading.default\">\n\t\t\t\t<div class=\"elementor-widget-container\">\n\t\t\t\t\t<h1 class=\"elementor-heading-title elementor-size-default\">KonGeoS.<\/h1>\t\t\t\t<\/div>\n\t\t\t\t<\/div>\n\t\t\t\t<\/div>\n\t\t\t\t\t<\/div>\n\t\t\t\t<\/div>\n\t\t<div class=\"elementor-element elementor-element-2f0117d e-flex e-con-boxed e-con e-parent\" data-id=\"2f0117d\" data-element_type=\"container\" data-e-type=\"container\">\n\t\t\t\t\t<div class=\"e-con-inner\">\n\t\t<div class=\"elementor-element elementor-element-d001d3d e-con-full e-flex e-con e-child\" data-id=\"d001d3d\" data-element_type=\"container\" data-e-type=\"container\">\n\t\t\t\t<div class=\"elementor-element elementor-element-0d494be elementor-widget elementor-widget-text-editor\" data-id=\"0d494be\" data-element_type=\"widget\" data-e-type=\"widget\" data-widget_type=\"text-editor.default\">\n\t\t\t\t<div class=\"elementor-widget-container\">\n\t\t\t\t\t\t\t\t\t<p>KonGeoS ist das Netzwerk der Geod\u00e4sie-Studierenden: Zweimal im Jahr treffen sich Geod\u00e4sie-Studierende aus Deutschland, \u00d6sterreich und der Schweiz bei der <strong>KonGeoS<\/strong> (Konferenz der Geod\u00e4sie-Studierenden deutschsprachiger Hochschulen). Mit dabei sind alle Hochschulen, an denen Geod\u00e4sie studiert werden kann \u2013 das macht die KonGeoS zur perfekten Plattform f\u00fcr Austausch und Zusammenarbeit.<\/p>\t\t\t\t\t\t\t\t<\/div>\n\t\t\t\t<\/div>\n\t\t\t\t<\/div>\n\t\t\t\t\t<\/div>\n\t\t\t\t<\/div>\n\t\t<div class=\"elementor-element elementor-element-e1eeb44 e-flex e-con-boxed e-con e-parent\" data-id=\"e1eeb44\" data-element_type=\"container\" data-e-type=\"container\">\n\t\t\t\t\t<div class=\"e-con-inner\">\n\t\t\t\t<div class=\"elementor-element elementor-element-2abbcec elementor-absolute elementor-widget elementor-widget-image\" data-id=\"2abbcec\" data-element_type=\"widget\" data-e-type=\"widget\" data-settings=\"{&quot;_position&quot;:&quot;absolute&quot;}\" data-widget_type=\"image.default\">\n\t\t\t\t<div class=\"elementor-widget-container\">\n\t\t\t\t\t\t\t\t\t\t\t\t\t\t\t<img alt=\"\" fetchpriority=\"high\" decoding=\"async\" width=\"467\" height=\"485\" src=\"https:\/\/www.geodaesie-sachsen.de\/wp-content\/uploads\/2024\/12\/Polygon-5-6.png\" class=\"attachment-full size-full wp-image-7615\" alt=\"\" \/>\t\t\t\t\t\t\t\t\t\t\t\t\t\t\t<\/div>\n\t\t\t\t<\/div>\n\t\t\t\t<div class=\"elementor-element elementor-element-6f51a54 elementor-absolute elementor-hidden-tablet elementor-hidden-mobile elementor-widget elementor-widget-image\" data-id=\"6f51a54\" data-element_type=\"widget\" data-e-type=\"widget\" data-settings=\"{&quot;_position&quot;:&quot;absolute&quot;}\" data-widget_type=\"image.default\">\n\t\t\t\t<div class=\"elementor-widget-container\">\n\t\t\t\t\t\t\t\t\t\t\t\t\t\t\t<img alt=\"\" decoding=\"async\" width=\"467\" height=\"485\" src=\"https:\/\/www.geodaesie-sachsen.de\/wp-content\/uploads\/2024\/12\/Polygon-5-6.png\" class=\"attachment-large size-large wp-image-7615\" alt=\"\" \/>\t\t\t\t\t\t\t\t\t\t\t\t\t\t\t<\/div>\n\t\t\t\t<\/div>\n\t\t\t\t\t<\/div>\n\t\t\t\t<\/div>\n\t\t<div class=\"elementor-element elementor-element-d9d1b44 e-flex e-con-boxed e-con e-parent\" data-id=\"d9d1b44\" data-element_type=\"container\" data-e-type=\"container\">\n\t\t\t\t\t<div class=\"e-con-inner\">\n\t\t<div class=\"elementor-element elementor-element-718930b e-con-full e-flex e-con e-child\" data-id=\"718930b\" data-element_type=\"container\" data-e-type=\"container\">\n\t\t\t\t<div class=\"elementor-element elementor-element-7f5955a elementor-widget elementor-widget-heading\" data-id=\"7f5955a\" data-element_type=\"widget\" data-e-type=\"widget\" data-widget_type=\"heading.default\">\n\t\t\t\t<div class=\"elementor-widget-container\">\n\t\t\t\t\t<h5 class=\"elementor-heading-title elementor-size-default\">Wer steckt dahinter?<\/h5>\t\t\t\t<\/div>\n\t\t\t\t<\/div>\n\t\t\t\t<div class=\"elementor-element elementor-element-c72df59 elementor-widget elementor-widget-text-editor\" data-id=\"c72df59\" data-element_type=\"widget\" data-e-type=\"widget\" data-widget_type=\"text-editor.default\">\n\t\t\t\t<div class=\"elementor-widget-container\">\n\t\t\t\t\t\t\t\t\t<p>Die KonGeoS ist der Zusammenschluss von 22 Geod\u00e4sie-Fachschaften aus Deutschland, \u00d6sterreich und der Schweiz und vertritt die Interessen aller Geod\u00e4sie-Studierenden an deutschsprachigen Hochschulen. Ihr Ziel: die Studierenden zu vernetzen \u2013 untereinander und mit wichtigen Unternehmen und Verb\u00e4nden aus der Branche.<\/p>\t\t\t\t\t\t\t\t<\/div>\n\t\t\t\t<\/div>\n\t\t\t\t<\/div>\n\t\t\t\t\t<\/div>\n\t\t\t\t<\/div>\n\t\t<div class=\"elementor-element elementor-element-4a450d3 e-flex e-con-boxed e-con e-parent\" data-id=\"4a450d3\" data-element_type=\"container\" data-e-type=\"container\">\n\t\t\t\t\t<div class=\"e-con-inner\">\n\t\t<div class=\"elementor-element elementor-element-c12f337 e-con-full e-flex e-con e-child\" data-id=\"c12f337\" data-element_type=\"container\" data-e-type=\"container\">\n\t\t\t\t<div class=\"elementor-element elementor-element-c734f64 elementor-widget elementor-widget-heading\" data-id=\"c734f64\" data-element_type=\"widget\" data-e-type=\"widget\" data-widget_type=\"heading.default\">\n\t\t\t\t<div class=\"elementor-widget-container\">\n\t\t\t\t\t<h5 class=\"elementor-heading-title elementor-size-default\">Was passiert auf den Treffen?<\/h5>\t\t\t\t<\/div>\n\t\t\t\t<\/div>\n\t\t\t\t<div class=\"elementor-element elementor-element-c2b26ed elementor-widget elementor-widget-text-editor\" data-id=\"c2b26ed\" data-element_type=\"widget\" data-e-type=\"widget\" data-widget_type=\"text-editor.default\">\n\t\t\t\t<div class=\"elementor-widget-container\">\n\t\t\t\t\t\t\t\t\t<p>Das Herzst\u00fcck der KonGeoS sind die halbj\u00e4hrlichen Konferenzen, die abwechselnd von einer der Mitgliedsfachschaften ausgerichtet werden. Hier geht richtig was:<\/p><ul><li><strong>Arbeitsgruppen<\/strong> k\u00fcmmern sich um aktuelle Themen rund um Studium und Beruf.<\/li><li>Es gibt spannende <strong>Fachexkursionen<\/strong> und <strong>Vortr\u00e4ge<\/strong>.<\/li><li>Und nat\u00fcrlich nat\u00fcrlich findet sich jede Menge Gelegenheit zum fachlichen und pers\u00f6nlichen Austausch \u2013 auch \u00fcber L\u00e4ndergrenzen hinweg.<\/li><\/ul>\t\t\t\t\t\t\t\t<\/div>\n\t\t\t\t<\/div>\n\t\t\t\t<\/div>\n\t\t\t\t\t<\/div>\n\t\t\t\t<\/div>\n\t\t<div class=\"elementor-element elementor-element-3c683e2 e-flex e-con-boxed e-con e-parent\" data-id=\"3c683e2\" data-element_type=\"container\" data-e-type=\"container\">\n\t\t\t\t\t<div class=\"e-con-inner\">\n\t\t<div class=\"elementor-element elementor-element-20fe35a e-con-full e-flex e-con e-child\" data-id=\"20fe35a\" data-element_type=\"container\" data-e-type=\"container\">\n\t\t\t\t<div class=\"elementor-element elementor-element-626179b elementor-widget elementor-widget-heading\" data-id=\"626179b\" data-element_type=\"widget\" data-e-type=\"widget\" data-widget_type=\"heading.default\">\n\t\t\t\t<div class=\"elementor-widget-container\">\n\t\t\t\t\t<h5 class=\"elementor-heading-title elementor-size-default\">International vernetzt mit dem IGSM<\/h5>\t\t\t\t<\/div>\n\t\t\t\t<\/div>\n\t\t\t\t<div class=\"elementor-element elementor-element-1eacfc1 elementor-widget elementor-widget-text-editor\" data-id=\"1eacfc1\" data-element_type=\"widget\" data-e-type=\"widget\" data-widget_type=\"text-editor.default\">\n\t\t\t\t<div class=\"elementor-widget-container\">\n\t\t\t\t\t\t\t\t\t<p>Neben der KonGeoS gibts auch das <strong>IGSM<\/strong> (International Geodetic Student Meeting), organisiert von der IGSO (International Geodetic Student Organization). Hier kommen Studierende aus 99 Hochschulen und Universit\u00e4ten aus 35 L\u00e4ndern zusammen \u2013 Networking auf globalem Level.<\/p>\t\t\t\t\t\t\t\t<\/div>\n\t\t\t\t<\/div>\n\t\t\t\t<\/div>\n\t\t\t\t\t<\/div>\n\t\t\t\t<\/div>\n\t\t<div class=\"elementor-element elementor-element-fe8daf4 e-flex e-con-boxed e-con e-parent\" data-id=\"fe8daf4\" data-element_type=\"container\" data-e-type=\"container\">\n\t\t\t\t\t<div class=\"e-con-inner\">\n\t\t<div class=\"elementor-element elementor-element-c0e332e e-con-full e-flex e-con e-child\" data-id=\"c0e332e\" data-element_type=\"container\" data-e-type=\"container\">\n\t\t\t\t<div class=\"elementor-element elementor-element-09f5b11 elementor-widget elementor-widget-heading\" data-id=\"09f5b11\" data-element_type=\"widget\" data-e-type=\"widget\" data-widget_type=\"heading.default\">\n\t\t\t\t<div class=\"elementor-widget-container\">\n\t\t\t\t\t<h5 class=\"elementor-heading-title elementor-size-default\">Fragen zum Studium?<\/h5>\t\t\t\t<\/div>\n\t\t\t\t<\/div>\n\t\t\t\t<div class=\"elementor-element elementor-element-7656a24 elementor-widget elementor-widget-text-editor\" data-id=\"7656a24\" data-element_type=\"widget\" data-e-type=\"widget\" data-widget_type=\"text-editor.default\">\n\t\t\t\t<div class=\"elementor-widget-container\">\n\t\t\t\t\t\t\t\t\t<p>Wenn du Infos oder Unterst\u00fctzung rund ums Geod\u00e4sie-Studium brauchst, kannst du dich jederzeit an die Mitglieder der KonGeoS wenden. Sie helfen dir gerne weiter!<\/p>\t\t\t\t\t\t\t\t<\/div>\n\t\t\t\t<\/div>\n\t\t\t\t<div class=\"elementor-element elementor-element-8865967 elementor-icon-list--layout-traditional elementor-list-item-link-full_width elementor-widget elementor-widget-icon-list\" data-id=\"8865967\" data-element_type=\"widget\" data-e-type=\"widget\" data-widget_type=\"icon-list.default\">\n\t\t\t\t<div class=\"elementor-widget-container\">\n\t\t\t\t\t\t\t<ul class=\"elementor-icon-list-items\">\n\t\t\t\t\t\t\t<li class=\"elementor-icon-list-item\">\n\t\t\t\t\t\t\t\t\t\t\t<a href=\"https:\/\/www.instagram.com\/kongeos_dach\/profilecard\/?igsh=MTVoZW9uNGhtMDhkOA\" target=\"_blank\">\n\n\t\t\t\t\t\t\t\t\t\t\t\t<span class=\"elementor-icon-list-icon\">\n\t\t\t\t\t\t\t<svg xmlns=\"http:\/\/www.w3.org\/2000\/svg\" width=\"24\" height=\"28\" viewBox=\"0 0 24 28\"><path id=\"Polygon_21\" data-name=\"Polygon 21\" d=\"M14,0,28,24H0Z\" transform=\"translate(24) rotate(90)\"><\/path><\/svg>\t\t\t\t\t\t<\/span>\n\t\t\t\t\t\t\t\t\t\t<span class=\"elementor-icon-list-text\">Informationen auch unter Instagram<\/span>\n\t\t\t\t\t\t\t\t\t\t\t<\/a>\n\t\t\t\t\t\t\t\t\t<\/li>\n\t\t\t\t\t\t\t\t<li class=\"elementor-icon-list-item\">\n\t\t\t\t\t\t\t\t\t\t\t<a href=\"https:\/\/www.youtube.com\/watch?app=desktop&#038;v=cRQCeLbsdbs\" target=\"_blank\">\n\n\t\t\t\t\t\t\t\t\t\t\t\t<span class=\"elementor-icon-list-icon\">\n\t\t\t\t\t\t\t<svg xmlns=\"http:\/\/www.w3.org\/2000\/svg\" width=\"24\" height=\"28\" viewBox=\"0 0 24 28\"><path id=\"Polygon_21\" data-name=\"Polygon 21\" d=\"M14,0,28,24H0Z\" transform=\"translate(24) rotate(90)\"><\/path><\/svg>\t\t\t\t\t\t<\/span>\n\t\t\t\t\t\t\t\t\t\t<span class=\"elementor-icon-list-text\">Und auf Youtube<\/span>\n\t\t\t\t\t\t\t\t\t\t\t<\/a>\n\t\t\t\t\t\t\t\t\t<\/li>\n\t\t\t\t\t\t<\/ul>\n\t\t\t\t\t\t<\/div>\n\t\t\t\t<\/div>\n\t\t\t\t<\/div>\n\t\t\t\t\t<\/div>\n\t\t\t\t<\/div>\n\t\t\t\t<\/div>\n\t\t","protected":false},"excerpt":{"rendered":"<p>KonGeoS. KonGeoS ist das Netzwerk der Geod\u00e4sie-Studierenden: Zweimal im Jahr treffen sich Geod\u00e4sie-Studierende aus Deutschland, \u00d6sterreich und der Schweiz bei der KonGeoS (Konferenz der Geod\u00e4sie-Studierenden deutschsprachiger Hochschulen). Mit dabei sind alle Hochschulen, an denen Geod\u00e4sie studiert werden kann \u2013 das macht die KonGeoS zur perfekten Plattform f\u00fcr Austausch und Zusammenarbeit. Wer steckt dahinter? Die KonGeoS [&hellip;]<\/p>\n","protected":false},"author":4,"featured_media":0,"parent":0,"menu_order":4,"comment_status":"closed","ping_status":"closed","template":"","meta":{"_seopress_robots_primary_cat":"","_seopress_titles_title":"","_seopress_titles_desc":"","_seopress_robots_index":"","footnotes":""},"class_list":["post-7179","page","type-page","status-publish","hentry"],"_links":{"self":[{"href":"https:\/\/www.geodaesie-sachsen.de\/index.php?rest_route=\/wp\/v2\/pages\/7179","targetHints":{"allow":["GET"]}}],"collection":[{"href":"https:\/\/www.geodaesie-sachsen.de\/index.php?rest_route=\/wp\/v2\/pages"}],"about":[{"href":"https:\/\/www.geodaesie-sachsen.de\/index.php?rest_route=\/wp\/v2\/types\/page"}],"author":[{"embeddable":true,"href":"https:\/\/www.geodaesie-sachsen.de\/index.php?rest_route=\/wp\/v2\/users\/4"}],"replies":[{"embeddable":true,"href":"https:\/\/www.geodaesie-sachsen.de\/index.php?rest_route=%2Fwp%2Fv2%2Fcomments&post=7179"}],"version-history":[{"count":22,"href":"https:\/\/www.geodaesie-sachsen.de\/index.php?rest_route=\/wp\/v2\/pages\/7179\/revisions"}],"predecessor-version":[{"id":9572,"href":"https:\/\/www.geodaesie-sachsen.de\/index.php?rest_route=\/wp\/v2\/pages\/7179\/revisions\/9572"}],"wp:attachment":[{"href":"https:\/\/www.geodaesie-sachsen.de\/index.php?rest_route=%2Fwp%2Fv2%2Fmedia&parent=7179"}],"curies":[{"name":"wp","href":"https:\/\/api.w.org\/{rel}","templated":true}]}}