{"id":879,"date":"2023-05-22T16:34:59","date_gmt":"2023-05-22T14:34:59","guid":{"rendered":"https:\/\/www.geodaesie-sachsen.de\/?page_id=879"},"modified":"2025-03-03T08:45:10","modified_gmt":"2025-03-03T07:45:10","slug":"ueber-uns","status":"publish","type":"page","link":"https:\/\/www.geodaesie-sachsen.de\/?page_id=879","title":{"rendered":"\u00dcber Uns"},"content":{"rendered":"\t\t<div data-elementor-type=\"wp-page\" data-elementor-id=\"879\" class=\"elementor elementor-879\" data-elementor-post-type=\"page\">\n\t\t\t\t<div class=\"elementor-element elementor-element-4eaf02f e-flex e-con-boxed e-con e-parent\" data-id=\"4eaf02f\" data-element_type=\"container\" data-e-type=\"container\">\n\t\t\t\t\t<div class=\"e-con-inner\">\n\t\t<div class=\"elementor-element elementor-element-f78165f e-con-full e-flex e-con e-child\" data-id=\"f78165f\" data-element_type=\"container\" data-e-type=\"container\">\n\t\t\t\t<div class=\"elementor-element elementor-element-3f647a5 elementor-widget elementor-widget-heading\" data-id=\"3f647a5\" data-element_type=\"widget\" data-e-type=\"widget\" data-widget_type=\"heading.default\">\n\t\t\t\t<div class=\"elementor-widget-container\">\n\t\t\t\t\t<h1 class=\"elementor-heading-title elementor-size-default\">Gemeinsam f\u00fcr die Zukunft der Geod\u00e4sie.<\/h1>\t\t\t\t<\/div>\n\t\t\t\t<\/div>\n\t\t\t\t<\/div>\n\t\t\t\t\t<\/div>\n\t\t\t\t<\/div>\n\t\t<div class=\"elementor-element elementor-element-0d7bc5f e-flex e-con-boxed e-con e-parent\" data-id=\"0d7bc5f\" data-element_type=\"container\" data-e-type=\"container\">\n\t\t\t\t\t<div class=\"e-con-inner\">\n\t\t\t\t<div class=\"elementor-element elementor-element-0622ae0 elementor-widget elementor-widget-text-editor\" data-id=\"0622ae0\" data-element_type=\"widget\" data-e-type=\"widget\" data-widget_type=\"text-editor.default\">\n\t\t\t\t<div class=\"elementor-widget-container\">\n\t\t\t\t\t\t\t\t\t<p>Geod\u00e4sie Sachsen ist eine Initiative, die das Berufsbild der Geod\u00e4sie bekannter machen m\u00f6chte, um den beruflichen Nachwuchs in der Branche zu sichern. Zielgruppe sind vor allem junge Menschen, die sich gerade in der Berufsorientierungsphase befinden.<\/p>\n<p>Als Team werben wir f\u00fcr Geod\u00e4sie, Geoinformation und Landmanagement&nbsp; immer im Januar auf der Berufsmesse \u201eKarriereStart\u201c in Dresden und informieren dich au\u00dferdem regelm\u00e4\u00dfig hier auf dieser Website <a href=\"http:\/\/www.geodaesie-sachsen.de\">www.geodaesie-sachsen.de<\/a>. Au\u00dferdem planen wir einen \u201eErlebnistag Geod\u00e4sie\u201c \u2013 Infos dazu gibt es dann im Veranstaltungskalender.<\/p>\n<p>Die Verantwortung f\u00fcr die Website liegt beim Landesamt f\u00fcr Geobasisinformation Sachsen (GeoSN). Die Initiative Geod\u00e4sie Sachsen wird unterst\u00fctzt von zahlreichen Kooperationspartnern im Freistaat, darunter Vermessungsbeh\u00f6rden und Vermessungsb\u00fcros, die S\u00e4chsischen Hochschulen TU Dresden, TU Bergakademie Freiberg, HTW Dresden, das S\u00e4chsische Staatsministerium f\u00fcr Infrastruktur und Landesentwicklung sowie die Vermessungsverb\u00e4nde DVW, BDVI und VDV.<\/p>\t\t\t\t\t\t\t\t<\/div>\n\t\t\t\t<\/div>\n\t\t\t\t\t<\/div>\n\t\t\t\t<\/div>\n\t\t\t\t<\/div>\n\t\t","protected":false},"excerpt":{"rendered":"<p>Gemeinsam f\u00fcr die Zukunft der Geod\u00e4sie. Geod\u00e4sie Sachsen ist eine Initiative, die das Berufsbild der Geod\u00e4sie bekannter machen m\u00f6chte, um den beruflichen Nachwuchs in der Branche zu sichern. Zielgruppe sind vor allem junge Menschen, die sich gerade in der Berufsorientierungsphase befinden. Als Team werben wir f\u00fcr Geod\u00e4sie, Geoinformation und Landmanagement&nbsp; immer im Januar auf der [&hellip;]<\/p>\n","protected":false},"author":4,"featured_media":0,"parent":0,"menu_order":13,"comment_status":"closed","ping_status":"closed","template":"","meta":{"_seopress_robots_primary_cat":"","_seopress_titles_title":"","_seopress_titles_desc":"","_seopress_robots_index":"","footnotes":""},"class_list":["post-879","page","type-page","status-publish","hentry"],"_links":{"self":[{"href":"https:\/\/www.geodaesie-sachsen.de\/index.php?rest_route=\/wp\/v2\/pages\/879","targetHints":{"allow":["GET"]}}],"collection":[{"href":"https:\/\/www.geodaesie-sachsen.de\/index.php?rest_route=\/wp\/v2\/pages"}],"about":[{"href":"https:\/\/www.geodaesie-sachsen.de\/index.php?rest_route=\/wp\/v2\/types\/page"}],"author":[{"embeddable":true,"href":"https:\/\/www.geodaesie-sachsen.de\/index.php?rest_route=\/wp\/v2\/users\/4"}],"replies":[{"embeddable":true,"href":"https:\/\/www.geodaesie-sachsen.de\/index.php?rest_route=%2Fwp%2Fv2%2Fcomments&post=879"}],"version-history":[{"count":16,"href":"https:\/\/www.geodaesie-sachsen.de\/index.php?rest_route=\/wp\/v2\/pages\/879\/revisions"}],"predecessor-version":[{"id":10000,"href":"https:\/\/www.geodaesie-sachsen.de\/index.php?rest_route=\/wp\/v2\/pages\/879\/revisions\/10000"}],"wp:attachment":[{"href":"https:\/\/www.geodaesie-sachsen.de\/index.php?rest_route=%2Fwp%2Fv2%2Fmedia&parent=879"}],"curies":[{"name":"wp","href":"https:\/\/api.w.org\/{rel}","templated":true}]}}