{"id":925,"date":"2023-05-23T10:04:46","date_gmt":"2023-05-23T08:04:46","guid":{"rendered":"https:\/\/www.geodaesie-sachsen.de\/?page_id=925"},"modified":"2024-12-14T10:03:11","modified_gmt":"2024-12-14T09:03:11","slug":"praktikum","status":"publish","type":"page","link":"https:\/\/www.geodaesie-sachsen.de\/?page_id=925","title":{"rendered":"Praktikum"},"content":{"rendered":"\t\t<div data-elementor-type=\"wp-page\" data-elementor-id=\"925\" class=\"elementor elementor-925\" data-elementor-post-type=\"page\">\n\t\t\t\t<div class=\"elementor-element elementor-element-80d6fcc e-flex e-con-boxed e-con e-parent\" data-id=\"80d6fcc\" data-element_type=\"container\" data-e-type=\"container\">\n\t\t\t\t\t<div class=\"e-con-inner\">\n\t\t<div class=\"elementor-element elementor-element-b896442 e-con-full e-flex e-con e-child\" data-id=\"b896442\" data-element_type=\"container\" data-e-type=\"container\">\n\t\t\t\t<div class=\"elementor-element elementor-element-a12c218 elementor-widget elementor-widget-heading\" data-id=\"a12c218\" data-element_type=\"widget\" data-e-type=\"widget\" data-widget_type=\"heading.default\">\n\t\t\t\t<div class=\"elementor-widget-container\">\n\t\t\t\t\t<h1 class=\"elementor-heading-title elementor-size-default\">Praktikum.<\/h1>\t\t\t\t<\/div>\n\t\t\t\t<\/div>\n\t\t\t\t<\/div>\n\t\t\t\t\t<\/div>\n\t\t\t\t<\/div>\n\t\t<div class=\"elementor-element elementor-element-bc29ea8 e-flex e-con-boxed e-con e-parent\" data-id=\"bc29ea8\" data-element_type=\"container\" data-e-type=\"container\">\n\t\t\t\t\t<div class=\"e-con-inner\">\n\t\t<div class=\"elementor-element elementor-element-366fc79 e-con-full e-flex e-con e-child\" data-id=\"366fc79\" data-element_type=\"container\" data-e-type=\"container\">\n\t\t\t\t<div class=\"elementor-element elementor-element-bb9030f elementor-widget elementor-widget-text-editor\" data-id=\"bb9030f\" data-element_type=\"widget\" data-e-type=\"widget\" data-widget_type=\"text-editor.default\">\n\t\t\t\t<div class=\"elementor-widget-container\">\n\t\t\t\t\t\t\t\t\t<p>Du bist dir noch nicht sicher, ob ein Studium in Geod\u00e4sie oder eine Lehre als Geod\u00e4t:in perfekt zu dir passt? Statt \u00fcbereilt zu handeln, reiche doch eine Bewerbung f\u00fcr eines der zahlreichen Praktika ein und f\u00fchre direkt deinen eigenen Praxistest durch. Schon zu Schulzeiten kannst du Praktika absolvieren, und selbst sp\u00e4ter ist eine berufliche Orientierung m\u00f6glich, etwa mit einem vorbereitenden Praktikum vor dem Studium. Dar\u00fcber hinaus hast du im Praktikum die Chance, erste Kenntnisse aufzubauen und dir einige Fertigkeiten von erfahrenen Vermessenden anzueignen.<\/p><p>Ein zus\u00e4tzlicher Hinweis: Probiere verschiedene Betriebe aus \u2013 denn die T\u00e4tigkeit in einer Amtsstelle weicht stark von jener in einem freien Vermessungsb\u00fcro ab. Mit unserer interaktiven Karte kannst du ganz leicht die passenden Einsatzorte aufsp\u00fcren.<\/p>\t\t\t\t\t\t\t\t<\/div>\n\t\t\t\t<\/div>\n\t\t\t\t<\/div>\n\t\t\t\t\t<\/div>\n\t\t\t\t<\/div>\n\t\t<div class=\"elementor-element elementor-element-7bd6fd7 e-flex e-con-boxed e-con e-parent\" data-id=\"7bd6fd7\" data-element_type=\"container\" data-e-type=\"container\">\n\t\t\t\t\t<div class=\"e-con-inner\">\n\t\t\t\t<div class=\"elementor-element elementor-element-0371e03 elementor-absolute elementor-widget elementor-widget-image\" data-id=\"0371e03\" data-element_type=\"widget\" data-e-type=\"widget\" data-settings=\"{&quot;_position&quot;:&quot;absolute&quot;}\" data-widget_type=\"image.default\">\n\t\t\t\t<div class=\"elementor-widget-container\">\n\t\t\t\t\t\t\t\t\t\t\t\t\t\t\t<img alt=\"\" fetchpriority=\"high\" decoding=\"async\" width=\"467\" height=\"485\" src=\"https:\/\/www.geodaesie-sachsen.de\/wp-content\/uploads\/2023\/05\/Polygon-5-5.png\" class=\"attachment-full size-full wp-image-1098\" alt=\"\" \/>\t\t\t\t\t\t\t\t\t\t\t\t\t\t\t<\/div>\n\t\t\t\t<\/div>\n\t\t\t\t<div class=\"elementor-element elementor-element-c4a8485 elementor-absolute elementor-widget elementor-widget-image\" data-id=\"c4a8485\" data-element_type=\"widget\" data-e-type=\"widget\" data-settings=\"{&quot;_position&quot;:&quot;absolute&quot;}\" data-widget_type=\"image.default\">\n\t\t\t\t<div class=\"elementor-widget-container\">\n\t\t\t\t\t\t\t\t\t\t\t\t\t\t\t<img alt=\"\" decoding=\"async\" width=\"467\" height=\"485\" src=\"https:\/\/www.geodaesie-sachsen.de\/wp-content\/uploads\/2023\/05\/Polygon-5-5.png\" class=\"attachment-large size-large wp-image-1098\" alt=\"\" \/>\t\t\t\t\t\t\t\t\t\t\t\t\t\t\t<\/div>\n\t\t\t\t<\/div>\n\t\t\t\t\t<\/div>\n\t\t\t\t<\/div>\n\t\t<div class=\"elementor-element elementor-element-1cf6e44 e-flex e-con-boxed e-con e-parent\" data-id=\"1cf6e44\" data-element_type=\"container\" data-e-type=\"container\">\n\t\t\t\t\t<div class=\"e-con-inner\">\n\t\t<div class=\"elementor-element elementor-element-61d900c e-con-full e-flex e-con e-child\" data-id=\"61d900c\" data-element_type=\"container\" data-e-type=\"container\">\n\t\t\t\t<div class=\"elementor-element elementor-element-d6675b8 elementor-widget elementor-widget-shortcode\" data-id=\"d6675b8\" data-element_type=\"widget\" data-e-type=\"widget\" data-widget_type=\"shortcode.default\">\n\t\t\t\t<div class=\"elementor-widget-container\">\n\t\t\t\t\t\t\t<div class=\"elementor-shortcode\">\t\t<div id=\"maps-marker-pro-690c0fbd\" class=\"maps-marker-pro mmp-list-right\" style=\"width: 100%;\">\n\t\t\t<div id=\"mmp-map-wrap-690c0fbd\" class=\"mmp-map-wrap\">\n\t\t\t\t\t\t\t\t\t<div id=\"mmp-panel-690c0fbd\" class=\"mmp-panel\"><\/div>\n\t\t\t\t\t\t\t\t<div id=\"mmp-map-690c0fbd\" class=\"mmp-map\" style=\"height: 600px;\"><\/div>\n\t\t\t\t\t\t\t<\/div>\n\t\t\t\t\t\t\t<div id=\"mmp-list-690c0fbd\" class=\"mmp-list\" style=\"flex-basis: 400px;\"><\/div>\n\t\t\t\t\t<\/div>\n\t\t<\/div>\n\t\t\t\t\t\t<\/div>\n\t\t\t\t<\/div>\n\t\t\t\t<\/div>\n\t\t\t\t\t<\/div>\n\t\t\t\t<\/div>\n\t\t\t\t<\/div>\n\t\t","protected":false},"excerpt":{"rendered":"<p>Praktikum. Du bist dir noch nicht sicher, ob ein Studium in Geod\u00e4sie oder eine Lehre als Geod\u00e4t:in perfekt zu dir passt? Statt \u00fcbereilt zu handeln, reiche doch eine Bewerbung f\u00fcr eines der zahlreichen Praktika ein und f\u00fchre direkt deinen eigenen Praxistest durch. Schon zu Schulzeiten kannst du Praktika absolvieren, und selbst sp\u00e4ter ist eine berufliche [&hellip;]<\/p>\n","protected":false},"author":4,"featured_media":0,"parent":0,"menu_order":18,"comment_status":"closed","ping_status":"closed","template":"","meta":{"_seopress_robots_primary_cat":"","_seopress_titles_title":"","_seopress_titles_desc":"","_seopress_robots_index":"","footnotes":""},"class_list":["post-925","page","type-page","status-publish","hentry"],"_links":{"self":[{"href":"https:\/\/www.geodaesie-sachsen.de\/index.php?rest_route=\/wp\/v2\/pages\/925","targetHints":{"allow":["GET"]}}],"collection":[{"href":"https:\/\/www.geodaesie-sachsen.de\/index.php?rest_route=\/wp\/v2\/pages"}],"about":[{"href":"https:\/\/www.geodaesie-sachsen.de\/index.php?rest_route=\/wp\/v2\/types\/page"}],"author":[{"embeddable":true,"href":"https:\/\/www.geodaesie-sachsen.de\/index.php?rest_route=\/wp\/v2\/users\/4"}],"replies":[{"embeddable":true,"href":"https:\/\/www.geodaesie-sachsen.de\/index.php?rest_route=%2Fwp%2Fv2%2Fcomments&post=925"}],"version-history":[{"count":7,"href":"https:\/\/www.geodaesie-sachsen.de\/index.php?rest_route=\/wp\/v2\/pages\/925\/revisions"}],"predecessor-version":[{"id":8026,"href":"https:\/\/www.geodaesie-sachsen.de\/index.php?rest_route=\/wp\/v2\/pages\/925\/revisions\/8026"}],"wp:attachment":[{"href":"https:\/\/www.geodaesie-sachsen.de\/index.php?rest_route=%2Fwp%2Fv2%2Fmedia&parent=925"}],"curies":[{"name":"wp","href":"https:\/\/api.w.org\/{rel}","templated":true}]}}