{"id":933,"date":"2023-05-23T10:22:38","date_gmt":"2023-05-23T08:22:38","guid":{"rendered":"https:\/\/www.geodaesie-sachsen.de\/?page_id=933"},"modified":"2025-03-21T11:37:44","modified_gmt":"2025-03-21T10:37:44","slug":"ausbildung","status":"publish","type":"page","link":"https:\/\/www.geodaesie-sachsen.de\/?page_id=933","title":{"rendered":"Ausbildung"},"content":{"rendered":"\t\t<div data-elementor-type=\"wp-page\" data-elementor-id=\"933\" class=\"elementor elementor-933\" data-elementor-post-type=\"page\">\n\t\t\t\t<div class=\"elementor-element elementor-element-8506932 e-flex e-con-boxed e-con e-parent\" data-id=\"8506932\" data-element_type=\"container\" data-e-type=\"container\">\n\t\t\t\t\t<div class=\"e-con-inner\">\n\t\t<div class=\"elementor-element elementor-element-ebdfcee e-con-full e-flex e-con e-child\" data-id=\"ebdfcee\" data-element_type=\"container\" data-e-type=\"container\">\n\t\t\t\t<div class=\"elementor-element elementor-element-d7897b8 elementor-widget elementor-widget-heading\" data-id=\"d7897b8\" data-element_type=\"widget\" data-e-type=\"widget\" data-widget_type=\"heading.default\">\n\t\t\t\t<div class=\"elementor-widget-container\">\n\t\t\t\t\t<h1 class=\"elementor-heading-title elementor-size-default\">Ausbildung.<\/h1>\t\t\t\t<\/div>\n\t\t\t\t<\/div>\n\t\t\t\t<\/div>\n\t\t\t\t\t<\/div>\n\t\t\t\t<\/div>\n\t\t<div class=\"elementor-element elementor-element-8231e01 e-flex e-con-boxed e-con e-parent\" data-id=\"8231e01\" data-element_type=\"container\" data-e-type=\"container\">\n\t\t\t\t\t<div class=\"e-con-inner\">\n\t\t<div class=\"elementor-element elementor-element-f10d6bc e-con-full e-flex e-con e-child\" data-id=\"f10d6bc\" data-element_type=\"container\" data-e-type=\"container\">\n\t\t\t\t<div class=\"elementor-element elementor-element-b83d55f elementor-widget elementor-widget-text-editor\" data-id=\"b83d55f\" data-element_type=\"widget\" data-e-type=\"widget\" data-widget_type=\"text-editor.default\">\n\t\t\t\t<div class=\"elementor-widget-container\">\n\t\t\t\t\t\t\t\t\t<p>Die Lehre zur Geod\u00e4tin oder zum Geod\u00e4ten umfasst \u00fcblicherweise drei Jahre &#8211; das Spannende daran: Dir stehen zwei interessante Fachrichtungen offen. Du kannst entweder als Geomatiker:in durchstarten oder die Laufbahn als Vermessungstechniker:in einschlagen.<br \/>Im ersten Lehrjahr erhalten alle Auszubildenden denselben \u00dcberblick \u00fcber geod\u00e4tische Grundlagen. Ab dem zweiten Ausbildungsjahr gehen eure Pfade auseinander, und jede Spezialisierung vertieft ihr eigenes Themengebiet. Welche Richtung du einschl\u00e4gst, legst du bereits bei deiner Bewerbung fest. Die meisten Ausbildungsbetriebe bilden entweder Geomatiker:innen oder Vermessungstechniker:innen aus.<\/p><p>Die Ausbildung l\u00e4uft dual ab \u2013 das hei\u00dft, du bist immer abwechselnd f\u00fcr drei bis sechs Wochen direkt im Ausbildungsbetrieb und dann folgen zwei bis drei Wochen\u00a0 Blockunterricht an der Berufsschule. In der Schule schnappst du dir das theoretische Wissen, und im Ausbildungsbetrieb setzt du das Ganze in die Praxis um. So bekommst du von beiden Seiten das Beste mit.<\/p><p><span class=\"NormalTextRun SCXW132504190 BCX8\">Die Berufsschule f\u00fcr die Ausbildung als Vermessungstechniker:in <\/span><span class=\"NormalTextRun ContextualSpellingAndGrammarErrorV2Themed SCXW132504190 BCX8\">besuchst du<\/span><span class=\"NormalTextRun SCXW132504190 BCX8\"> in <a href=\"https:\/\/www.bsz-bau-und-technik.de\/berufschule-vermessungstechniker-vermessungstechnikerinnen\/\" target=\"_blank\" rel=\"noopener\">Dresden<\/a> und diejenigen f\u00fcr die Ausbildung als Geomatiker:in in <a href=\"https:\/\/bbsovg.de\/bautechnik-farbe-raumgestaltung-holztechnik\/\" target=\"_blank\" rel=\"noopener\">Magdeburg<\/a>.<\/span><\/p><div id=\"collapse-content-6179\" class=\"panel-collapse collapse in\" role=\"tabpanel\" aria-labelledby=\"heading-content-6179\" aria-expanded=\"true\"><p>Dein monatliches Ausbildungsgehalt ist vielleicht ein weiterer Anreiz f\u00fcr dich &#8211; unser Beispiel nennt die Zahlen vom Landesamt:<\/p><ul><li>im ersten Ausbildungsjahr 1.086,82 \u20ac<\/li><li>im zweiten Ausbildungsjahr 1.140,96 \u20ac<\/li><li>im dritten Ausbildungsjahr 1.190,61 \u20ac<\/li><\/ul><\/div>\t\t\t\t\t\t\t\t<\/div>\n\t\t\t\t<\/div>\n\t\t\t\t<\/div>\n\t\t\t\t\t<\/div>\n\t\t\t\t<\/div>\n\t\t<div class=\"elementor-element elementor-element-f19e119 e-flex e-con-boxed e-con e-parent\" data-id=\"f19e119\" data-element_type=\"container\" data-e-type=\"container\">\n\t\t\t\t\t<div class=\"e-con-inner\">\n\t\t<div class=\"elementor-element elementor-element-05ccaf0 e-con-full e-flex e-con e-child\" data-id=\"05ccaf0\" data-element_type=\"container\" data-e-type=\"container\">\n\t\t\t\t<div class=\"elementor-element elementor-element-d59e439 elementor-widget elementor-widget-heading\" data-id=\"d59e439\" data-element_type=\"widget\" data-e-type=\"widget\" data-widget_type=\"heading.default\">\n\t\t\t\t<div class=\"elementor-widget-container\">\n\t\t\t\t\t<h5 class=\"elementor-heading-title elementor-size-default\">Geomatiker:in.<\/h5>\t\t\t\t<\/div>\n\t\t\t\t<\/div>\n\t\t\t\t<div class=\"elementor-element elementor-element-4aef801 elementor-widget elementor-widget-text-editor\" data-id=\"4aef801\" data-element_type=\"widget\" data-e-type=\"widget\" data-widget_type=\"text-editor.default\">\n\t\t\t\t<div class=\"elementor-widget-container\">\n\t\t\t\t\t\t\t\t\t<p>Die Ausbildung zum\/zur Geomatiker\/in dauert drei Jahre und ist ein anerkannter Beruf im \u00f6ffentlichen Dienst sowie in Industrie und Handel. Geomatiker\/innen beschaffen Geodaten durch eigene Vermessungen oder die Nutzung vorhandener geografischer Informationen von anderen Anbietern. Mithilfe spezieller Software werden diese Daten zu Karten, Grafiken, 3D-Darstellungen oder multimedialen Anwendungen verarbeitet. Dabei werden r\u00e4umliche Gegebenheiten visualisiert, Ver\u00e4nderungsprozesse modelliert und Pl\u00e4ne erstellt. Du ber\u00e4tst dann zum Beispiel Kunden \u00fcber die optimale Datennutzung, Darstellungsm\u00f6glichkeiten und m\u00f6gliche Schlussfolgerungen, beispielsweise f\u00fcr die Standortplanung. Die fortschreitende Digitalisierung er\u00f6ffnet spannende neue M\u00f6glichkeiten. So k\u00f6nnen Geomatiker:innen Technologien wie 3D-Laserscanning, Simulationen oder Drohnentechnik nutzen, um pr\u00e4zise Vermessungen durchzuf\u00fchren. Auch die Arbeit mit digitalen Karten, Dokumentenmanagementsystemen oder Geoinformationssystemen geh\u00f6rt zu den vielseitigen Aufgaben. Mit diesen zukunftsorientierten Technologien tragen Geomatiker:innen wesentlich zur Planung und Gestaltung unserer Umwelt bei.<\/p>\t\t\t\t\t\t\t\t<\/div>\n\t\t\t\t<\/div>\n\t\t<div class=\"elementor-element elementor-element-d049e84 e-con-full e-flex e-con e-child\" data-id=\"d049e84\" data-element_type=\"container\" data-e-type=\"container\">\n\t\t\t\t<div class=\"elementor-element elementor-element-c9b6b9d elementor-widget elementor-widget-video\" data-id=\"c9b6b9d\" data-element_type=\"widget\" data-e-type=\"widget\" data-settings=\"{&quot;youtube_url&quot;:&quot;https:\\\/\\\/youtu.be\\\/okQJkxygXks&quot;,&quot;show_image_overlay&quot;:&quot;yes&quot;,&quot;image_overlay&quot;:{&quot;url&quot;:&quot;https:\\\/\\\/www.geodaesie-sachsen.de\\\/wp-content\\\/uploads\\\/sTANDBILD-vIDEO-gEOMATIKER.jpg&quot;,&quot;id&quot;:10203,&quot;size&quot;:&quot;&quot;,&quot;alt&quot;:&quot;Ausbildung Geomatiker GeoSN&quot;,&quot;source&quot;:&quot;library&quot;},&quot;video_type&quot;:&quot;youtube&quot;,&quot;controls&quot;:&quot;yes&quot;}\" data-widget_type=\"video.default\">\n\t\t\t\t<div class=\"elementor-widget-container\">\n\t\t\t\t\t\t\t<div class=\"elementor-wrapper elementor-open-inline\">\n\t\t\t<div class=\"elementor-video\"><\/div>\t\t\t\t<div class=\"elementor-custom-embed-image-overlay\" style=\"background-image: url(https:\/\/www.geodaesie-sachsen.de\/wp-content\/uploads\/sTANDBILD-vIDEO-gEOMATIKER.jpg);\">\n\t\t\t\t\t\t\t\t\t\t\t\t\t\t\t\t<div class=\"elementor-custom-embed-play\" role=\"button\" aria-label=\"Video abspielen \u00fcber Ausbildung Geomatiker GeoSN\" tabindex=\"0\">\n\t\t\t\t\t\t\t<i aria-hidden=\"true\" class=\"fas fa-play-circle\"><\/i>\t\t\t\t\t\t<\/div>\n\t\t\t\t\t\t\t\t\t<\/div>\n\t\t\t\t\t<\/div>\n\t\t\t\t\t\t<\/div>\n\t\t\t\t<\/div>\n\t\t\t\t<\/div>\n\t\t\t\t<\/div>\n\t\t\t\t\t<\/div>\n\t\t\t\t<\/div>\n\t\t<div class=\"elementor-element elementor-element-86dcf37 e-flex e-con-boxed e-con e-parent\" data-id=\"86dcf37\" data-element_type=\"container\" data-e-type=\"container\">\n\t\t\t\t\t<div class=\"e-con-inner\">\n\t\t<div class=\"elementor-element elementor-element-bdff875 e-con-full e-flex e-con e-child\" data-id=\"bdff875\" data-element_type=\"container\" data-e-type=\"container\">\n\t\t\t\t<div class=\"elementor-element elementor-element-f813c7d elementor-widget elementor-widget-heading\" data-id=\"f813c7d\" data-element_type=\"widget\" data-e-type=\"widget\" data-widget_type=\"heading.default\">\n\t\t\t\t<div class=\"elementor-widget-container\">\n\t\t\t\t\t<h5 class=\"elementor-heading-title elementor-size-default\">Vermessungstechniker:in.<\/h5>\t\t\t\t<\/div>\n\t\t\t\t<\/div>\n\t\t\t\t<div class=\"elementor-element elementor-element-9fd4d7e elementor-widget elementor-widget-text-editor\" data-id=\"9fd4d7e\" data-element_type=\"widget\" data-e-type=\"widget\" data-widget_type=\"text-editor.default\">\n\t\t\t\t<div class=\"elementor-widget-container\">\n\t\t\t\t\t\t\t\t\t<p>Warum dir als Vermessungstechniker:in sicher nicht langweilig wird? Nat\u00fcrlich steht immer auch ein wenig B\u00fcroarbeit an, aber die meiste Zeit deiner T\u00e4tigkeit verbringst du drau\u00dfen, ganz gleich wie das Wetter ist. Zusammen mit deinem Team wirst du auf Baustellen, entlang von Verkehrswegen oder auf Privatgrund vermessen, um dort millimetergenaue Daten zu gewinnen. Dabei ist es wichtig, offen auf andere zuzugehen, denn du triffst h\u00e4ufig auf Amtspersonen, Eigent\u00fcmer:innen und zahlreiche weitere Ansprechpersonen.<br \/>Stell dir vor, du bist als Vermessungstechniker:in Regisseur:in einer spektakul\u00e4ren Geodaten-Inszenierung. Mit Karten, GPS-Ger\u00e4ten und modernstem Equipment sp\u00fcrst du Standorte, Formen und Strukturen von Gel\u00e4nden auf, um diese in kartographischen Darstellungen festzuhalten. Hast du Lust, die Welt tatkr\u00e4ftig zu vermessen?<\/p>\t\t\t\t\t\t\t\t<\/div>\n\t\t\t\t<\/div>\n\t\t<div class=\"elementor-element elementor-element-bfbb0c7 e-con-full e-flex e-con e-child\" data-id=\"bfbb0c7\" data-element_type=\"container\" data-e-type=\"container\">\n\t\t\t\t<div class=\"elementor-element elementor-element-c248629 elementor-widget elementor-widget-text-editor\" data-id=\"c248629\" data-element_type=\"widget\" data-e-type=\"widget\" data-widget_type=\"text-editor.default\">\n\t\t\t\t<div class=\"elementor-widget-container\">\n\t\t\t\t\t\t\t\t\t<iframe title=\"YouTube video player\" src=\"https:\/\/www.youtube.com\/embed\/X5gZZmWpBSI?si=OlOgGMG5XMmwNagn\" width=\"560\" height=\"315\" frameborder=\"0\" allowfullscreen=\"allowfullscreen\"><span data-mce-type=\"bookmark\" style=\"display: inline-block; width: 0px; overflow: hidden; line-height: 0;\" class=\"mce_SELRES_start\">\ufeff<\/span><span data-mce-type=\"bookmark\" style=\"display: inline-block; width: 0px; overflow: hidden; line-height: 0;\" class=\"mce_SELRES_start\">\ufeff<\/span><span data-mce-type=\"bookmark\" style=\"display: inline-block; width: 0px; overflow: hidden; line-height: 0;\" class=\"mce_SELRES_start\">\ufeff<\/span><\/iframe>\t\t\t\t\t\t\t\t<\/div>\n\t\t\t\t<\/div>\n\t\t\t\t<\/div>\n\t\t\t\t<\/div>\n\t\t\t\t\t<\/div>\n\t\t\t\t<\/div>\n\t\t<div class=\"elementor-element elementor-element-b6423aa e-flex e-con-boxed e-con e-parent\" data-id=\"b6423aa\" data-element_type=\"container\" data-e-type=\"container\">\n\t\t\t\t\t<div class=\"e-con-inner\">\n\t\t<div class=\"elementor-element elementor-element-a519a4f e-con-full e-flex e-con e-child\" data-id=\"a519a4f\" data-element_type=\"container\" data-e-type=\"container\">\n\t\t\t\t<div class=\"elementor-element elementor-element-a21010e elementor-widget elementor-widget-heading\" data-id=\"a21010e\" data-element_type=\"widget\" data-e-type=\"widget\" data-widget_type=\"heading.default\">\n\t\t\t\t<div class=\"elementor-widget-container\">\n\t\t\t\t\t<h2 class=\"elementor-heading-title elementor-size-default\">Wie kannst du dich bewerben?<\/h2>\t\t\t\t<\/div>\n\t\t\t\t<\/div>\n\t\t\t\t<\/div>\n\t\t\t\t\t<\/div>\n\t\t\t\t<\/div>\n\t\t<div class=\"elementor-element elementor-element-f2799ff e-flex e-con-boxed e-con e-parent\" data-id=\"f2799ff\" data-element_type=\"container\" data-e-type=\"container\">\n\t\t\t\t\t<div class=\"e-con-inner\">\n\t\t<div class=\"elementor-element elementor-element-169e29e e-con-full e-flex e-con e-child\" data-id=\"169e29e\" data-element_type=\"container\" data-e-type=\"container\">\n\t\t\t\t<div class=\"elementor-element elementor-element-3be316b elementor-widget elementor-widget-heading\" data-id=\"3be316b\" data-element_type=\"widget\" data-e-type=\"widget\" data-widget_type=\"heading.default\">\n\t\t\t\t<div class=\"elementor-widget-container\">\n\t\t\t\t\t<h5 class=\"elementor-heading-title elementor-size-default\">Bewerbungszeitraum und was du wissen musst.<\/h5>\t\t\t\t<\/div>\n\t\t\t\t<\/div>\n\t\t\t\t<div class=\"elementor-element elementor-element-24749dd elementor-widget elementor-widget-text-editor\" data-id=\"24749dd\" data-element_type=\"widget\" data-e-type=\"widget\" data-widget_type=\"text-editor.default\">\n\t\t\t\t<div class=\"elementor-widget-container\">\n\t\t\t\t\t\t\t\t\t<p>Falls du in Sachsen nach Ausbildungsangeboten suchst, findest du zahlreiche Optionen: Erkundige dich bei Katasterbeh\u00f6rden <span class=\"TextRun SCXW185234194 BCX8\" lang=\"DE-DE\" xml:lang=\"DE-DE\" data-contrast=\"none\"><span class=\"NormalTextRun SCXW185234194 BCX8\">in den Landkreisen und kreisfreien St\u00e4dten<\/span><\/span>, bei \u00f6ffentlich bestellten Vermessungsingenieur:innen oder in privatwirtschaftlichen Vermessungsb\u00fcros. Auch Bau- und Versorgungsunternehmen kommen infrage. Und um all diese M\u00f6glichkeiten \u00fcbersichtlich darzustellen, steht dir unsere interaktive Karte zur Verf\u00fcgung \u2013 sie f\u00fchrt dich zu s\u00e4mtlichen Ausbildungsstandorten und Berufsschulen.<\/p><p><span class=\"TextRun SCXW83263762 BCX8\" lang=\"DE-DE\" xml:lang=\"DE-DE\" data-contrast=\"auto\"><span class=\"NormalTextRun SCXW83263762 BCX8\">Es lohnt sich, schon ein Jahr vor dem Start deiner Ausbildung nach Stellen zu suchen \u2013 aber auch sp\u00e4ter werden noch Stellen ausgeschrieben. Das ist immer auch vom jeweiligen Ausbildungsbetrieb abh\u00e4ngig<\/span><\/span><span class=\"EOP SCXW83263762 BCX8\" data-ccp-props=\"{}\">.<\/span><\/p>\t\t\t\t\t\t\t\t<\/div>\n\t\t\t\t<\/div>\n\t\t\t\t<div class=\"elementor-element elementor-element-df54e55 elementor-widget elementor-widget-heading\" data-id=\"df54e55\" data-element_type=\"widget\" data-e-type=\"widget\" data-widget_type=\"heading.default\">\n\t\t\t\t<div class=\"elementor-widget-container\">\n\t\t\t\t\t<h5 class=\"elementor-heading-title elementor-size-default\">Das solltest du f\u00fcr deine Bewerbung vorbereiten:<\/h5>\t\t\t\t<\/div>\n\t\t\t\t<\/div>\n\t\t\t\t<div class=\"elementor-element elementor-element-6ce55aa elementor-widget elementor-widget-text-editor\" data-id=\"6ce55aa\" data-element_type=\"widget\" data-e-type=\"widget\" data-widget_type=\"text-editor.default\">\n\t\t\t\t<div class=\"elementor-widget-container\">\n\t\t\t\t\t\t\t\t\t<ul><li><strong>Ein \u00fcberzeugendes Anschreiben<\/strong>, in dem du uns zeigst, warum genau dieser Ausbildungsberuf perfekt f\u00fcr dich ist.<\/li><li><strong>Einen tabellarischen Lebenslauf<\/strong>, der uns einen guten \u00dcberblick \u00fcber dich gibt.<\/li><li><strong>Dein Schulabschlusszeugnis<\/strong> oder das letzte Halbjahreszeugnis.<\/li><li><strong>Nachweise<\/strong> \u00fcber Jobs, Praktika oder andere Qualifikationen, wenn vorhanden.<\/li><\/ul><p>\u00a0<\/p>\t\t\t\t\t\t\t\t<\/div>\n\t\t\t\t<\/div>\n\t\t\t\t<\/div>\n\t\t\t\t\t<\/div>\n\t\t\t\t<\/div>\n\t\t<div class=\"elementor-element elementor-element-a4c8093 e-flex e-con-boxed e-con e-parent\" data-id=\"a4c8093\" data-element_type=\"container\" data-e-type=\"container\">\n\t\t\t\t\t<div class=\"e-con-inner\">\n\t\t<div class=\"elementor-element elementor-element-1437610 e-con-full e-flex e-con e-child\" data-id=\"1437610\" data-element_type=\"container\" data-e-type=\"container\">\n\t\t\t\t<div class=\"elementor-element elementor-element-0fcedf9 elementor-widget elementor-widget-shortcode\" data-id=\"0fcedf9\" data-element_type=\"widget\" data-e-type=\"widget\" data-widget_type=\"shortcode.default\">\n\t\t\t\t<div class=\"elementor-widget-container\">\n\t\t\t\t\t\t\t<div class=\"elementor-shortcode\">\t\t<div id=\"maps-marker-pro-3cd0e328\" class=\"maps-marker-pro mmp-list-right\" style=\"width: 100%;\">\n\t\t\t<div id=\"mmp-map-wrap-3cd0e328\" class=\"mmp-map-wrap\">\n\t\t\t\t\t\t\t\t\t<div id=\"mmp-panel-3cd0e328\" class=\"mmp-panel\"><\/div>\n\t\t\t\t\t\t\t\t<div id=\"mmp-map-3cd0e328\" class=\"mmp-map\" style=\"height: 600px;\"><\/div>\n\t\t\t\t\t\t\t<\/div>\n\t\t\t\t\t\t\t<div id=\"mmp-list-3cd0e328\" class=\"mmp-list\" style=\"flex-basis: 400px;\"><\/div>\n\t\t\t\t\t<\/div>\n\t\t<\/div>\n\t\t\t\t\t\t<\/div>\n\t\t\t\t<\/div>\n\t\t\t\t<\/div>\n\t\t\t\t\t<\/div>\n\t\t\t\t<\/div>\n\t\t\t\t<\/div>\n\t\t","protected":false},"excerpt":{"rendered":"<p>Ausbildung. Die Lehre zur Geod\u00e4tin oder zum Geod\u00e4ten umfasst \u00fcblicherweise drei Jahre &#8211; das Spannende daran: Dir stehen zwei interessante Fachrichtungen offen. Du kannst entweder als Geomatiker:in durchstarten oder die Laufbahn als Vermessungstechniker:in einschlagen.Im ersten Lehrjahr erhalten alle Auszubildenden denselben \u00dcberblick \u00fcber geod\u00e4tische Grundlagen. Ab dem zweiten Ausbildungsjahr gehen eure Pfade auseinander, und jede Spezialisierung [&hellip;]<\/p>\n","protected":false},"author":4,"featured_media":0,"parent":0,"menu_order":19,"comment_status":"closed","ping_status":"closed","template":"","meta":{"_seopress_robots_primary_cat":"","_seopress_titles_title":"","_seopress_titles_desc":"","_seopress_robots_index":"","footnotes":""},"class_list":["post-933","page","type-page","status-publish","hentry"],"_links":{"self":[{"href":"https:\/\/www.geodaesie-sachsen.de\/index.php?rest_route=\/wp\/v2\/pages\/933","targetHints":{"allow":["GET"]}}],"collection":[{"href":"https:\/\/www.geodaesie-sachsen.de\/index.php?rest_route=\/wp\/v2\/pages"}],"about":[{"href":"https:\/\/www.geodaesie-sachsen.de\/index.php?rest_route=\/wp\/v2\/types\/page"}],"author":[{"embeddable":true,"href":"https:\/\/www.geodaesie-sachsen.de\/index.php?rest_route=\/wp\/v2\/users\/4"}],"replies":[{"embeddable":true,"href":"https:\/\/www.geodaesie-sachsen.de\/index.php?rest_route=%2Fwp%2Fv2%2Fcomments&post=933"}],"version-history":[{"count":85,"href":"https:\/\/www.geodaesie-sachsen.de\/index.php?rest_route=\/wp\/v2\/pages\/933\/revisions"}],"predecessor-version":[{"id":10230,"href":"https:\/\/www.geodaesie-sachsen.de\/index.php?rest_route=\/wp\/v2\/pages\/933\/revisions\/10230"}],"wp:attachment":[{"href":"https:\/\/www.geodaesie-sachsen.de\/index.php?rest_route=%2Fwp%2Fv2%2Fmedia&parent=933"}],"curies":[{"name":"wp","href":"https:\/\/api.w.org\/{rel}","templated":true}]}}