{"id":941,"date":"2023-05-23T10:41:46","date_gmt":"2023-05-23T08:41:46","guid":{"rendered":"https:\/\/www.geodaesie-sachsen.de\/?page_id=941"},"modified":"2026-03-03T12:57:07","modified_gmt":"2026-03-03T11:57:07","slug":"studium","status":"publish","type":"page","link":"https:\/\/www.geodaesie-sachsen.de\/?page_id=941","title":{"rendered":"Studium"},"content":{"rendered":"\t\t<div data-elementor-type=\"wp-page\" data-elementor-id=\"941\" class=\"elementor elementor-941\" data-elementor-post-type=\"page\">\n\t\t\t\t<div class=\"elementor-element elementor-element-553ec54 e-flex e-con-boxed e-con e-parent\" data-id=\"553ec54\" data-element_type=\"container\" data-e-type=\"container\">\n\t\t\t\t\t<div class=\"e-con-inner\">\n\t\t<div class=\"elementor-element elementor-element-d921baf e-con-full e-flex e-con e-child\" data-id=\"d921baf\" data-element_type=\"container\" data-e-type=\"container\">\n\t\t\t\t<div class=\"elementor-element elementor-element-9f7b551 elementor-widget elementor-widget-heading\" data-id=\"9f7b551\" data-element_type=\"widget\" data-e-type=\"widget\" data-widget_type=\"heading.default\">\n\t\t\t\t<div class=\"elementor-widget-container\">\n\t\t\t\t\t<h1 class=\"elementor-heading-title elementor-size-default\">Studium.<\/h1>\t\t\t\t<\/div>\n\t\t\t\t<\/div>\n\t\t\t\t<\/div>\n\t\t\t\t\t<\/div>\n\t\t\t\t<\/div>\n\t\t<div class=\"elementor-element elementor-element-04b8bc1 e-flex e-con-boxed e-con e-parent\" data-id=\"04b8bc1\" data-element_type=\"container\" data-e-type=\"container\">\n\t\t\t\t\t<div class=\"e-con-inner\">\n\t\t<div class=\"elementor-element elementor-element-ac02da9 e-con-full e-flex e-con e-child\" data-id=\"ac02da9\" data-element_type=\"container\" data-e-type=\"container\">\n\t\t\t\t<div class=\"elementor-element elementor-element-941b259 elementor-widget elementor-widget-text-editor\" data-id=\"941b259\" data-element_type=\"widget\" data-e-type=\"widget\" data-widget_type=\"text-editor.default\">\n\t\t\t\t<div class=\"elementor-widget-container\">\n\t\t\t\t\t\t\t\t\t<p>Hallo Entdecker:in im Reich der Koordinaten und Karten, du befindest dich vor einer wegweisenden Wahl: Mit einem Studium in Geod\u00e4sie \u00f6ffnet sich dir ein Tor zu einer Sph\u00e4re, in der das Messen, Erforschen und Umformen unseres Planeten im Zentrum steht. Von modernster Datenauswertung bis hin zu spannenden Au\u00dfeneins\u00e4tzen: Hier dreht sich alles um die faszinierende Vermessungswissenschaft. Bereit, durch geod\u00e4tische Perspektiven die Erde neu zu betrachten und unsere Umwelt aktiv mitzugestalten?<\/p><p>Falls du deine Begeisterung f\u00fcr Mathematik, Geografie und Informatik beruflich nutzen m\u00f6chtest, um entweder Sicherheit im \u00f6ffentlichen Dienst zu genie\u00dfen oder unter reizvollen Optionen in der Privatwirtschaft w\u00e4hlen zu k\u00f6nnen, k\u00f6nnte dieses Studium ideal f\u00fcr dich sein. Je nach Hochschule oder Uni gibt es unterschiedliche thematische Vertiefungen.<\/p>\t\t\t\t\t\t\t\t<\/div>\n\t\t\t\t<\/div>\n\t\t\t\t<\/div>\n\t\t\t\t\t<\/div>\n\t\t\t\t<\/div>\n\t\t<div class=\"elementor-element elementor-element-7e18b6b e-flex e-con-boxed e-con e-parent\" data-id=\"7e18b6b\" data-element_type=\"container\" data-e-type=\"container\">\n\t\t\t\t\t<div class=\"e-con-inner\">\n\t\t<div class=\"elementor-element elementor-element-427315f e-con-full e-flex e-con e-child\" data-id=\"427315f\" data-element_type=\"container\" data-e-type=\"container\">\n\t\t\t\t<div class=\"elementor-element elementor-element-4b924ee elementor-widget elementor-widget-heading\" data-id=\"4b924ee\" data-element_type=\"widget\" data-e-type=\"widget\" data-widget_type=\"heading.default\">\n\t\t\t\t<div class=\"elementor-widget-container\">\n\t\t\t\t\t<h2 class=\"elementor-heading-title elementor-size-default\">Fachrichtungen.<\/h2>\t\t\t\t<\/div>\n\t\t\t\t<\/div>\n\t\t\t\t<\/div>\n\t\t\t\t\t<\/div>\n\t\t\t\t<\/div>\n\t\t<div class=\"elementor-element elementor-element-9bc5dda e-flex e-con-boxed e-con e-parent\" data-id=\"9bc5dda\" data-element_type=\"container\" data-e-type=\"container\">\n\t\t\t\t\t<div class=\"e-con-inner\">\n\t\t<div class=\"elementor-element elementor-element-fd7f8b4 e-con-full e-flex e-con e-child\" data-id=\"fd7f8b4\" data-element_type=\"container\" data-e-type=\"container\">\n\t\t\t\t<div class=\"elementor-element elementor-element-f247e8b elementor-widget elementor-widget-text-editor\" data-id=\"f247e8b\" data-element_type=\"widget\" data-e-type=\"widget\" data-widget_type=\"text-editor.default\">\n\t\t\t\t<div class=\"elementor-widget-container\">\n\t\t\t\t\t\t\t\t\t<p>In den Bereichen Geod\u00e4sie und Vermessungswesen werden grundlegende fachliche Methoden und Kompetenzen in vielf\u00e4ltigen Bereich wie Messverfahren, Satellitentechnologie, Fernerkundung, Ingenieurvermessung, Raumplanung, Stadt- und Landentwicklung vermittelt.<\/p><p>Wenn du die Kombination aus Geodatenerfassung und Informatik n\u00e4her kennenlernen m\u00f6chtest, dann ist ein Studiengang im Bereich Geoinformation und Geoinformatik das richtige f\u00fcr dich.<\/p><p>M\u00f6chtest Du die Menschen auf oder in der Tiefe der Erde beim sicheren Abbau wertvoller Ressourcen f\u00fcr die Rohstoff- und Energieversorgung unterst\u00fctzen, dann bist Du im Markscheidewesen genau richtig.<\/p>\t\t\t\t\t\t\t\t<\/div>\n\t\t\t\t<\/div>\n\t\t\t\t<\/div>\n\t\t\t\t\t<\/div>\n\t\t\t\t<\/div>\n\t\t<div class=\"elementor-element elementor-element-3c1672b e-flex e-con-boxed e-con e-parent\" data-id=\"3c1672b\" data-element_type=\"container\" data-e-type=\"container\">\n\t\t\t\t\t<div class=\"e-con-inner\">\n\t\t<div class=\"elementor-element elementor-element-e710f9f e-con-full e-flex e-con e-child\" data-id=\"e710f9f\" data-element_type=\"container\" data-e-type=\"container\">\n\t\t\t\t<div class=\"elementor-element elementor-element-c125bc3 elementor-widget elementor-widget-heading\" data-id=\"c125bc3\" data-element_type=\"widget\" data-e-type=\"widget\" data-widget_type=\"heading.default\">\n\t\t\t\t<div class=\"elementor-widget-container\">\n\t\t\t\t\t<h2 class=\"elementor-heading-title elementor-size-default\">Studienform<\/h2>\t\t\t\t<\/div>\n\t\t\t\t<\/div>\n\t\t\t\t<\/div>\n\t\t\t\t\t<\/div>\n\t\t\t\t<\/div>\n\t\t<div class=\"elementor-element elementor-element-c9892bf e-flex e-con-boxed e-con e-parent\" data-id=\"c9892bf\" data-element_type=\"container\" data-e-type=\"container\">\n\t\t\t\t\t<div class=\"e-con-inner\">\n\t\t<div class=\"elementor-element elementor-element-a87decc e-con-full e-flex e-con e-child\" data-id=\"a87decc\" data-element_type=\"container\" data-e-type=\"container\">\n\t\t\t\t<div class=\"elementor-element elementor-element-8e17e3d elementor-widget elementor-widget-text-editor\" data-id=\"8e17e3d\" data-element_type=\"widget\" data-e-type=\"widget\" data-widget_type=\"text-editor.default\">\n\t\t\t\t<div class=\"elementor-widget-container\">\n\t\t\t\t\t\t\t\t\t<p>Neben der Fachrichtung kannst du dich zwischen einem Bachelorstudium mit optionalem Masterstudium oder einem Diplomstudium entscheiden. Zus\u00e4tzlich gibt es noch die Wahl zwi-schen einem Direktstudium vor Ort oder einem Fernstudium. Hast du einen Praxispartner an der Hand besteht auch die M\u00f6glichkeit ein Duales Studium zu absolvieren.<\/p>\t\t\t\t\t\t\t\t<\/div>\n\t\t\t\t<\/div>\n\t\t\t\t<\/div>\n\t\t\t\t\t<\/div>\n\t\t\t\t<\/div>\n\t\t<div class=\"elementor-element elementor-element-14611c7 e-flex e-con-boxed e-con e-parent\" data-id=\"14611c7\" data-element_type=\"container\" data-e-type=\"container\">\n\t\t\t\t\t<div class=\"e-con-inner\">\n\t\t<div class=\"elementor-element elementor-element-656fceb e-con-full e-flex e-con e-child\" data-id=\"656fceb\" data-element_type=\"container\" data-e-type=\"container\">\n\t\t\t\t<div class=\"elementor-element elementor-element-1814e6a elementor-widget elementor-widget-heading\" data-id=\"1814e6a\" data-element_type=\"widget\" data-e-type=\"widget\" data-widget_type=\"heading.default\">\n\t\t\t\t<div class=\"elementor-widget-container\">\n\t\t\t\t\t<h2 class=\"elementor-heading-title elementor-size-default\">Hochschul- und Universit\u00e4ts&shy;standorte.<\/h2>\t\t\t\t<\/div>\n\t\t\t\t<\/div>\n\t\t\t\t<\/div>\n\t\t\t\t\t<\/div>\n\t\t\t\t<\/div>\n\t\t<div class=\"elementor-element elementor-element-dc31e92 e-flex e-con-boxed e-con e-parent\" data-id=\"dc31e92\" data-element_type=\"container\" data-e-type=\"container\">\n\t\t\t\t\t<div class=\"e-con-inner\">\n\t\t<div class=\"elementor-element elementor-element-90fb4f3 e-con-full e-flex e-con e-child\" data-id=\"90fb4f3\" data-element_type=\"container\" data-e-type=\"container\">\n\t\t\t\t<div class=\"elementor-element elementor-element-4193351 elementor-widget elementor-widget-text-editor\" data-id=\"4193351\" data-element_type=\"widget\" data-e-type=\"widget\" data-widget_type=\"text-editor.default\">\n\t\t\t\t<div class=\"elementor-widget-container\">\n\t\t\t\t\t\t\t\t\t<p>Wenn du dich f\u00fcr ein Studium entscheidest, gilt es zwei Punkte zu bedenken: Erstens die Studieng\u00e4nge sind oftmals \u00fcberschaubar und famili\u00e4r. So lernst du rasch alle kennen. Das erleichtert pers\u00f6nliche Kontakte! Zweitens neben den theoretischen Inhalten wirst du auch drau\u00dfen unterwegs sein, um diverse Vermessungsaufgaben praktisch anzuwenden. Das gestaltet den Studienalltag abwechslungsreich!<\/p><p>Hier haben wir f\u00fcr dich eine \u00dcbersicht aller Studienangebote in Sachsen. Um n\u00e4here Details zu erhalten, besuche am besten die jeweiligen Universit\u00e4ts- und Hochschulwebseiten.<\/p><p><strong><span style=\"color: #67509c;\">Technische Universit\u00e4t Dresden<br \/><\/span><\/strong><\/p><p>Geod\u00e4sie und Geoinformation (Bachelor of Science)<br \/>Beginn: Wintersemester<br \/>Dauer: 6 Semester<br \/><a href=\"https:\/\/tu-dresden.de\/bu\/umwelt\/geo\/studium\/studienangebot\/bsc-geodaesie-und-geoinformation\/fuer-studieninteressierte\" target=\"_blank\" rel=\"noopener\">Weitere Informationen<\/a><\/p><p>Geod\u00e4sie (Master of Science)<br \/>Beginn: Winter- oder Sommersemester<br \/>Dauer: 4 Semester<br \/><a href=\"https:\/\/tu-dresden.de\/bu\/umwelt\/geo\/studium\/studienangebot\/msc-geodaesie\/fuer-studieninteressierte\" target=\"_blank\" rel=\"noopener\">Weitere Informationen<\/a><\/p><p>Geoinformationstechnologien (Master of Science)<br \/>Beginn: Winter- oder Sommersemester<br \/>Dauer: 4 Semester<br \/><a href=\"https:\/\/tu-dresden.de\/bu\/umwelt\/geo\/studium\/studienangebot\/msc-geoinformationstechnologien\/fuer-studieninteressierte\" target=\"_blank\" rel=\"noopener\">Weitere Informationen<\/a><\/p><p><strong><span style=\"color: #67509c;\">Hochschule f\u00fcr Technik und Wirtschaft Dresden<br \/><\/span><\/strong><\/p><p>Geomatik \u2013 Vermessung \/ Kartografie \/ Geoinformatik (Bachelor of Engineering)<br \/>Beginn: Wintersemester<br \/>Dauer: 7 Semester<br \/><a href=\"https:\/\/www.htw-dresden.de\/studium\/vor-dem-studium\/studienangebot\/bachelor-geomatik\" target=\"_blank\" rel=\"noopener\">Weitere Informationen<\/a><\/p><p>Geoinformatik\/Management (Master of Engineering)<br \/>Beginn: Sommersemester oder Wintersemester<br \/>Dauer: 3 oder 4 Semester<br \/><a href=\"https:\/\/www.htw-dresden.de\/hochschule\/fakultaeten\/geoinformation\/studium\/masterstudium\" target=\"_blank\" rel=\"noopener\">Weitere Informationen<\/a><\/p><p>Fernstudium Vermessung und Geoinformatik \u2013 Bachelor of Engineering (B. Eng.) <br \/>Beginn: Wintersemester<br \/>Dauer: 9 Semester<br \/><a href=\"https:\/\/www.htw-dresden.de\/studium\/vor-dem-studium\/studienangebot\/diplom-vermessungswesen-im-fernstudium\" target=\"_blank\" rel=\"noopener\">Weitere Informationen<\/a><\/p><p>Geomatik: Vermessung\/Kartographie\/Geoinformatik (Duales Studium)\u00a0<br \/><a href=\"https:\/\/www.htw-dresden.de\/hochschule\/fakultaeten\/geoinformation\/studium\/duales-studium\" target=\"_blank\" rel=\"noopener\">Weitere Informationen<\/a><\/p><p><strong><span style=\"color: #67509c;\">Technische Universit\u00e4t Bergakademie Freiberg<\/span><\/strong><\/p><p>Geomonitoring und Markscheidewesen: <br \/>eine Studienrichtung im Geoingenieurwesen (Dipl.-Ing.)<br \/>Beginn: Winter- oder Sommersemester<br \/>Dauer: 10 Semester<br \/><a href=\"https:\/\/tu-freiberg.de\/diplom-geoingenieurwesen\" target=\"_blank\" rel=\"noopener\">Weitere Informationen<\/a><\/p><p>Auf unserer interaktiven Karte entdeckst du alle Universit\u00e4ten und Hochschulen in Sachsen, an denen Geod\u00e4sie oder Geoinformatik als Studienfach verf\u00fcgbar ist.<\/p>\t\t\t\t\t\t\t\t<\/div>\n\t\t\t\t<\/div>\n\t\t\t\t<\/div>\n\t\t\t\t\t<\/div>\n\t\t\t\t<\/div>\n\t\t<div class=\"elementor-element elementor-element-66e2494 e-flex e-con-boxed e-con e-parent\" data-id=\"66e2494\" data-element_type=\"container\" data-e-type=\"container\">\n\t\t\t\t\t<div class=\"e-con-inner\">\n\t\t<div class=\"elementor-element elementor-element-db24d74 e-con-full e-flex e-con e-child\" data-id=\"db24d74\" data-element_type=\"container\" data-e-type=\"container\">\n\t\t\t\t<div class=\"elementor-element elementor-element-0a07b49 elementor-widget elementor-widget-shortcode\" data-id=\"0a07b49\" data-element_type=\"widget\" data-e-type=\"widget\" data-widget_type=\"shortcode.default\">\n\t\t\t\t<div class=\"elementor-widget-container\">\n\t\t\t\t\t\t\t<div class=\"elementor-shortcode\">\t\t<div id=\"maps-marker-pro-b05f8a30\" class=\"maps-marker-pro mmp-list-right\" style=\"width: 100%;\">\n\t\t\t<div id=\"mmp-map-wrap-b05f8a30\" class=\"mmp-map-wrap\">\n\t\t\t\t\t\t\t\t\t<div id=\"mmp-panel-b05f8a30\" class=\"mmp-panel\"><\/div>\n\t\t\t\t\t\t\t\t<div id=\"mmp-map-b05f8a30\" class=\"mmp-map\" style=\"height: 600px;\"><\/div>\n\t\t\t\t\t\t\t<\/div>\n\t\t\t\t\t\t\t<div id=\"mmp-list-b05f8a30\" class=\"mmp-list\" style=\"flex-basis: 400px;\"><\/div>\n\t\t\t\t\t<\/div>\n\t\t\n<\/div>\n\t\t\t\t\t\t<\/div>\n\t\t\t\t<\/div>\n\t\t\t\t<\/div>\n\t\t\t\t\t<\/div>\n\t\t\t\t<\/div>\n\t\t\t\t<\/div>\n\t\t","protected":false},"excerpt":{"rendered":"<p>Studium. Hallo Entdecker:in im Reich der Koordinaten und Karten, du befindest dich vor einer wegweisenden Wahl: Mit einem Studium in Geod\u00e4sie \u00f6ffnet sich dir ein Tor zu einer Sph\u00e4re, in der das Messen, Erforschen und Umformen unseres Planeten im Zentrum steht. Von modernster Datenauswertung bis hin zu spannenden Au\u00dfeneins\u00e4tzen: Hier dreht sich alles um die [&hellip;]<\/p>\n","protected":false},"author":4,"featured_media":0,"parent":0,"menu_order":20,"comment_status":"closed","ping_status":"closed","template":"","meta":{"_seopress_robots_primary_cat":"","_seopress_titles_title":"","_seopress_titles_desc":"","_seopress_robots_index":"","footnotes":""},"class_list":["post-941","page","type-page","status-publish","hentry"],"_links":{"self":[{"href":"https:\/\/www.geodaesie-sachsen.de\/index.php?rest_route=\/wp\/v2\/pages\/941","targetHints":{"allow":["GET"]}}],"collection":[{"href":"https:\/\/www.geodaesie-sachsen.de\/index.php?rest_route=\/wp\/v2\/pages"}],"about":[{"href":"https:\/\/www.geodaesie-sachsen.de\/index.php?rest_route=\/wp\/v2\/types\/page"}],"author":[{"embeddable":true,"href":"https:\/\/www.geodaesie-sachsen.de\/index.php?rest_route=\/wp\/v2\/users\/4"}],"replies":[{"embeddable":true,"href":"https:\/\/www.geodaesie-sachsen.de\/index.php?rest_route=%2Fwp%2Fv2%2Fcomments&post=941"}],"version-history":[{"count":49,"href":"https:\/\/www.geodaesie-sachsen.de\/index.php?rest_route=\/wp\/v2\/pages\/941\/revisions"}],"predecessor-version":[{"id":11991,"href":"https:\/\/www.geodaesie-sachsen.de\/index.php?rest_route=\/wp\/v2\/pages\/941\/revisions\/11991"}],"wp:attachment":[{"href":"https:\/\/www.geodaesie-sachsen.de\/index.php?rest_route=%2Fwp%2Fv2%2Fmedia&parent=941"}],"curies":[{"name":"wp","href":"https:\/\/api.w.org\/{rel}","templated":true}]}}